{"id":2702,"date":"2022-05-18T23:16:01","date_gmt":"2022-05-18T21:16:01","guid":{"rendered":"https:\/\/megabelzyce.pl\/realizacje-2\/"},"modified":"2023-10-13T13:36:25","modified_gmt":"2023-10-13T11:36:25","slug":"our-projects","status":"publish","type":"page","link":"https:\/\/megabelzyce.pl\/en\/our-projects\/","title":{"rendered":"PROJECTS"},"content":{"rendered":"<div class=\"wpb-content-wrapper\">[vc_row fullwidth=&#8221;true&#8221;][vc_column][mk_padding_divider size=&#8221;55&#8243;][vc_row_inner is_fullwidth_content=&#8221;false&#8221;][vc_column_inner][mk_fancy_title color=&#8221;#000000&#8243; size=&#8221;36&#8243; force_font_size=&#8221;true&#8221; size_smallscreen=&#8221;36&#8243; size_tablet=&#8221;32&#8243; size_phone=&#8221;28&#8243; font_weight=&#8221;bold&#8221; margin_top=&#8221;10&#8243; margin_bottom=&#8221;10&#8243; font_family=&#8221;none&#8221; align=&#8221;center&#8221;]Our Projects[\/mk_fancy_title][vc_column_text align=&#8221;center&#8221; margin_bottom=&#8221;25&#8243; css=&#8221;.vc_custom_1695118998849{margin-bottom: 0px !important;}&#8221;]\n<p style=\"text-align: center;\">By implementing innovative solutions in the field of machine construction and control systems, we provide our clients with increased efficiency of production lines, while reducing costs due to lower energy consumption. Optimization of processing, combined with the modernization of devices, gives our customers a real possibility to achieve success, even in more and more demanding market conditions.<\/p>\n<h3 style=\"text-align: center;\">See Our Projects<\/h3>\n[\/vc_column_text][mk_padding_divider size=&#8221;25&#8243; visibility=&#8221;hidden-sm&#8221;][mk_blog style=&#8221;grid&#8221; column=&#8221;2&#8243; image_size=&#8221;full&#8221; post_count=&#8221;-1&#8243; transparent_border=&#8221;true&#8221; disable_meta=&#8221;false&#8221; excerpt_length=&#8221;0&#8243; pagination=&#8221;false&#8221; cat=&#8221;11&#8243;][\/vc_column_inner][\/vc_row_inner][mk_padding_divider size=&#8221;45&#8243; visibility=&#8221;hidden-sm&#8221;][\/vc_column][\/vc_row][vc_row fullwidth=&#8221;true&#8221; fullwidth_content=&#8221;false&#8221; parallax=&#8221;content-moving&#8221; parallax_image=&#8221;5891&#8243; parallax_speed_bg=&#8221;1.2&#8243; css=&#8221;.vc_custom_1695119983543{padding-right: 10px !important;padding-left: 10px !important;background-color: #324d3c !important;}&#8221; el_class=&#8221;newsletter-section-wrapper&#8221;][vc_column][mk_padding_divider size=&#8221;105&#8243;][vc_row_inner][vc_column_inner el_class=&#8221;home-newsletter-wrapper&#8221;][mk_fancy_title color=&#8221;#ffffff&#8221; size=&#8221;36&#8243; force_font_size=&#8221;true&#8221; size_smallscreen=&#8221;36&#8243; size_tablet=&#8221;32&#8243; size_phone=&#8221;28&#8243; line_height=&#8221;95&#8243; font_weight=&#8221;500&#8243; margin_bottom=&#8221;5&#8243; font_family=&#8221;none&#8221; responsive_align=&#8221;left&#8221;]Subscribe to Newsletter[\/mk_fancy_title][vc_column_text css=&#8221;.vc_custom_1660746352640{margin-bottom: 0px !important;}&#8221;]<span style=\"color: #ffffff;\">Latest news, new products, our success stories.<\/span><br \/>\n<span style=\"color: #ffffff;\">Sign up for our Newsletter!<\/span>[\/vc_column_text][\/vc_column_inner][\/vc_row_inner][vc_row_inner is_fullwidth_content=&#8221;false&#8221;][vc_column_inner width=&#8221;1\/6&#8243;][\/vc_column_inner][vc_column_inner width=&#8221;2\/3&#8243;][mk_padding_divider size=&#8221;25&#8243;][mk_subscribe gdpr_consent_text=&#8221;I consent to the collection of my data by MEGA through this form.&#8221; el_class=&#8221;newsletter-email-form&#8221; corner_radius=&#8221;50&#8243; space_between=&#8221;10&#8243; subscribe_size=&#8221;medium&#8221; btn_bg_color=&#8221;#2b7732&#8243; btn_text_color=&#8221;#ffffff&#8221; btn_border_color=&#8221;#2b7732&#8243; input_placeholder_color=&#8221;#aaaaaa&#8221; btn_hover_bg_color=&#8221;#2a593a&#8221; btn_hover_text_color=&#8221;#ffffff&#8221; btn_hover_border_color=&#8221;#2a593a&#8221;][mk_padding_divider size=&#8221;95&#8243;][\/vc_column_inner][vc_column_inner width=&#8221;1\/6&#8243;][\/vc_column_inner][\/vc_row_inner][\/vc_column][\/vc_row][mk_page_section vertical_align=&#8221;top&#8221; layout_structure=&#8221;half_right&#8221; bg_image=&#8221;https:\/\/megabelzyce.pl\/wp-content\/uploads\/2023\/09\/about-us-stay-in-touch-image.png&#8221; bg_image_portrait=&#8221;https:\/\/megabelzyce.pl\/wp-content\/uploads\/2022\/05\/kontakt-2-mobile.jpg&#8221; bg_color=&#8221;#e4651e&#8221; js_vertical_centered=&#8221;true&#8221; padding_top=&#8221;25&#8243; padding_bottom=&#8221;25&#8243;][vc_column][mk_padding_divider size=&#8221;115&#8243;][mk_fancy_title color=&#8221;#ffffff&#8221; size=&#8221;36&#8243; force_font_size=&#8221;true&#8221; size_smallscreen=&#8221;36&#8243; size_tablet=&#8221;32&#8243; size_phone=&#8221;28&#8243; font_weight=&#8221;bold&#8221; txt_transform=&#8221;uppercase&#8221; margin_top=&#8221;10&#8243; margin_bottom=&#8221;10&#8243; font_family=&#8221;none&#8221;]Let&#8217;s stay in touch[\/mk_fancy_title][vc_column_text margin_bottom=&#8221;25&#8243; css=&#8221;.vc_custom_1660745985438{margin-bottom: 0px !important;}&#8221;]<span style=\"color: #ffffff;\">Let&#8217;s talk! If you would like to ask a question or get information from one of our experts, please contact us.<br \/>\n<\/span><\/p>\n<p><span style=\"color: #ffffff;\">We will select individual technical parameters and device efficiency, according to your needs!<\/span>[\/vc_column_text][mk_padding_divider size=&#8221;25&#8243;][mk_button dimension=&#8221;outline&#8221; corner_style=&#8221;rounded&#8221; size=&#8221;medium&#8221; url=&#8221;https:\/\/megabelzyce.pl\/en\/contact\/&#8221; margin_top=&#8221;25&#8243; margin_bottom=&#8221;25&#8243; margin_right=&#8221;0&#8243; outline_skin=&#8221;light&#8221;]CONTACT[\/mk_button][mk_padding_divider size=&#8221;115&#8243;][\/vc_column][\/mk_page_section]\n<\/div>","protected":false},"excerpt":{"rendered":"<p>[vc_row fullwidth=&#8221;true&#8221;][vc_column][mk_padding_divider size=&#8221;55&#8243;][vc_row_inner is_fullwidth_content=&#8221;false&#8221;][vc_column_inner][mk_fancy_title color=&#8221;#000000&#8243; size=&#8221;36&#8243; force_font_size=&#8221;true&#8221; size_smallscreen=&#8221;36&#8243; size_tablet=&#8221;32&#8243; size_phone=&#8221;28&#8243; font_weight=&#8221;bold&#8221; margin_top=&#8221;10&#8243; margin_bottom=&#8221;10&#8243; font_family=&#8221;none&#8221; align=&#8221;center&#8221;]Our Projects[\/mk_fancy_title][vc_column_text align=&#8221;center&#8221; margin_bottom=&#8221;25&#8243; css=&#8221;.vc_custom_1695118998849{margin-bottom: 0px !important;}&#8221;] By implementing innovative solutions in the field of machine construction and control systems, we provide our clients with increased efficiency of production lines, while reducing costs due to lower energy consumption. Optimization of processing, [&hellip;]<\/p>\n","protected":false},"author":1,"featured_media":5801,"parent":0,"menu_order":0,"comment_status":"closed","ping_status":"closed","template":"","meta":{"_acf_changed":false,"footnotes":""},"class_list":["post-2702","page","type-page","status-publish","has-post-thumbnail","hentry"],"acf":[],"yoast_head":"<!-- This site is optimized with the Yoast SEO plugin v27.5 - https:\/\/yoast.com\/product\/yoast-seo-wordpress\/ -->\n<title>LEARN ABOUT OUR REALIZATIONS - Mega Be\u0142\u017cyce<\/title>\n<meta name=\"description\" content=\"By implementing innovative solutions in machine design and control, we ensure increased productivity of production lines.\" \/>\n<meta name=\"robots\" content=\"index, follow, max-snippet:-1, max-image-preview:large, max-video-preview:-1\" \/>\n<link rel=\"canonical\" href=\"https:\/\/megabelzyce.pl\/en\/our-projects\/\" \/>\n<meta property=\"og:locale\" content=\"en_US\" \/>\n<meta property=\"og:type\" content=\"article\" \/>\n<meta property=\"og:title\" content=\"LEARN ABOUT OUR REALIZATIONS - Mega Be\u0142\u017cyce\" \/>\n<meta property=\"og:description\" content=\"By implementing innovative solutions in machine design and control, we ensure increased productivity of production lines.\" \/>\n<meta property=\"og:url\" content=\"https:\/\/megabelzyce.pl\/en\/our-projects\/\" \/>\n<meta property=\"og:site_name\" content=\"Mega Be\u0142\u017cyce\" \/>\n<meta property=\"article:publisher\" content=\"https:\/\/www.facebook.com\/MegaBelzyceMaszyny\/?locale=pl_PL\" \/>\n<meta property=\"article:modified_time\" content=\"2023-10-13T11:36:25+00:00\" \/>\n<meta property=\"og:image\" content=\"https:\/\/megabelzyce.pl\/wp-content\/uploads\/2023\/09\/how-we-work.png\" \/>\n\t<meta property=\"og:image:width\" content=\"720\" \/>\n\t<meta property=\"og:image:height\" content=\"577\" \/>\n\t<meta property=\"og:image:type\" content=\"image\/png\" \/>\n<meta name=\"twitter:card\" content=\"summary_large_image\" \/>\n<meta name=\"twitter:label1\" content=\"Est. reading time\" \/>\n\t<meta name=\"twitter:data1\" content=\"2 minutes\" \/>\n<script type=\"application\/ld+json\" class=\"yoast-schema-graph\">{\"@context\":\"https:\\\/\\\/schema.org\",\"@graph\":[{\"@type\":\"WebPage\",\"@id\":\"https:\\\/\\\/megabelzyce.pl\\\/en\\\/our-projects\\\/\",\"url\":\"https:\\\/\\\/megabelzyce.pl\\\/en\\\/our-projects\\\/\",\"name\":\"LEARN ABOUT OUR REALIZATIONS - Mega Be\u0142\u017cyce\",\"isPartOf\":{\"@id\":\"https:\\\/\\\/megabelzyce.pl\\\/#website\"},\"primaryImageOfPage\":{\"@id\":\"https:\\\/\\\/megabelzyce.pl\\\/en\\\/our-projects\\\/#primaryimage\"},\"image\":{\"@id\":\"https:\\\/\\\/megabelzyce.pl\\\/en\\\/our-projects\\\/#primaryimage\"},\"thumbnailUrl\":\"https:\\\/\\\/megabelzyce.pl\\\/wp-content\\\/uploads\\\/2023\\\/09\\\/how-we-work.png\",\"datePublished\":\"2022-05-18T21:16:01+00:00\",\"dateModified\":\"2023-10-13T11:36:25+00:00\",\"description\":\"By implementing innovative solutions in machine design and control, we ensure increased productivity of production lines.\",\"breadcrumb\":{\"@id\":\"https:\\\/\\\/megabelzyce.pl\\\/en\\\/our-projects\\\/#breadcrumb\"},\"inLanguage\":\"en-US\",\"potentialAction\":[{\"@type\":\"ReadAction\",\"target\":[\"https:\\\/\\\/megabelzyce.pl\\\/en\\\/our-projects\\\/\"]}]},{\"@type\":\"ImageObject\",\"inLanguage\":\"en-US\",\"@id\":\"https:\\\/\\\/megabelzyce.pl\\\/en\\\/our-projects\\\/#primaryimage\",\"url\":\"https:\\\/\\\/megabelzyce.pl\\\/wp-content\\\/uploads\\\/2023\\\/09\\\/how-we-work.png\",\"contentUrl\":\"https:\\\/\\\/megabelzyce.pl\\\/wp-content\\\/uploads\\\/2023\\\/09\\\/how-we-work.png\",\"width\":720,\"height\":577},{\"@type\":\"BreadcrumbList\",\"@id\":\"https:\\\/\\\/megabelzyce.pl\\\/en\\\/our-projects\\\/#breadcrumb\",\"itemListElement\":[{\"@type\":\"ListItem\",\"position\":1,\"name\":\"Home\",\"item\":\"https:\\\/\\\/megabelzyce.pl\\\/en\\\/\"},{\"@type\":\"ListItem\",\"position\":2,\"name\":\"PROJECTS\"}]},{\"@type\":\"WebSite\",\"@id\":\"https:\\\/\\\/megabelzyce.pl\\\/#website\",\"url\":\"https:\\\/\\\/megabelzyce.pl\\\/\",\"name\":\"Mega Be\u0142\u017cyce\",\"description\":\"Maszyny dla przemys\u0142u spo\u017cywczego\",\"publisher\":{\"@id\":\"https:\\\/\\\/megabelzyce.pl\\\/#organization\"},\"potentialAction\":[{\"@type\":\"SearchAction\",\"target\":{\"@type\":\"EntryPoint\",\"urlTemplate\":\"https:\\\/\\\/megabelzyce.pl\\\/?s={search_term_string}\"},\"query-input\":{\"@type\":\"PropertyValueSpecification\",\"valueRequired\":true,\"valueName\":\"search_term_string\"}}],\"inLanguage\":\"en-US\"},{\"@type\":\"Organization\",\"@id\":\"https:\\\/\\\/megabelzyce.pl\\\/#organization\",\"name\":\"Mega Be\u0142\u017cyce\",\"url\":\"https:\\\/\\\/megabelzyce.pl\\\/\",\"logo\":{\"@type\":\"ImageObject\",\"inLanguage\":\"en-US\",\"@id\":\"https:\\\/\\\/megabelzyce.pl\\\/#\\\/schema\\\/logo\\\/image\\\/\",\"url\":\"https:\\\/\\\/megabelzyce.pl\\\/wp-content\\\/uploads\\\/2023\\\/10\\\/logo-mega-skos-5.png\",\"contentUrl\":\"https:\\\/\\\/megabelzyce.pl\\\/wp-content\\\/uploads\\\/2023\\\/10\\\/logo-mega-skos-5.png\",\"width\":181,\"height\":98,\"caption\":\"Mega Be\u0142\u017cyce\"},\"image\":{\"@id\":\"https:\\\/\\\/megabelzyce.pl\\\/#\\\/schema\\\/logo\\\/image\\\/\"},\"sameAs\":[\"https:\\\/\\\/www.facebook.com\\\/MegaBelzyceMaszyny\\\/?locale=pl_PL\",\"https:\\\/\\\/www.linkedin.com\\\/company\\\/mega-sp-z-o-o\\\/\"]}]}<\/script>\n<!-- \/ Yoast SEO plugin. -->","yoast_head_json":{"title":"LEARN ABOUT OUR REALIZATIONS - Mega Be\u0142\u017cyce","description":"By implementing innovative solutions in machine design and control, we ensure increased productivity of production lines.","robots":{"index":"index","follow":"follow","max-snippet":"max-snippet:-1","max-image-preview":"max-image-preview:large","max-video-preview":"max-video-preview:-1"},"canonical":"https:\/\/megabelzyce.pl\/en\/our-projects\/","og_locale":"en_US","og_type":"article","og_title":"LEARN ABOUT OUR REALIZATIONS - Mega Be\u0142\u017cyce","og_description":"By implementing innovative solutions in machine design and control, we ensure increased productivity of production lines.","og_url":"https:\/\/megabelzyce.pl\/en\/our-projects\/","og_site_name":"Mega Be\u0142\u017cyce","article_publisher":"https:\/\/www.facebook.com\/MegaBelzyceMaszyny\/?locale=pl_PL","article_modified_time":"2023-10-13T11:36:25+00:00","og_image":[{"width":720,"height":577,"url":"https:\/\/megabelzyce.pl\/wp-content\/uploads\/2023\/09\/how-we-work.png","type":"image\/png"}],"twitter_card":"summary_large_image","twitter_misc":{"Est. reading time":"2 minutes"},"schema":{"@context":"https:\/\/schema.org","@graph":[{"@type":"WebPage","@id":"https:\/\/megabelzyce.pl\/en\/our-projects\/","url":"https:\/\/megabelzyce.pl\/en\/our-projects\/","name":"LEARN ABOUT OUR REALIZATIONS - Mega Be\u0142\u017cyce","isPartOf":{"@id":"https:\/\/megabelzyce.pl\/#website"},"primaryImageOfPage":{"@id":"https:\/\/megabelzyce.pl\/en\/our-projects\/#primaryimage"},"image":{"@id":"https:\/\/megabelzyce.pl\/en\/our-projects\/#primaryimage"},"thumbnailUrl":"https:\/\/megabelzyce.pl\/wp-content\/uploads\/2023\/09\/how-we-work.png","datePublished":"2022-05-18T21:16:01+00:00","dateModified":"2023-10-13T11:36:25+00:00","description":"By implementing innovative solutions in machine design and control, we ensure increased productivity of production lines.","breadcrumb":{"@id":"https:\/\/megabelzyce.pl\/en\/our-projects\/#breadcrumb"},"inLanguage":"en-US","potentialAction":[{"@type":"ReadAction","target":["https:\/\/megabelzyce.pl\/en\/our-projects\/"]}]},{"@type":"ImageObject","inLanguage":"en-US","@id":"https:\/\/megabelzyce.pl\/en\/our-projects\/#primaryimage","url":"https:\/\/megabelzyce.pl\/wp-content\/uploads\/2023\/09\/how-we-work.png","contentUrl":"https:\/\/megabelzyce.pl\/wp-content\/uploads\/2023\/09\/how-we-work.png","width":720,"height":577},{"@type":"BreadcrumbList","@id":"https:\/\/megabelzyce.pl\/en\/our-projects\/#breadcrumb","itemListElement":[{"@type":"ListItem","position":1,"name":"Home","item":"https:\/\/megabelzyce.pl\/en\/"},{"@type":"ListItem","position":2,"name":"PROJECTS"}]},{"@type":"WebSite","@id":"https:\/\/megabelzyce.pl\/#website","url":"https:\/\/megabelzyce.pl\/","name":"Mega Be\u0142\u017cyce","description":"Maszyny dla przemys\u0142u spo\u017cywczego","publisher":{"@id":"https:\/\/megabelzyce.pl\/#organization"},"potentialAction":[{"@type":"SearchAction","target":{"@type":"EntryPoint","urlTemplate":"https:\/\/megabelzyce.pl\/?s={search_term_string}"},"query-input":{"@type":"PropertyValueSpecification","valueRequired":true,"valueName":"search_term_string"}}],"inLanguage":"en-US"},{"@type":"Organization","@id":"https:\/\/megabelzyce.pl\/#organization","name":"Mega Be\u0142\u017cyce","url":"https:\/\/megabelzyce.pl\/","logo":{"@type":"ImageObject","inLanguage":"en-US","@id":"https:\/\/megabelzyce.pl\/#\/schema\/logo\/image\/","url":"https:\/\/megabelzyce.pl\/wp-content\/uploads\/2023\/10\/logo-mega-skos-5.png","contentUrl":"https:\/\/megabelzyce.pl\/wp-content\/uploads\/2023\/10\/logo-mega-skos-5.png","width":181,"height":98,"caption":"Mega Be\u0142\u017cyce"},"image":{"@id":"https:\/\/megabelzyce.pl\/#\/schema\/logo\/image\/"},"sameAs":["https:\/\/www.facebook.com\/MegaBelzyceMaszyny\/?locale=pl_PL","https:\/\/www.linkedin.com\/company\/mega-sp-z-o-o\/"]}]}},"_links":{"self":[{"href":"https:\/\/megabelzyce.pl\/en\/wp-json\/wp\/v2\/pages\/2702","targetHints":{"allow":["GET"]}}],"collection":[{"href":"https:\/\/megabelzyce.pl\/en\/wp-json\/wp\/v2\/pages"}],"about":[{"href":"https:\/\/megabelzyce.pl\/en\/wp-json\/wp\/v2\/types\/page"}],"author":[{"embeddable":true,"href":"https:\/\/megabelzyce.pl\/en\/wp-json\/wp\/v2\/users\/1"}],"replies":[{"embeddable":true,"href":"https:\/\/megabelzyce.pl\/en\/wp-json\/wp\/v2\/comments?post=2702"}],"version-history":[{"count":15,"href":"https:\/\/megabelzyce.pl\/en\/wp-json\/wp\/v2\/pages\/2702\/revisions"}],"predecessor-version":[{"id":6016,"href":"https:\/\/megabelzyce.pl\/en\/wp-json\/wp\/v2\/pages\/2702\/revisions\/6016"}],"wp:featuredmedia":[{"embeddable":true,"href":"https:\/\/megabelzyce.pl\/en\/wp-json\/wp\/v2\/media\/5801"}],"wp:attachment":[{"href":"https:\/\/megabelzyce.pl\/en\/wp-json\/wp\/v2\/media?parent=2702"}],"curies":[{"name":"wp","href":"https:\/\/api.w.org\/{rel}","templated":true}]}}