{"id":2725,"date":"2022-05-18T23:27:02","date_gmt":"2022-05-18T21:27:02","guid":{"rendered":"https:\/\/megabelzyce.pl\/contact\/"},"modified":"2023-10-13T14:51:32","modified_gmt":"2023-10-13T12:51:32","slug":"contact","status":"publish","type":"page","link":"https:\/\/megabelzyce.pl\/en\/contact\/","title":{"rendered":"CONTACT"},"content":{"rendered":"<div class=\"wpb-content-wrapper\">[mk_page_section vertical_align=&#8221;top&#8221; layout_structure=&#8221;half_right&#8221; bg_image=&#8221;https:\/\/megabelzyce.pl\/wp-content\/uploads\/2023\/09\/about-us-stay-in-touch-image.png&#8221; bg_image_portrait=&#8221;https:\/\/megabelzyce.pl\/wp-content\/uploads\/2022\/05\/kontakt-2.jpg&#8221; bg_color=&#8221;#e4651e&#8221; js_vertical_centered=&#8221;true&#8221; padding_top=&#8221;25&#8243; padding_bottom=&#8221;25&#8243; el_class=&#8221;contact-page-first-section-wrapper&#8221;][vc_column][mk_padding_divider size=&#8221;115&#8243;][mk_fancy_title color=&#8221;#ffffff&#8221; size=&#8221;36&#8243; force_font_size=&#8221;true&#8221; size_smallscreen=&#8221;36&#8243; size_tablet=&#8221;32&#8243; size_phone=&#8221;28&#8243; font_weight=&#8221;bold&#8221; txt_transform=&#8221;uppercase&#8221; margin_top=&#8221;10&#8243; margin_bottom=&#8221;10&#8243; font_family=&#8221;none&#8221;]Contact Us[\/mk_fancy_title][vc_column_text margin_bottom=&#8221;25&#8243; css=&#8221;.vc_custom_1652917402795{margin-bottom: 0px !important;}&#8221;]<span style=\"color: #ffffff;\">Please select any form of contact. <\/span><\/p>\n<p><span style=\"color: #ffffff;\">Call us, send us an e-mail or use the contact form.<\/span><\/p>\n[\/vc_column_text][mk_padding_divider size=&#8221;25&#8243;][mk_button dimension=&#8221;outline&#8221; corner_style=&#8221;rounded&#8221; size=&#8221;medium&#8221; icon=&#8221;mk-icon-arrow-down&#8221; url=&#8221;https:\/\/megabelzyce.pl\/en\/contact\/#formularz&#8221; margin_top=&#8221;25&#8243; margin_bottom=&#8221;25&#8243; margin_right=&#8221;0&#8243; outline_skin=&#8221;light&#8221;]GO TO THE FORM[\/mk_button][mk_padding_divider size=&#8221;115&#8243;][\/vc_column][\/mk_page_section][vc_row][vc_column][mk_padding_divider][vc_column_text css=&#8221;.vc_custom_1661265367559{margin-bottom: 0px !important;}&#8221;]\n<h4 style=\"text-align: center;\">Company\u2019s contact data:<\/h4>\n<p style=\"text-align: center;\">MEGA Sp. z o.o.<br \/>\nMachines for the food industry<br \/>\nPrzemys\u0142owa 52<br \/>\n24-200 Be\u0142\u017cyce<br \/>\nPoland<\/p>\n<p style=\"text-align: center;\">Phone: +48 81 516 20 03 Phone: +48 81 516 20 04 Mobile: +48 507 192 441<\/p>\n<p style=\"text-align: center;\">Tax ID no.: 713-30-14-393<br \/>\nREGON: 060432388 KRS no.: 0000318416<\/p>\n[\/vc_column_text][vc_separator color=&#8221;sandy_brown&#8221;][vc_column_text margin_bottom=&#8221;25&#8243; css=&#8221;.vc_custom_1660816776476{margin-bottom: 0px !important;}&#8221;]\n<h4 style=\"text-align: center;\">Customer Service Department<\/h4>\n<p style=\"text-align: center;\">Phone: +48 81 516 20 03-4<br \/>\ne-mail: biuro@megabelzyce.pl<br \/>\nContact in Polish, English, Russian and Ukrainian<\/p>\n[\/vc_column_text][vc_separator color=&#8221;sandy_brown&#8221;][mk_padding_divider][vc_row_inner][vc_column_inner width=&#8221;1\/2&#8243;][vc_column_text align=&#8221;center&#8221; margin_bottom=&#8221;25&#8243; css=&#8221;.vc_custom_1660816822485{margin-bottom: 0px !important;}&#8221;]\n<h4 style=\"text-align: center;\">Export Department<\/h4>\n<p style=\"text-align: center;\">Phone: +48 81 516 20 03 ext. 17<br \/>\ne-mail: export@megabelzyce.pl<br \/>\nContact in Russian, Ukrainian and Polish<\/p>\n<p style=\"text-align: center;\">Phone: + 48 81 516 20 03 ext. 67<br \/>\ne-mail: export@megabelzyce.pl<br \/>\nContact in English and Polish<\/p>\n[\/vc_column_text][\/vc_column_inner][vc_column_inner width=&#8221;1\/2&#8243;][vc_column_text align=&#8221;center&#8221; margin_bottom=&#8221;25&#8243; css=&#8221;.vc_custom_1660816857244{margin-bottom: 0px !important;}&#8221;]\n<h4 style=\"text-align: center;\">Technical Service Department<\/h4>\n<p style=\"text-align: center;\">Phone: +48 81 516 20 03 ext. 37<br \/>\ne-mail: serwis@megabelzyce.pl<br \/>\nMobile: 507 192 440<\/p>\n<h4 style=\"text-align: center;\">Services Department<\/h4>\n<p style=\"text-align: center;\">Phone: + 48 81 516 20 03 ext. 19 or 26<br \/>\ne-mail: us\u0142ugi@megabelzyce.pl<br \/>\nMobile: 502 508 276, 502 508 224<\/p>\n[\/vc_column_text][\/vc_column_inner][\/vc_row_inner][\/vc_column][\/vc_row][vc_row id=&#8221;formularz&#8221; el_class=&#8221;contact-page-cotnact-section-wrapper&#8221;][vc_column][mk_padding_divider size=&#8221;25&#8243;][vc_separator color=&#8221;sandy_brown&#8221;][mk_padding_divider size=&#8221;25&#8243;][vc_column_text align=&#8221;center&#8221; margin_bottom=&#8221;25&#8243; css=&#8221;.vc_custom_1660816886859{margin-bottom: 0px !important;}&#8221;]<strong>Send an inquiry or leave your contact data. We will call you back!<\/strong>[\/vc_column_text][vc_column_text css=&#8221;.vc_custom_1653049566572{margin-bottom: 0px !important;}&#8221;]\n<div class=\"wpcf7 no-js\" id=\"wpcf7-f2724-o1\" lang=\"en-US\" dir=\"ltr\" data-wpcf7-id=\"2724\">\n<div class=\"screen-reader-response\"><p role=\"status\" aria-live=\"polite\" aria-atomic=\"true\"><\/p> <ul><\/ul><\/div>\n<form action=\"\/en\/wp-json\/wp\/v2\/pages\/2725#wpcf7-f2724-o1\" method=\"post\" class=\"wpcf7-form init\" aria-label=\"Contact form\" novalidate=\"novalidate\" data-status=\"init\">\n<fieldset class=\"hidden-fields-container\"><input type=\"hidden\" name=\"_wpcf7\" value=\"2724\" \/><input type=\"hidden\" name=\"_wpcf7_version\" value=\"6.1.5\" \/><input type=\"hidden\" name=\"_wpcf7_locale\" value=\"en_US\" \/><input type=\"hidden\" name=\"_wpcf7_unit_tag\" value=\"wpcf7-f2724-o1\" \/><input type=\"hidden\" name=\"_wpcf7_container_post\" value=\"0\" \/><input type=\"hidden\" name=\"_wpcf7_posted_data_hash\" value=\"\" \/>\n<\/fieldset>\n<div class=\"uacf7-form-wrapper-container uacf7-form-2724  \"><div class=\"uacf7-row\"><div class=\"uacf7-col-12\"> \n<label> Name <span class=\"wpcf7-form-control-wrap\" data-name=\"your-name\"><input size=\"40\" maxlength=\"400\" class=\"wpcf7-form-control wpcf7-text wpcf7-validates-as-required\" aria-required=\"true\" aria-invalid=\"false\" value=\"\" type=\"text\" name=\"your-name\" \/><\/span> <\/label> \n<\/div><\/div>\n\n<div class=\"uacf7-row\"><div class=\"uacf7-col-6\"> \n<label> E-mail\n    <span class=\"wpcf7-form-control-wrap\" data-name=\"your-email\"><input size=\"40\" maxlength=\"400\" class=\"wpcf7-form-control wpcf7-email wpcf7-validates-as-required wpcf7-text wpcf7-validates-as-email\" aria-required=\"true\" aria-invalid=\"false\" value=\"\" type=\"email\" name=\"your-email\" \/><\/span> <\/label> \n<\/div><div class=\"uacf7-col-6\"> \n<label> Phone <span class=\"wpcf7-form-control-wrap\" data-name=\"tel-320\"><input size=\"40\" maxlength=\"400\" class=\"wpcf7-form-control wpcf7-tel wpcf7-text wpcf7-validates-as-tel\" aria-invalid=\"false\" value=\"\" type=\"tel\" name=\"tel-320\" \/><\/span> <\/label> \n<\/div><\/div>\n\n<div class=\"uacf7-row\"><div class=\"uacf7-col-12\"> \n<label> Your Message <span class=\"wpcf7-form-control-wrap\" data-name=\"your-message\"><textarea cols=\"40\" rows=\"10\" maxlength=\"2000\" class=\"wpcf7-form-control wpcf7-textarea\" aria-invalid=\"false\" name=\"your-message\"><\/textarea><\/span> <\/label>\n<\/div><\/div>\n\n<span class=\"wpcf7-form-control-wrap\" data-name=\"acceptance-205\"><span class=\"wpcf7-form-control wpcf7-acceptance optional\"><span class=\"wpcf7-list-item\"><label><input type=\"checkbox\" name=\"acceptance-205\" value=\"1\" aria-invalid=\"false\" \/><span class=\"wpcf7-list-item-label\">I consent to the processing of personal data sent via this form by MEGA S.A. in order to process my inquiry.<\/span><\/label><\/span><\/span><\/span>\n\n<input class=\"wpcf7-form-control wpcf7-submit has-spinner\" type=\"submit\" value=\"Wy\u015blij\" \/><\/div><div class=\"wpcf7-response-output\" aria-hidden=\"true\"><\/div>\n<\/form>\n<\/div>\n[\/vc_column_text][\/vc_column][\/vc_row][vc_row][vc_column][\/vc_column][\/vc_row][vc_row fullwidth=&#8221;true&#8221; fullwidth_content=&#8221;false&#8221; parallax=&#8221;content-moving&#8221; parallax_image=&#8221;5891&#8243; parallax_speed_bg=&#8221;1.2&#8243; css=&#8221;.vc_custom_1695196694353{padding-right: 10px !important;padding-left: 10px !important;background-color: #324d3c !important;}&#8221; el_class=&#8221;newsletter-section-wrapper&#8221;][vc_column][mk_padding_divider size=&#8221;105&#8243;][vc_row_inner][vc_column_inner][mk_fancy_title color=&#8221;#ffffff&#8221; size=&#8221;36&#8243; force_font_size=&#8221;true&#8221; size_smallscreen=&#8221;36&#8243; size_tablet=&#8221;32&#8243; size_phone=&#8221;28&#8243; line_height=&#8221;95&#8243; font_weight=&#8221;500&#8243; margin_bottom=&#8221;5&#8243; font_family=&#8221;none&#8221; responsive_align=&#8221;left&#8221;]Subscribe to Newsletter[\/mk_fancy_title][vc_column_text css=&#8221;.vc_custom_1647973024503{margin-bottom: 0px !important;}&#8221;]<span style=\"color: #ffffff;\">Latest news, new products, our success stories. <\/span><br \/>\n<span style=\"color: #ffffff;\">Sign up for our Newsletter!<\/span>[\/vc_column_text][\/vc_column_inner][\/vc_row_inner][vc_row_inner is_fullwidth_content=&#8221;false&#8221;][vc_column_inner width=&#8221;1\/6&#8243;][\/vc_column_inner][vc_column_inner width=&#8221;2\/3&#8243;][mk_padding_divider size=&#8221;25&#8243;][mk_subscribe gdpr_consent_text=&#8221;I consent to the collection of my data by MEGA through this form.&#8221; el_class=&#8221;newsletter-email-form&#8221; corner_radius=&#8221;50&#8243; space_between=&#8221;10&#8243; subscribe_size=&#8221;medium&#8221; btn_bg_color=&#8221;#2b7732&#8243; btn_text_color=&#8221;#ffffff&#8221; btn_border_color=&#8221;#2b7732&#8243; input_placeholder_color=&#8221;#aaaaaa&#8221; btn_hover_bg_color=&#8221;#2a593a&#8221; btn_hover_text_color=&#8221;#ffffff&#8221; btn_hover_border_color=&#8221;#2a593a&#8221;][mk_padding_divider size=&#8221;95&#8243;][\/vc_column_inner][vc_column_inner width=&#8221;1\/6&#8243;][\/vc_column_inner][\/vc_row_inner][\/vc_column][\/vc_row]\n<\/div>","protected":false},"excerpt":{"rendered":"<p>[mk_page_section vertical_align=&#8221;top&#8221; layout_structure=&#8221;half_right&#8221; bg_image=&#8221;https:\/\/megabelzyce.pl\/wp-content\/uploads\/2023\/09\/about-us-stay-in-touch-image.png&#8221; bg_image_portrait=&#8221;https:\/\/megabelzyce.pl\/wp-content\/uploads\/2022\/05\/kontakt-2.jpg&#8221; bg_color=&#8221;#e4651e&#8221; js_vertical_centered=&#8221;true&#8221; padding_top=&#8221;25&#8243; padding_bottom=&#8221;25&#8243; el_class=&#8221;contact-page-first-section-wrapper&#8221;][vc_column][mk_padding_divider size=&#8221;115&#8243;][mk_fancy_title color=&#8221;#ffffff&#8221; size=&#8221;36&#8243; force_font_size=&#8221;true&#8221; size_smallscreen=&#8221;36&#8243; size_tablet=&#8221;32&#8243; size_phone=&#8221;28&#8243; font_weight=&#8221;bold&#8221; txt_transform=&#8221;uppercase&#8221; margin_top=&#8221;10&#8243; margin_bottom=&#8221;10&#8243; font_family=&#8221;none&#8221;]Contact Us[\/mk_fancy_title][vc_column_text margin_bottom=&#8221;25&#8243; css=&#8221;.vc_custom_1652917402795{margin-bottom: 0px !important;}&#8221;]Please select any form of contact. Call us, send us an e-mail or use the contact form. [\/vc_column_text][mk_padding_divider size=&#8221;25&#8243;][mk_button dimension=&#8221;outline&#8221; corner_style=&#8221;rounded&#8221; size=&#8221;medium&#8221; icon=&#8221;mk-icon-arrow-down&#8221; url=&#8221;https:\/\/megabelzyce.pl\/en\/contact\/#formularz&#8221; margin_top=&#8221;25&#8243; margin_bottom=&#8221;25&#8243; margin_right=&#8221;0&#8243; outline_skin=&#8221;light&#8221;]GO TO [&hellip;]<\/p>\n","protected":false},"author":1,"featured_media":5978,"parent":0,"menu_order":0,"comment_status":"closed","ping_status":"closed","template":"","meta":{"_acf_changed":false,"footnotes":""},"class_list":["post-2725","page","type-page","status-publish","has-post-thumbnail","hentry"],"acf":[],"yoast_head":"<!-- This site is optimized with the Yoast SEO plugin v27.5 - https:\/\/yoast.com\/product\/yoast-seo-wordpress\/ -->\n<title>CONTACT - Mega Be\u0142\u017cyce<\/title>\n<meta name=\"description\" content=\"Choose any form of contact for you. Call us, send an e-mail or use the contact form.\" \/>\n<meta name=\"robots\" content=\"index, follow, max-snippet:-1, max-image-preview:large, max-video-preview:-1\" \/>\n<link rel=\"canonical\" href=\"https:\/\/megabelzyce.pl\/en\/contact\/\" \/>\n<meta property=\"og:locale\" content=\"en_US\" \/>\n<meta property=\"og:type\" content=\"article\" \/>\n<meta property=\"og:title\" content=\"CONTACT - Mega Be\u0142\u017cyce\" \/>\n<meta property=\"og:description\" content=\"Choose any form of contact for you. Call us, send an e-mail or use the contact form.\" \/>\n<meta property=\"og:url\" content=\"https:\/\/megabelzyce.pl\/en\/contact\/\" \/>\n<meta property=\"og:site_name\" content=\"Mega Be\u0142\u017cyce\" \/>\n<meta property=\"article:publisher\" content=\"https:\/\/www.facebook.com\/MegaBelzyceMaszyny\/?locale=pl_PL\" \/>\n<meta property=\"article:modified_time\" content=\"2023-10-13T12:51:32+00:00\" \/>\n<meta property=\"og:image\" content=\"https:\/\/megabelzyce.pl\/wp-content\/uploads\/2023\/09\/about-us-career-image.png\" \/>\n\t<meta property=\"og:image:width\" content=\"570\" \/>\n\t<meta property=\"og:image:height\" content=\"570\" \/>\n\t<meta property=\"og:image:type\" content=\"image\/png\" \/>\n<meta name=\"twitter:card\" content=\"summary_large_image\" \/>\n<meta name=\"twitter:label1\" content=\"Est. reading time\" \/>\n\t<meta name=\"twitter:data1\" content=\"2 minutes\" \/>\n<script type=\"application\/ld+json\" class=\"yoast-schema-graph\">{\"@context\":\"https:\\\/\\\/schema.org\",\"@graph\":[{\"@type\":\"WebPage\",\"@id\":\"https:\\\/\\\/megabelzyce.pl\\\/en\\\/contact\\\/\",\"url\":\"https:\\\/\\\/megabelzyce.pl\\\/en\\\/contact\\\/\",\"name\":\"CONTACT - Mega Be\u0142\u017cyce\",\"isPartOf\":{\"@id\":\"https:\\\/\\\/megabelzyce.pl\\\/#website\"},\"primaryImageOfPage\":{\"@id\":\"https:\\\/\\\/megabelzyce.pl\\\/en\\\/contact\\\/#primaryimage\"},\"image\":{\"@id\":\"https:\\\/\\\/megabelzyce.pl\\\/en\\\/contact\\\/#primaryimage\"},\"thumbnailUrl\":\"https:\\\/\\\/megabelzyce.pl\\\/wp-content\\\/uploads\\\/2023\\\/09\\\/about-us-career-image.png\",\"datePublished\":\"2022-05-18T21:27:02+00:00\",\"dateModified\":\"2023-10-13T12:51:32+00:00\",\"description\":\"Choose any form of contact for you. Call us, send an e-mail or use the contact form.\",\"breadcrumb\":{\"@id\":\"https:\\\/\\\/megabelzyce.pl\\\/en\\\/contact\\\/#breadcrumb\"},\"inLanguage\":\"en-US\",\"potentialAction\":[{\"@type\":\"ReadAction\",\"target\":[\"https:\\\/\\\/megabelzyce.pl\\\/en\\\/contact\\\/\"]}]},{\"@type\":\"ImageObject\",\"inLanguage\":\"en-US\",\"@id\":\"https:\\\/\\\/megabelzyce.pl\\\/en\\\/contact\\\/#primaryimage\",\"url\":\"https:\\\/\\\/megabelzyce.pl\\\/wp-content\\\/uploads\\\/2023\\\/09\\\/about-us-career-image.png\",\"contentUrl\":\"https:\\\/\\\/megabelzyce.pl\\\/wp-content\\\/uploads\\\/2023\\\/09\\\/about-us-career-image.png\",\"width\":570,\"height\":570},{\"@type\":\"BreadcrumbList\",\"@id\":\"https:\\\/\\\/megabelzyce.pl\\\/en\\\/contact\\\/#breadcrumb\",\"itemListElement\":[{\"@type\":\"ListItem\",\"position\":1,\"name\":\"Home\",\"item\":\"https:\\\/\\\/megabelzyce.pl\\\/en\\\/\"},{\"@type\":\"ListItem\",\"position\":2,\"name\":\"CONTACT\"}]},{\"@type\":\"WebSite\",\"@id\":\"https:\\\/\\\/megabelzyce.pl\\\/#website\",\"url\":\"https:\\\/\\\/megabelzyce.pl\\\/\",\"name\":\"Mega Be\u0142\u017cyce\",\"description\":\"Maszyny dla przemys\u0142u spo\u017cywczego\",\"publisher\":{\"@id\":\"https:\\\/\\\/megabelzyce.pl\\\/#organization\"},\"potentialAction\":[{\"@type\":\"SearchAction\",\"target\":{\"@type\":\"EntryPoint\",\"urlTemplate\":\"https:\\\/\\\/megabelzyce.pl\\\/?s={search_term_string}\"},\"query-input\":{\"@type\":\"PropertyValueSpecification\",\"valueRequired\":true,\"valueName\":\"search_term_string\"}}],\"inLanguage\":\"en-US\"},{\"@type\":\"Organization\",\"@id\":\"https:\\\/\\\/megabelzyce.pl\\\/#organization\",\"name\":\"Mega Be\u0142\u017cyce\",\"url\":\"https:\\\/\\\/megabelzyce.pl\\\/\",\"logo\":{\"@type\":\"ImageObject\",\"inLanguage\":\"en-US\",\"@id\":\"https:\\\/\\\/megabelzyce.pl\\\/#\\\/schema\\\/logo\\\/image\\\/\",\"url\":\"https:\\\/\\\/megabelzyce.pl\\\/wp-content\\\/uploads\\\/2023\\\/10\\\/logo-mega-skos-5.png\",\"contentUrl\":\"https:\\\/\\\/megabelzyce.pl\\\/wp-content\\\/uploads\\\/2023\\\/10\\\/logo-mega-skos-5.png\",\"width\":181,\"height\":98,\"caption\":\"Mega Be\u0142\u017cyce\"},\"image\":{\"@id\":\"https:\\\/\\\/megabelzyce.pl\\\/#\\\/schema\\\/logo\\\/image\\\/\"},\"sameAs\":[\"https:\\\/\\\/www.facebook.com\\\/MegaBelzyceMaszyny\\\/?locale=pl_PL\",\"https:\\\/\\\/www.linkedin.com\\\/company\\\/mega-sp-z-o-o\\\/\"]}]}<\/script>\n<!-- \/ Yoast SEO plugin. -->","yoast_head_json":{"title":"CONTACT - Mega Be\u0142\u017cyce","description":"Choose any form of contact for you. Call us, send an e-mail or use the contact form.","robots":{"index":"index","follow":"follow","max-snippet":"max-snippet:-1","max-image-preview":"max-image-preview:large","max-video-preview":"max-video-preview:-1"},"canonical":"https:\/\/megabelzyce.pl\/en\/contact\/","og_locale":"en_US","og_type":"article","og_title":"CONTACT - Mega Be\u0142\u017cyce","og_description":"Choose any form of contact for you. Call us, send an e-mail or use the contact form.","og_url":"https:\/\/megabelzyce.pl\/en\/contact\/","og_site_name":"Mega Be\u0142\u017cyce","article_publisher":"https:\/\/www.facebook.com\/MegaBelzyceMaszyny\/?locale=pl_PL","article_modified_time":"2023-10-13T12:51:32+00:00","og_image":[{"width":570,"height":570,"url":"https:\/\/megabelzyce.pl\/wp-content\/uploads\/2023\/09\/about-us-career-image.png","type":"image\/png"}],"twitter_card":"summary_large_image","twitter_misc":{"Est. reading time":"2 minutes"},"schema":{"@context":"https:\/\/schema.org","@graph":[{"@type":"WebPage","@id":"https:\/\/megabelzyce.pl\/en\/contact\/","url":"https:\/\/megabelzyce.pl\/en\/contact\/","name":"CONTACT - Mega Be\u0142\u017cyce","isPartOf":{"@id":"https:\/\/megabelzyce.pl\/#website"},"primaryImageOfPage":{"@id":"https:\/\/megabelzyce.pl\/en\/contact\/#primaryimage"},"image":{"@id":"https:\/\/megabelzyce.pl\/en\/contact\/#primaryimage"},"thumbnailUrl":"https:\/\/megabelzyce.pl\/wp-content\/uploads\/2023\/09\/about-us-career-image.png","datePublished":"2022-05-18T21:27:02+00:00","dateModified":"2023-10-13T12:51:32+00:00","description":"Choose any form of contact for you. Call us, send an e-mail or use the contact form.","breadcrumb":{"@id":"https:\/\/megabelzyce.pl\/en\/contact\/#breadcrumb"},"inLanguage":"en-US","potentialAction":[{"@type":"ReadAction","target":["https:\/\/megabelzyce.pl\/en\/contact\/"]}]},{"@type":"ImageObject","inLanguage":"en-US","@id":"https:\/\/megabelzyce.pl\/en\/contact\/#primaryimage","url":"https:\/\/megabelzyce.pl\/wp-content\/uploads\/2023\/09\/about-us-career-image.png","contentUrl":"https:\/\/megabelzyce.pl\/wp-content\/uploads\/2023\/09\/about-us-career-image.png","width":570,"height":570},{"@type":"BreadcrumbList","@id":"https:\/\/megabelzyce.pl\/en\/contact\/#breadcrumb","itemListElement":[{"@type":"ListItem","position":1,"name":"Home","item":"https:\/\/megabelzyce.pl\/en\/"},{"@type":"ListItem","position":2,"name":"CONTACT"}]},{"@type":"WebSite","@id":"https:\/\/megabelzyce.pl\/#website","url":"https:\/\/megabelzyce.pl\/","name":"Mega Be\u0142\u017cyce","description":"Maszyny dla przemys\u0142u spo\u017cywczego","publisher":{"@id":"https:\/\/megabelzyce.pl\/#organization"},"potentialAction":[{"@type":"SearchAction","target":{"@type":"EntryPoint","urlTemplate":"https:\/\/megabelzyce.pl\/?s={search_term_string}"},"query-input":{"@type":"PropertyValueSpecification","valueRequired":true,"valueName":"search_term_string"}}],"inLanguage":"en-US"},{"@type":"Organization","@id":"https:\/\/megabelzyce.pl\/#organization","name":"Mega Be\u0142\u017cyce","url":"https:\/\/megabelzyce.pl\/","logo":{"@type":"ImageObject","inLanguage":"en-US","@id":"https:\/\/megabelzyce.pl\/#\/schema\/logo\/image\/","url":"https:\/\/megabelzyce.pl\/wp-content\/uploads\/2023\/10\/logo-mega-skos-5.png","contentUrl":"https:\/\/megabelzyce.pl\/wp-content\/uploads\/2023\/10\/logo-mega-skos-5.png","width":181,"height":98,"caption":"Mega Be\u0142\u017cyce"},"image":{"@id":"https:\/\/megabelzyce.pl\/#\/schema\/logo\/image\/"},"sameAs":["https:\/\/www.facebook.com\/MegaBelzyceMaszyny\/?locale=pl_PL","https:\/\/www.linkedin.com\/company\/mega-sp-z-o-o\/"]}]}},"_links":{"self":[{"href":"https:\/\/megabelzyce.pl\/en\/wp-json\/wp\/v2\/pages\/2725","targetHints":{"allow":["GET"]}}],"collection":[{"href":"https:\/\/megabelzyce.pl\/en\/wp-json\/wp\/v2\/pages"}],"about":[{"href":"https:\/\/megabelzyce.pl\/en\/wp-json\/wp\/v2\/types\/page"}],"author":[{"embeddable":true,"href":"https:\/\/megabelzyce.pl\/en\/wp-json\/wp\/v2\/users\/1"}],"replies":[{"embeddable":true,"href":"https:\/\/megabelzyce.pl\/en\/wp-json\/wp\/v2\/comments?post=2725"}],"version-history":[{"count":17,"href":"https:\/\/megabelzyce.pl\/en\/wp-json\/wp\/v2\/pages\/2725\/revisions"}],"predecessor-version":[{"id":5658,"href":"https:\/\/megabelzyce.pl\/en\/wp-json\/wp\/v2\/pages\/2725\/revisions\/5658"}],"wp:featuredmedia":[{"embeddable":true,"href":"https:\/\/megabelzyce.pl\/en\/wp-json\/wp\/v2\/media\/5978"}],"wp:attachment":[{"href":"https:\/\/megabelzyce.pl\/en\/wp-json\/wp\/v2\/media?parent=2725"}],"curies":[{"name":"wp","href":"https:\/\/api.w.org\/{rel}","templated":true}]}}