{"id":3296,"date":"2022-03-21T12:16:34","date_gmt":"2022-03-21T11:16:34","guid":{"rendered":"https:\/\/megabelzyce.pl\/production-process\/"},"modified":"2023-10-05T12:14:32","modified_gmt":"2023-10-05T10:14:32","slug":"production-process","status":"publish","type":"page","link":"https:\/\/megabelzyce.pl\/en\/production-process\/","title":{"rendered":"PRODUCTION PROCESS"},"content":{"rendered":"<div class=\"wpb-content-wrapper\">[vc_row][vc_column][vc_row_inner is_fullwidth_content=&#8221;false&#8221;][vc_column_inner width=&#8221;1\/2&#8243;][mk_fancy_title color=&#8221;#e4651e&#8221; size=&#8221;24&#8243; force_font_size=&#8221;true&#8221; size_smallscreen=&#8221;24&#8243; size_tablet=&#8221;22&#8243; size_phone=&#8221;20&#8243; margin_top=&#8221;30&#8243; margin_bottom=&#8221;0&#8243; font_family=&#8221;none&#8221;]Select Production Process[\/mk_fancy_title][\/vc_column_inner][vc_column_inner width=&#8221;1\/2&#8243;][mk_image src=&#8221;https:\/\/megabelzyce.pl\/wp-content\/uploads\/2022\/05\/ikona-proces-main-orange2.png&#8221; image_width=&#8221;125&#8243; image_height=&#8221;90&#8243; align=&#8221;right&#8221; margin_bottom=&#8221;0&#8243; el_class=&#8221;ikonaprodukt&#8221;][\/vc_column_inner][\/vc_row_inner][mk_padding_divider size=&#8221;15&#8243;][vc_separator color=&#8221;sandy_brown&#8221;][\/vc_column][\/vc_row][vc_row][vc_column][mk_padding_divider size=&#8221;55&#8243;][\/vc_column][\/vc_row][vc_row][vc_column width=&#8221;1\/2&#8243;][vc_row_inner attached=&#8221;true&#8221;][vc_column_inner width=&#8221;1\/3&#8243;][mk_image src=&#8221;https:\/\/megabelzyce.pl\/wp-content\/uploads\/2022\/05\/proces-mycie-opakowan.jpg&#8221; image_size=&#8221;full&#8221; link=&#8221;https:\/\/megabelzyce.pl\/mycie-opakowan\/&#8221; align=&#8221;right&#8221;][\/vc_column_inner][vc_column_inner width=&#8221;2\/3&#8243;][mk_padding_divider size=&#8221;35&#8243;][mk_custom_list style=&#8221;mk-icon-arrow-circle-o-right&#8221; margin_bottom=&#8221;20&#8243;]\n<h3 class=\"mk-box-icon-2-title\">PACKAGE WASHING<\/h3>\n<ul>\n<li><a href=\"https:\/\/megabelzyce.pl\/en\/production-process\/package-washing\/\"><span style=\"color: #ff6600;\">see the machines<\/span><\/a><\/li>\n<\/ul>\n[\/mk_custom_list][\/vc_column_inner][\/vc_row_inner][\/vc_column][vc_column width=&#8221;1\/2&#8243;][vc_row_inner attached=&#8221;true&#8221;][vc_column_inner width=&#8221;1\/3&#8243;][mk_image src=&#8221;https:\/\/megabelzyce.pl\/wp-content\/uploads\/2022\/05\/proces-mycie-owocow-i-warzyw.jpg&#8221; image_size=&#8221;full&#8221; link=&#8221;https:\/\/megabelzyce.pl\/mycie-owocow-i-warzyw\/&#8221; align=&#8221;center&#8221;][\/vc_column_inner][vc_column_inner width=&#8221;2\/3&#8243;][mk_padding_divider size=&#8221;35&#8243;][mk_custom_list style=&#8221;mk-icon-arrow-circle-o-right&#8221; margin_bottom=&#8221;20&#8243;]\n<h3 class=\"mk-box-icon-2-title\">FRUIT AND VEGETABLE WASHING<\/h3>\n<ul>\n<li><a href=\"https:\/\/megabelzyce.pl\/en\/production-process\/fruit-and-vegetable-washing\/\"><span style=\"color: #ff6600;\">see the machines<\/span><\/a><\/li>\n<\/ul>\n[\/mk_custom_list][\/vc_column_inner][\/vc_row_inner][\/vc_column][\/vc_row][vc_row][vc_column][mk_padding_divider size=&#8221;25&#8243;][\/vc_column][\/vc_row][vc_row][vc_column width=&#8221;1\/2&#8243;][vc_row_inner attached=&#8221;true&#8221;][vc_column_inner width=&#8221;1\/3&#8243;][mk_image src=&#8221;https:\/\/megabelzyce.pl\/wp-content\/uploads\/2022\/05\/proces-kalibrowanie-oczyszczanie-2.jpg&#8221; image_size=&#8221;full&#8221; link=&#8221;https:\/\/megabelzyce.pl\/kalibrowanie-przesiewanie-oczyszczanie\/&#8221; align=&#8221;right&#8221;][\/vc_column_inner][vc_column_inner width=&#8221;2\/3&#8243;][mk_custom_list style=&#8221;mk-icon-arrow-circle-o-right&#8221; margin_bottom=&#8221;20&#8243;]\n<h3>CALIBRATING \/ SIEVING \/ CLEANING<\/h3>\n<h6>calibrators, sieves, air cleaners<\/h6>\n<ul>\n<li><a href=\"https:\/\/megabelzyce.pl\/en\/production-process\/calibrating-sieving-cleaning\/\"><span style=\"color: #ff6600;\">see the machines<\/span><\/a><\/li>\n<\/ul>\n[\/mk_custom_list][\/vc_column_inner][\/vc_row_inner][\/vc_column][vc_column width=&#8221;1\/2&#8243;][vc_row_inner attached=&#8221;true&#8221;][vc_column_inner width=&#8221;1\/3&#8243;][mk_image src=&#8221;https:\/\/megabelzyce.pl\/wp-content\/uploads\/2022\/05\/proces-odszypulkowanie.jpg&#8221; image_size=&#8221;full&#8221; link=&#8221;https:\/\/megabelzyce.pl\/odszypulkowanie-polerowanie\/&#8221; align=&#8221;right&#8221;][\/vc_column_inner][vc_column_inner width=&#8221;2\/3&#8243;][mk_padding_divider size=&#8221;25&#8243;][mk_custom_list style=&#8221;mk-icon-arrow-circle-o-right&#8221; margin_bottom=&#8221;20&#8243;]\n<h3>REMOVING PETIOLES \/ POLISHING<\/h3>\n<ul>\n<li><a href=\"https:\/\/megabelzyce.pl\/en\/production-process\/removing-petioles-polishing\/\"><span style=\"color: #ff6600;\">see the machines<\/span><\/a><\/li>\n<\/ul>\n[\/mk_custom_list][\/vc_column_inner][\/vc_row_inner][\/vc_column][\/vc_row][vc_row][vc_column][mk_padding_divider size=&#8221;25&#8243;][\/vc_column][\/vc_row][vc_row][vc_column width=&#8221;1\/2&#8243;][vc_row_inner attached=&#8221;true&#8221;][vc_column_inner width=&#8221;1\/3&#8243;][mk_image src=&#8221;https:\/\/megabelzyce.pl\/wp-content\/uploads\/2022\/05\/proces-obrobka-termiczna.jpg&#8221; image_size=&#8221;full&#8221; link=&#8221;https:\/\/megabelzyce.pl\/obrobka-termiczna\/&#8221; align=&#8221;right&#8221;][\/vc_column_inner][vc_column_inner width=&#8221;2\/3&#8243;][mk_custom_list style=&#8221;mk-icon-arrow-circle-o-right&#8221; margin_bottom=&#8221;20&#8243;]\n<h3 class=\"mk-box-icon-2-title\">HEAT TREATMENT<\/h3>\n<h6>blanching, cooling<\/h6>\n<ul>\n<li><a href=\"https:\/\/megabelzyce.pl\/en\/production-process\/heat-treatment\/\"><span style=\"color: #ff6600;\">see the machines<\/span><\/a><\/li>\n<\/ul>\n[\/mk_custom_list][\/vc_column_inner][\/vc_row_inner][\/vc_column][vc_column width=&#8221;1\/2&#8243;][vc_row_inner attached=&#8221;true&#8221;][vc_column_inner width=&#8221;1\/3&#8243;][mk_image src=&#8221;https:\/\/megabelzyce.pl\/wp-content\/uploads\/2022\/05\/proces-transport-technologiczny.jpg&#8221; image_size=&#8221;full&#8221; link=&#8221;https:\/\/megabelzyce.pl\/transport-technologiczny\/&#8221;][\/vc_column_inner][vc_column_inner width=&#8221;2\/3&#8243;][mk_custom_list style=&#8221;mk-icon-arrow-circle-o-right&#8221; margin_bottom=&#8221;20&#8243;]\n<h3>TECHNOLOGICAL TRANSPORT<\/h3>\n<h6>vibratory, belt and screw conveyors, hoppers and dispensers<\/h6>\n<ul>\n<li><a href=\"https:\/\/megabelzyce.pl\/en\/production-process\/technological-transport\/\"><span style=\"color: #ff6600;\">see the machines<\/span><\/a><\/li>\n<\/ul>\n[\/mk_custom_list][\/vc_column_inner][\/vc_row_inner][\/vc_column][\/vc_row][vc_row][vc_column][mk_padding_divider size=&#8221;25&#8243;][\/vc_column][\/vc_row][vc_row][vc_column width=&#8221;1\/2&#8243;][vc_row_inner attached=&#8221;true&#8221;][vc_column_inner width=&#8221;1\/3&#8243;][mk_image src=&#8221;https:\/\/megabelzyce.pl\/wp-content\/uploads\/2022\/05\/proces-obieranie-ocieranie.jpg&#8221; image_size=&#8221;full&#8221; link=&#8221;https:\/\/megabelzyce.pl\/obieranie-ocieranie\/&#8221; align=&#8221;right&#8221;][\/vc_column_inner][vc_column_inner width=&#8221;2\/3&#8243;][mk_custom_list style=&#8221;mk-icon-arrow-circle-o-right&#8221; margin_bottom=&#8221;20&#8243;]\n<h3 class=\"mk-box-icon-2-title\">PEELING \/ RUBBING<\/h3>\n<ul>\n<li><a href=\"https:\/\/megabelzyce.pl\/en\/production-process\/peeling-rubbing\/\"><span style=\"color: #ff6600;\">see the machines<\/span><\/a><\/li>\n<\/ul>\n[\/mk_custom_list][\/vc_column_inner][\/vc_row_inner][\/vc_column][vc_column width=&#8221;1\/2&#8243;][vc_row_inner attached=&#8221;true&#8221;][vc_column_inner width=&#8221;1\/3&#8243;][mk_image src=&#8221;https:\/\/megabelzyce.pl\/wp-content\/uploads\/2022\/05\/proces-dozowanie-pakowanie.jpg&#8221; image_size=&#8221;full&#8221; link=&#8221;https:\/\/megabelzyce.pl\/dozowanie-pakowanie\/&#8221; align=&#8221;right&#8221;][\/vc_column_inner][vc_column_inner width=&#8221;2\/3&#8243;][mk_custom_list style=&#8221;mk-icon-arrow-circle-o-right&#8221; margin_bottom=&#8221;20&#8243;]\n<h3 class=\"mk-box-icon-2-title\">DOSING \/ PACKING<\/h3>\n<h6>batching \/ weighing, volumetric dosing, packaging<\/h6>\n<ul>\n<li><a href=\"https:\/\/megabelzyce.pl\/en\/production-process\/dosing-packing\/\"><span style=\"color: #ff6600;\">see the machines<\/span><\/a><\/li>\n<\/ul>\n[\/mk_custom_list][\/vc_column_inner][\/vc_row_inner][\/vc_column][\/vc_row][vc_row][vc_column][mk_padding_divider size=&#8221;25&#8243;][\/vc_column][\/vc_row][vc_row][vc_column width=&#8221;1\/2&#8243;][vc_row_inner attached=&#8221;true&#8221;][vc_column_inner width=&#8221;1\/3&#8243;][mk_image src=&#8221;https:\/\/megabelzyce.pl\/wp-content\/uploads\/2022\/05\/proces-rozdrabnianie.jpg&#8221; image_size=&#8221;full&#8221; link=&#8221;https:\/\/megabelzyce.pl\/rozdrabnianie-rozbrylanie\/&#8221; align=&#8221;right&#8221;][\/vc_column_inner][vc_column_inner width=&#8221;2\/3&#8243;][mk_padding_divider size=&#8221;25&#8243;][mk_custom_list style=&#8221;mk-icon-arrow-circle-o-right&#8221; margin_bottom=&#8221;20&#8243;]\n<h3 class=\"mk-box-icon-2-title\">BREAKING \/ CRUSHING<\/h3>\n<ul>\n<li><a href=\"https:\/\/megabelzyce.pl\/en\/production-process\/breaking-crushing\/\"><span style=\"color: #ff6600;\">see the machines<\/span><\/a><\/li>\n<\/ul>\n[\/mk_custom_list][\/vc_column_inner][\/vc_row_inner][\/vc_column][vc_column width=&#8221;1\/2&#8243;][vc_row_inner attached=&#8221;true&#8221;][vc_column_inner width=&#8221;1\/3&#8243;][mk_image src=&#8221;https:\/\/megabelzyce.pl\/wp-content\/uploads\/2022\/05\/proces-odkamienianie.jpg&#8221; image_size=&#8221;full&#8221; link=&#8221;https:\/\/megabelzyce.pl\/odkamienianie-odziemianie\/&#8221; align=&#8221;right&#8221;][\/vc_column_inner][vc_column_inner width=&#8221;2\/3&#8243;][mk_padding_divider size=&#8221;25&#8243;][mk_custom_list style=&#8221;mk-icon-arrow-circle-o-right&#8221; margin_bottom=&#8221;20&#8243;]\n<h3 class=\"mk-box-icon-2-title\">DESTONING \/ DESOILING<\/h3>\n<ul>\n<li><a href=\"https:\/\/megabelzyce.pl\/en\/production-process\/destoning-desoiling\/\"><span style=\"color: #ff6600;\">see the machines<\/span><\/a><\/li>\n<\/ul>\n[\/mk_custom_list][\/vc_column_inner][\/vc_row_inner][\/vc_column][\/vc_row][vc_row][vc_column][mk_padding_divider size=&#8221;25&#8243;][\/vc_column][\/vc_row][vc_row][vc_column width=&#8221;1\/2&#8243;][vc_row_inner attached=&#8221;true&#8221;][vc_column_inner width=&#8221;1\/3&#8243;][mk_image src=&#8221;https:\/\/megabelzyce.pl\/wp-content\/uploads\/2022\/05\/proces-krojenie.jpg&#8221; image_size=&#8221;full&#8221; link=&#8221;https:\/\/megabelzyce.pl\/krojenie\/&#8221; align=&#8221;right&#8221;][\/vc_column_inner][vc_column_inner width=&#8221;2\/3&#8243;][mk_padding_divider size=&#8221;45&#8243;][mk_custom_list style=&#8221;mk-icon-arrow-circle-o-right&#8221; margin_bottom=&#8221;20&#8243;]\n<h3 class=\"mk-box-icon-2-title\">CUTTING<\/h3>\n<ul>\n<li><a href=\"https:\/\/megabelzyce.pl\/en\/production-process\/cutting\/\"><span style=\"color: #ff6600;\">see the machines<\/span><\/a><\/li>\n<\/ul>\n[\/mk_custom_list][\/vc_column_inner][\/vc_row_inner][\/vc_column][vc_column width=&#8221;1\/2&#8243;][vc_row_inner attached=&#8221;true&#8221;][vc_column_inner width=&#8221;1\/3&#8243;][mk_image src=&#8221;https:\/\/megabelzyce.pl\/wp-content\/uploads\/2022\/05\/proces-glazurowanie.jpg&#8221; image_size=&#8221;full&#8221; link=&#8221;https:\/\/megabelzyce.pl\/glazurowanie\/&#8221; align=&#8221;right&#8221;][\/vc_column_inner][vc_column_inner width=&#8221;2\/3&#8243;][mk_padding_divider size=&#8221;45&#8243;][mk_custom_list style=&#8221;mk-icon-arrow-circle-o-right&#8221; margin_bottom=&#8221;20&#8243;]\n<h3 class=\"mk-box-icon-2-title\">GLAZING<\/h3>\n<ul>\n<li><a href=\"https:\/\/megabelzyce.pl\/en\/production-process\/glazing\/\"><span style=\"color: #ff6600;\">see the machines<\/span><\/a><\/li>\n<\/ul>\n[\/mk_custom_list][\/vc_column_inner][\/vc_row_inner][\/vc_column][\/vc_row][vc_row][vc_column][mk_padding_divider size=&#8221;55&#8243;][\/vc_column][\/vc_row]\n<\/div>","protected":false},"excerpt":{"rendered":"<p>[vc_row][vc_column][vc_row_inner is_fullwidth_content=&#8221;false&#8221;][vc_column_inner width=&#8221;1\/2&#8243;][mk_fancy_title color=&#8221;#e4651e&#8221; size=&#8221;24&#8243; force_font_size=&#8221;true&#8221; size_smallscreen=&#8221;24&#8243; size_tablet=&#8221;22&#8243; size_phone=&#8221;20&#8243; margin_top=&#8221;30&#8243; margin_bottom=&#8221;0&#8243; font_family=&#8221;none&#8221;]Select Production Process[\/mk_fancy_title][\/vc_column_inner][vc_column_inner width=&#8221;1\/2&#8243;][mk_image src=&#8221;https:\/\/megabelzyce.pl\/wp-content\/uploads\/2022\/05\/ikona-proces-main-orange2.png&#8221; image_width=&#8221;125&#8243; image_height=&#8221;90&#8243; align=&#8221;right&#8221; margin_bottom=&#8221;0&#8243; el_class=&#8221;ikonaprodukt&#8221;][\/vc_column_inner][\/vc_row_inner][mk_padding_divider size=&#8221;15&#8243;][vc_separator color=&#8221;sandy_brown&#8221;][\/vc_column][\/vc_row][vc_row][vc_column][mk_padding_divider size=&#8221;55&#8243;][\/vc_column][\/vc_row][vc_row][vc_column width=&#8221;1\/2&#8243;][vc_row_inner attached=&#8221;true&#8221;][vc_column_inner width=&#8221;1\/3&#8243;][mk_image src=&#8221;https:\/\/megabelzyce.pl\/wp-content\/uploads\/2022\/05\/proces-mycie-opakowan.jpg&#8221; image_size=&#8221;full&#8221; link=&#8221;https:\/\/megabelzyce.pl\/mycie-opakowan\/&#8221; align=&#8221;right&#8221;][\/vc_column_inner][vc_column_inner width=&#8221;2\/3&#8243;][mk_padding_divider size=&#8221;35&#8243;][mk_custom_list style=&#8221;mk-icon-arrow-circle-o-right&#8221; margin_bottom=&#8221;20&#8243;] PACKAGE WASHING see the machines [\/mk_custom_list][\/vc_column_inner][\/vc_row_inner][\/vc_column][vc_column width=&#8221;1\/2&#8243;][vc_row_inner attached=&#8221;true&#8221;][vc_column_inner width=&#8221;1\/3&#8243;][mk_image src=&#8221;https:\/\/megabelzyce.pl\/wp-content\/uploads\/2022\/05\/proces-mycie-owocow-i-warzyw.jpg&#8221; image_size=&#8221;full&#8221; link=&#8221;https:\/\/megabelzyce.pl\/mycie-owocow-i-warzyw\/&#8221; align=&#8221;center&#8221;][\/vc_column_inner][vc_column_inner width=&#8221;2\/3&#8243;][mk_padding_divider size=&#8221;35&#8243;][mk_custom_list style=&#8221;mk-icon-arrow-circle-o-right&#8221; margin_bottom=&#8221;20&#8243;] FRUIT AND VEGETABLE [&hellip;]<\/p>\n","protected":false},"author":1,"featured_media":0,"parent":0,"menu_order":0,"comment_status":"closed","ping_status":"closed","template":"","meta":{"_acf_changed":false,"footnotes":""},"class_list":["post-3296","page","type-page","status-publish","hentry"],"acf":[],"yoast_head":"<!-- This site is optimized with the Yoast SEO plugin v27.5 - https:\/\/yoast.com\/product\/yoast-seo-wordpress\/ -->\n<title>PRODUCTION PROCESS - Mega Be\u0142\u017cyce<\/title>\n<meta name=\"description\" content=\"Here you will find machines from our offerings grouped by their application and the process involved.\" \/>\n<meta name=\"robots\" content=\"index, follow, max-snippet:-1, max-image-preview:large, max-video-preview:-1\" \/>\n<link rel=\"canonical\" href=\"https:\/\/megabelzyce.pl\/en\/production-process\/\" \/>\n<meta property=\"og:locale\" content=\"en_US\" \/>\n<meta property=\"og:type\" content=\"article\" \/>\n<meta property=\"og:title\" content=\"PRODUCTION PROCESS - Mega Be\u0142\u017cyce\" \/>\n<meta property=\"og:description\" content=\"Here you will find machines from our offerings grouped by their application and the process involved.\" \/>\n<meta property=\"og:url\" content=\"https:\/\/megabelzyce.pl\/en\/production-process\/\" \/>\n<meta property=\"og:site_name\" content=\"Mega Be\u0142\u017cyce\" \/>\n<meta property=\"article:publisher\" content=\"https:\/\/www.facebook.com\/MegaBelzyceMaszyny\/?locale=pl_PL\" \/>\n<meta property=\"article:modified_time\" content=\"2023-10-05T10:14:32+00:00\" \/>\n<meta name=\"twitter:card\" content=\"summary_large_image\" \/>\n<meta name=\"twitter:label1\" content=\"Est. reading time\" \/>\n\t<meta name=\"twitter:data1\" content=\"2 minutes\" \/>\n<script type=\"application\/ld+json\" class=\"yoast-schema-graph\">{\"@context\":\"https:\\\/\\\/schema.org\",\"@graph\":[{\"@type\":\"WebPage\",\"@id\":\"https:\\\/\\\/megabelzyce.pl\\\/en\\\/production-process\\\/\",\"url\":\"https:\\\/\\\/megabelzyce.pl\\\/en\\\/production-process\\\/\",\"name\":\"PRODUCTION PROCESS - Mega Be\u0142\u017cyce\",\"isPartOf\":{\"@id\":\"https:\\\/\\\/megabelzyce.pl\\\/#website\"},\"datePublished\":\"2022-03-21T11:16:34+00:00\",\"dateModified\":\"2023-10-05T10:14:32+00:00\",\"description\":\"Here you will find machines from our offerings grouped by their application and the process involved.\",\"breadcrumb\":{\"@id\":\"https:\\\/\\\/megabelzyce.pl\\\/en\\\/production-process\\\/#breadcrumb\"},\"inLanguage\":\"en-US\",\"potentialAction\":[{\"@type\":\"ReadAction\",\"target\":[\"https:\\\/\\\/megabelzyce.pl\\\/en\\\/production-process\\\/\"]}]},{\"@type\":\"BreadcrumbList\",\"@id\":\"https:\\\/\\\/megabelzyce.pl\\\/en\\\/production-process\\\/#breadcrumb\",\"itemListElement\":[{\"@type\":\"ListItem\",\"position\":1,\"name\":\"Home\",\"item\":\"https:\\\/\\\/megabelzyce.pl\\\/en\\\/\"},{\"@type\":\"ListItem\",\"position\":2,\"name\":\"PRODUCTION PROCESS\"}]},{\"@type\":\"WebSite\",\"@id\":\"https:\\\/\\\/megabelzyce.pl\\\/#website\",\"url\":\"https:\\\/\\\/megabelzyce.pl\\\/\",\"name\":\"Mega Be\u0142\u017cyce\",\"description\":\"Maszyny dla przemys\u0142u spo\u017cywczego\",\"publisher\":{\"@id\":\"https:\\\/\\\/megabelzyce.pl\\\/#organization\"},\"potentialAction\":[{\"@type\":\"SearchAction\",\"target\":{\"@type\":\"EntryPoint\",\"urlTemplate\":\"https:\\\/\\\/megabelzyce.pl\\\/?s={search_term_string}\"},\"query-input\":{\"@type\":\"PropertyValueSpecification\",\"valueRequired\":true,\"valueName\":\"search_term_string\"}}],\"inLanguage\":\"en-US\"},{\"@type\":\"Organization\",\"@id\":\"https:\\\/\\\/megabelzyce.pl\\\/#organization\",\"name\":\"Mega Be\u0142\u017cyce\",\"url\":\"https:\\\/\\\/megabelzyce.pl\\\/\",\"logo\":{\"@type\":\"ImageObject\",\"inLanguage\":\"en-US\",\"@id\":\"https:\\\/\\\/megabelzyce.pl\\\/#\\\/schema\\\/logo\\\/image\\\/\",\"url\":\"https:\\\/\\\/megabelzyce.pl\\\/wp-content\\\/uploads\\\/2023\\\/10\\\/logo-mega-skos-5.png\",\"contentUrl\":\"https:\\\/\\\/megabelzyce.pl\\\/wp-content\\\/uploads\\\/2023\\\/10\\\/logo-mega-skos-5.png\",\"width\":181,\"height\":98,\"caption\":\"Mega Be\u0142\u017cyce\"},\"image\":{\"@id\":\"https:\\\/\\\/megabelzyce.pl\\\/#\\\/schema\\\/logo\\\/image\\\/\"},\"sameAs\":[\"https:\\\/\\\/www.facebook.com\\\/MegaBelzyceMaszyny\\\/?locale=pl_PL\",\"https:\\\/\\\/www.linkedin.com\\\/company\\\/mega-sp-z-o-o\\\/\"]}]}<\/script>\n<!-- \/ Yoast SEO plugin. -->","yoast_head_json":{"title":"PRODUCTION PROCESS - Mega Be\u0142\u017cyce","description":"Here you will find machines from our offerings grouped by their application and the process involved.","robots":{"index":"index","follow":"follow","max-snippet":"max-snippet:-1","max-image-preview":"max-image-preview:large","max-video-preview":"max-video-preview:-1"},"canonical":"https:\/\/megabelzyce.pl\/en\/production-process\/","og_locale":"en_US","og_type":"article","og_title":"PRODUCTION PROCESS - Mega Be\u0142\u017cyce","og_description":"Here you will find machines from our offerings grouped by their application and the process involved.","og_url":"https:\/\/megabelzyce.pl\/en\/production-process\/","og_site_name":"Mega Be\u0142\u017cyce","article_publisher":"https:\/\/www.facebook.com\/MegaBelzyceMaszyny\/?locale=pl_PL","article_modified_time":"2023-10-05T10:14:32+00:00","twitter_card":"summary_large_image","twitter_misc":{"Est. reading time":"2 minutes"},"schema":{"@context":"https:\/\/schema.org","@graph":[{"@type":"WebPage","@id":"https:\/\/megabelzyce.pl\/en\/production-process\/","url":"https:\/\/megabelzyce.pl\/en\/production-process\/","name":"PRODUCTION PROCESS - Mega Be\u0142\u017cyce","isPartOf":{"@id":"https:\/\/megabelzyce.pl\/#website"},"datePublished":"2022-03-21T11:16:34+00:00","dateModified":"2023-10-05T10:14:32+00:00","description":"Here you will find machines from our offerings grouped by their application and the process involved.","breadcrumb":{"@id":"https:\/\/megabelzyce.pl\/en\/production-process\/#breadcrumb"},"inLanguage":"en-US","potentialAction":[{"@type":"ReadAction","target":["https:\/\/megabelzyce.pl\/en\/production-process\/"]}]},{"@type":"BreadcrumbList","@id":"https:\/\/megabelzyce.pl\/en\/production-process\/#breadcrumb","itemListElement":[{"@type":"ListItem","position":1,"name":"Home","item":"https:\/\/megabelzyce.pl\/en\/"},{"@type":"ListItem","position":2,"name":"PRODUCTION PROCESS"}]},{"@type":"WebSite","@id":"https:\/\/megabelzyce.pl\/#website","url":"https:\/\/megabelzyce.pl\/","name":"Mega Be\u0142\u017cyce","description":"Maszyny dla przemys\u0142u spo\u017cywczego","publisher":{"@id":"https:\/\/megabelzyce.pl\/#organization"},"potentialAction":[{"@type":"SearchAction","target":{"@type":"EntryPoint","urlTemplate":"https:\/\/megabelzyce.pl\/?s={search_term_string}"},"query-input":{"@type":"PropertyValueSpecification","valueRequired":true,"valueName":"search_term_string"}}],"inLanguage":"en-US"},{"@type":"Organization","@id":"https:\/\/megabelzyce.pl\/#organization","name":"Mega Be\u0142\u017cyce","url":"https:\/\/megabelzyce.pl\/","logo":{"@type":"ImageObject","inLanguage":"en-US","@id":"https:\/\/megabelzyce.pl\/#\/schema\/logo\/image\/","url":"https:\/\/megabelzyce.pl\/wp-content\/uploads\/2023\/10\/logo-mega-skos-5.png","contentUrl":"https:\/\/megabelzyce.pl\/wp-content\/uploads\/2023\/10\/logo-mega-skos-5.png","width":181,"height":98,"caption":"Mega Be\u0142\u017cyce"},"image":{"@id":"https:\/\/megabelzyce.pl\/#\/schema\/logo\/image\/"},"sameAs":["https:\/\/www.facebook.com\/MegaBelzyceMaszyny\/?locale=pl_PL","https:\/\/www.linkedin.com\/company\/mega-sp-z-o-o\/"]}]}},"_links":{"self":[{"href":"https:\/\/megabelzyce.pl\/en\/wp-json\/wp\/v2\/pages\/3296","targetHints":{"allow":["GET"]}}],"collection":[{"href":"https:\/\/megabelzyce.pl\/en\/wp-json\/wp\/v2\/pages"}],"about":[{"href":"https:\/\/megabelzyce.pl\/en\/wp-json\/wp\/v2\/types\/page"}],"author":[{"embeddable":true,"href":"https:\/\/megabelzyce.pl\/en\/wp-json\/wp\/v2\/users\/1"}],"replies":[{"embeddable":true,"href":"https:\/\/megabelzyce.pl\/en\/wp-json\/wp\/v2\/comments?post=3296"}],"version-history":[{"count":12,"href":"https:\/\/megabelzyce.pl\/en\/wp-json\/wp\/v2\/pages\/3296\/revisions"}],"predecessor-version":[{"id":6006,"href":"https:\/\/megabelzyce.pl\/en\/wp-json\/wp\/v2\/pages\/3296\/revisions\/6006"}],"wp:attachment":[{"href":"https:\/\/megabelzyce.pl\/en\/wp-json\/wp\/v2\/media?parent=3296"}],"curies":[{"name":"wp","href":"https:\/\/api.w.org\/{rel}","templated":true}]}}