{"id":3303,"date":"2022-05-18T15:32:13","date_gmt":"2022-05-18T13:32:13","guid":{"rendered":"https:\/\/megabelzyce.pl\/heat-treatment\/"},"modified":"2023-10-13T11:09:52","modified_gmt":"2023-10-13T09:09:52","slug":"heat-treatment","status":"publish","type":"page","link":"https:\/\/megabelzyce.pl\/en\/production-process\/heat-treatment\/","title":{"rendered":"HEAT TREATMENT"},"content":{"rendered":"<div class=\"wpb-content-wrapper\">[vc_row][vc_column][vc_column_text disable_pattern=&#8221;false&#8221; margin_bottom=&#8221;10&#8243; css=&#8221;.vc_custom_1652875216984{margin-bottom: 0px !important;}&#8221;]\n<h6><a href=\"https:\/\/megabelzyce.pl\/en\/production-process\/\">\u21a9 back to production process selection<\/a><\/h6>\n[\/vc_column_text][vc_row_inner][vc_column_inner width=&#8221;1\/6&#8243;][mk_image src=&#8221;https:\/\/megabelzyce.pl\/wp-content\/uploads\/2022\/05\/proces-obrobka-termiczna.jpg&#8221; image_size=&#8221;full&#8221; margin_bottom=&#8221;5&#8243;][\/vc_column_inner][vc_column_inner width=&#8221;2\/3&#8243;][mk_padding_divider size=&#8221;35&#8243; visibility=&#8221;hidden-sm&#8221;][mk_fancy_title color=&#8221;#e4651e&#8221; size=&#8221;23&#8243; force_font_size=&#8221;true&#8221; size_smallscreen=&#8221;23&#8243; size_tablet=&#8221;22&#8243; size_phone=&#8221;20&#8243; font_weight=&#8221;500&#8243; margin_top=&#8221;5&#8243; margin_bottom=&#8221;&#8221; font_family=&#8221;none&#8221;]HEAT TREATMENT[\/mk_fancy_title][\/vc_column_inner][vc_column_inner width=&#8221;1\/6&#8243;][mk_padding_divider size=&#8221;15&#8243; visibility=&#8221;hidden-sm&#8221;][mk_image src=&#8221;https:\/\/megabelzyce.pl\/wp-content\/uploads\/2022\/05\/ikona-proces-main-orange2.png&#8221; image_width=&#8221;125&#8243; image_height=&#8221;85&#8243; align=&#8221;right&#8221; margin_bottom=&#8221;-14&#8243; visibility=&#8221;hidden-sm&#8221;][\/vc_column_inner][\/vc_row_inner][vc_separator color=&#8221;sandy_brown&#8221;][\/vc_column][\/vc_row][vc_row][vc_column][vc_column_text css=&#8221;.vc_custom_1652880731068{margin-bottom: 0px !important;}&#8221;]<div class=\"pt-cv-wrapper\"><div class='cvp-lf-wrapper col-md-3'><div class=\"cvp-live-filter cvp-checkbox \" id=\"\" data-name=\"obrobka-termiczna\" data-sid=\"96fe87dtw7\" data-isblock=\"\" data-postid=\"\"><label class=\"cvp-label\">MASZYNY<\/label><div class=\"checkbox\"><label><input type=\"checkbox\" name=\"obrobka-termiczna\" value=\"pasteurization\" \/>pasteurization<span class=\"cvp-count\"> (1)<\/span><\/label><\/div><div class=\"checkbox\"><label><input type=\"checkbox\" name=\"obrobka-termiczna\" value=\"cooling\" \/>cooling<span class=\"cvp-count\"> (4)<\/span><\/label><\/div><div class=\"checkbox\"><label><input type=\"checkbox\" name=\"obrobka-termiczna\" value=\"blanching\" \/>blanching<span class=\"cvp-count\"> (4)<\/span><\/label><\/div><\/div><\/div><div class=\"pt-cv-view pt-cv-grid pt-cv-colsys pt-cv-same-height pt-cv-pgregular pt-cv-center cvp-lfres col-md-9 col-sm-6\" id=\"pt-cv-view-96fe87dtw7\"><div data-id=\"pt-cv-page-1\" class=\"pt-cv-page\" data-cvc=\"3\" data-cvct=\"2\" data-cvcm=\"1\"><div class=\"col-md-4 col-sm-6 col-xs-12 pt-cv-content-item pt-cv-1-col\"  data-pid=\"11303\"><div class='pt-cv-ifield'><a href=\"https:\/\/megabelzyce.pl\/en\/produkty\/tunnel-pasteurizer-pnt\/\" class=\"_self pt-cv-href-thumbnail pt-cv-thumb-default cvplbd cvp-lazy-container\" target=\"_self\" ><img loading=\"lazy\" decoding=\"async\" width=\"600\" height=\"500\" src=\"https:\/\/megabelzyce.pl\/wp-content\/plugins\/pt-content-views-pro\/public\/assets\/images\/lazy_image.png\" class=\"pt-cv-thumbnail img-none skip-lazy  cvplazy\" alt=\"TUNNEL PASTEURIZER PNT\" itemprop=\"image\" data-cvpsrc=\"https:\/\/megabelzyce.pl\/wp-content\/uploads\/2026\/03\/pasteryzator.jpg\" \/><\/a>\n<h4 class=\"pt-cv-title\"><a href=\"https:\/\/megabelzyce.pl\/en\/produkty\/tunnel-pasteurizer-pnt\/\" class=\"_self cvplbd\" target=\"_self\" >TUNNEL PASTEURIZER PNT<\/a><\/h4><\/div><\/div>\n<div class=\"col-md-4 col-sm-6 col-xs-12 pt-cv-content-item pt-cv-1-col\"  data-pid=\"2836\"><div class='pt-cv-ifield'><a href=\"https:\/\/megabelzyce.pl\/en\/produkty\/belt-spraying-blancher-with-air-cooling\/\" class=\"_self pt-cv-href-thumbnail pt-cv-thumb-default cvplbd cvp-lazy-container\" target=\"_self\" ><img loading=\"lazy\" decoding=\"async\" width=\"600\" height=\"500\" src=\"https:\/\/megabelzyce.pl\/wp-content\/plugins\/pt-content-views-pro\/public\/assets\/images\/lazy_image.png\" class=\"pt-cv-thumbnail img-none skip-lazy  cvplazy\" alt=\"BELT SPRAYING BLANCHER WITH AIR COOLING\" itemprop=\"image\" data-cvpsrc=\"https:\/\/megabelzyce.pl\/wp-content\/uploads\/2022\/05\/blanszownik-tasmowy-natryskowy-z-chlodzeniem-powietrzem.jpg\" \/><\/a>\n<h4 class=\"pt-cv-title\"><a href=\"https:\/\/megabelzyce.pl\/en\/produkty\/belt-spraying-blancher-with-air-cooling\/\" class=\"_self cvplbd\" target=\"_self\" >BELT SPRAYING BLANCHER WITH AIR COOLING<\/a><\/h4><\/div><\/div>\n<div class=\"col-md-4 col-sm-6 col-xs-12 pt-cv-content-item pt-cv-1-col\"  data-pid=\"3877\"><div class='pt-cv-ifield'><a href=\"https:\/\/megabelzyce.pl\/en\/produkty\/screw-cooler\/\" class=\"_self pt-cv-href-thumbnail pt-cv-thumb-default cvplbd cvp-lazy-container\" target=\"_self\" ><img loading=\"lazy\" decoding=\"async\" width=\"600\" height=\"500\" src=\"https:\/\/megabelzyce.pl\/wp-content\/plugins\/pt-content-views-pro\/public\/assets\/images\/lazy_image.png\" class=\"pt-cv-thumbnail img-none skip-lazy  cvplazy\" alt=\"SCREW COOLER\" itemprop=\"image\" data-cvpsrc=\"https:\/\/megabelzyce.pl\/wp-content\/uploads\/2022\/05\/schladzalnik-slimakowy.jpg\" \/><\/a>\n<h4 class=\"pt-cv-title\"><a href=\"https:\/\/megabelzyce.pl\/en\/produkty\/screw-cooler\/\" class=\"_self cvplbd\" target=\"_self\" >SCREW COOLER<\/a><\/h4><\/div><\/div>\n<div class=\"col-md-4 col-sm-6 col-xs-12 pt-cv-content-item pt-cv-1-col\"  data-pid=\"2943\"><div class='pt-cv-ifield'><a href=\"https:\/\/megabelzyce.pl\/en\/produkty\/baudelot-type-technological-water-chiller\/\" class=\"_self pt-cv-href-thumbnail pt-cv-thumb-default cvplbd cvp-lazy-container\" target=\"_self\" ><img loading=\"lazy\" decoding=\"async\" width=\"600\" height=\"500\" src=\"https:\/\/megabelzyce.pl\/wp-content\/plugins\/pt-content-views-pro\/public\/assets\/images\/lazy_image.png\" class=\"pt-cv-thumbnail img-none skip-lazy  cvplazy\" alt=\"BAUDELOT TYPE TECHNOLOGICAL WATER CHILLER\" itemprop=\"image\" data-cvpsrc=\"https:\/\/megabelzyce.pl\/wp-content\/uploads\/2022\/05\/chiller-wody-lodowej-typu-baudelot.jpg\" \/><\/a>\n<h4 class=\"pt-cv-title\"><a href=\"https:\/\/megabelzyce.pl\/en\/produkty\/baudelot-type-technological-water-chiller\/\" class=\"_self cvplbd\" target=\"_self\" >BAUDELOT TYPE TECHNOLOGICAL WATER CHILLER<\/a><\/h4><\/div><\/div>\n<div class=\"col-md-4 col-sm-6 col-xs-12 pt-cv-content-item pt-cv-1-col\"  data-pid=\"2916\"><div class='pt-cv-ifield'><a href=\"https:\/\/megabelzyce.pl\/en\/produkty\/immersion-belt-blancher\/\" class=\"_self pt-cv-href-thumbnail pt-cv-thumb-default cvplbd cvp-lazy-container\" target=\"_self\" ><img loading=\"lazy\" decoding=\"async\" width=\"600\" height=\"500\" src=\"https:\/\/megabelzyce.pl\/wp-content\/plugins\/pt-content-views-pro\/public\/assets\/images\/lazy_image.png\" class=\"pt-cv-thumbnail img-none skip-lazy  cvplazy\" alt=\"IMMERSION BELT BLANCHER\" itemprop=\"image\" data-cvpsrc=\"https:\/\/megabelzyce.pl\/wp-content\/uploads\/2022\/05\/blanszownik-zanurzeniowy-tasmowy.jpg\" \/><\/a>\n<h4 class=\"pt-cv-title\"><a href=\"https:\/\/megabelzyce.pl\/en\/produkty\/immersion-belt-blancher\/\" class=\"_self cvplbd\" target=\"_self\" >IMMERSION BELT BLANCHER<\/a><\/h4><\/div><\/div>\n<div class=\"col-md-4 col-sm-6 col-xs-12 pt-cv-content-item pt-cv-1-col\"  data-pid=\"2896\"><div class='pt-cv-ifield'><a href=\"https:\/\/megabelzyce.pl\/en\/produkty\/screw-blancher\/\" class=\"_self pt-cv-href-thumbnail pt-cv-thumb-default cvplbd cvp-lazy-container\" target=\"_self\" ><img loading=\"lazy\" decoding=\"async\" width=\"600\" height=\"500\" src=\"https:\/\/megabelzyce.pl\/wp-content\/plugins\/pt-content-views-pro\/public\/assets\/images\/lazy_image.png\" class=\"pt-cv-thumbnail img-none skip-lazy  cvplazy\" alt=\"SCREW BLANCHER\" itemprop=\"image\" data-cvpsrc=\"https:\/\/megabelzyce.pl\/wp-content\/uploads\/2022\/05\/rozparzacz-slimakowy-do-warzyw-okopowych.jpg\" \/><\/a>\n<h4 class=\"pt-cv-title\"><a href=\"https:\/\/megabelzyce.pl\/en\/produkty\/screw-blancher\/\" class=\"_self cvplbd\" target=\"_self\" >SCREW BLANCHER<\/a><\/h4><\/div><\/div>\n<div class=\"col-md-4 col-sm-6 col-xs-12 pt-cv-content-item pt-cv-1-col\"  data-pid=\"2905\"><div class='pt-cv-ifield'><a href=\"https:\/\/megabelzyce.pl\/en\/produkty\/belt-spraying-blancher\/\" class=\"_self pt-cv-href-thumbnail pt-cv-thumb-default cvplbd cvp-lazy-container\" target=\"_self\" ><img loading=\"lazy\" decoding=\"async\" width=\"600\" height=\"500\" src=\"https:\/\/megabelzyce.pl\/wp-content\/plugins\/pt-content-views-pro\/public\/assets\/images\/lazy_image.png\" class=\"pt-cv-thumbnail img-none skip-lazy  cvplazy\" alt=\"BELT SPRAYING BLANCHER\" itemprop=\"image\" data-cvpsrc=\"https:\/\/megabelzyce.pl\/wp-content\/uploads\/2022\/05\/blanszownik-tasmowy-natryskowy.jpg\" \/><\/a>\n<h4 class=\"pt-cv-title\"><a href=\"https:\/\/megabelzyce.pl\/en\/produkty\/belt-spraying-blancher\/\" class=\"_self cvplbd\" target=\"_self\" >BELT SPRAYING BLANCHER<\/a><\/h4><\/div><\/div><\/div><\/div><\/div>\t\t\t<style type=\"text\/css\" id=\"pt-cv-inline-style-9a2a60az9m\">#pt-cv-view-96fe87dtw7 .pt-cv-href-thumbnail  { margin-left: auto !important; margin-right: auto !important; display: block !important; text-align: center !important; clear: both !important; }\n#pt-cv-view-96fe87dtw7 .pt-cv-title a, #pt-cv-view-96fe87dtw7  .panel-title { font-family: 'Montserrat', Arial, serif !important; font-size: 15px !important; line-height: 1.3 !important; color: #000000 !important; font-weight: 600 !important; display: block !important; text-align: center !important; clear: both !important; letter-spacing: 1 !important; }\n@media (min-width: 768px) and (max-width: 991px) {#pt-cv-view-96fe87dtw7 .pt-cv-title a, #pt-cv-view-96fe87dtw7  .panel-title { font-size: 14px !important }}\n@media (max-width: 767px) {#pt-cv-view-96fe87dtw7 .pt-cv-title a, #pt-cv-view-96fe87dtw7  .panel-title { font-size: 12px !important }}\n#pt-cv-view-96fe87dtw7  .pt-cv-title a:hover, #pt-cv-view-96fe87dtw7  .panel-title:hover   { color: #e4651e !important; }\n#pt-cv-view-96fe87dtw7 .pt-cv-readmore  { color: #ffffff !important; background-color: #00aeef !important; }\n#pt-cv-view-96fe87dtw7 .pt-cv-readmore:hover  { color: #ffffff !important; background-color: #00aeef !important; }\n#pt-cv-view-96fe87dtw7  + .pt-cv-pagination-wrapper .pt-cv-more , #pt-cv-view-96fe87dtw7  + .pt-cv-pagination-wrapper .pagination .active a, .pt-cv-pagination[data-sid='96fe87dtw7'] .active a { color: #ffffff !important; }\n.cvp-live-filter[data-sid='96fe87dtw7'] .cvp-label   { font-family: 'Montserrat', Arial, serif !important; font-size: 15px !important; line-height: 1.3 !important; }\n@media (min-width: 768px) and (max-width: 991px) {.cvp-live-filter[data-sid='96fe87dtw7'] .cvp-label   { font-size: 14px !important }}\n@media (max-width: 767px) {.cvp-live-filter[data-sid='96fe87dtw7'] .cvp-label   { font-size: 13px !important }}\n.cvp-live-filter[data-sid='96fe87dtw7'] input[type='text'], .cvp-live-filter[data-sid='96fe87dtw7'] div > label, .cvp-live-filter[data-sid='96fe87dtw7'] select, .cvp-live-filter[data-sid='96fe87dtw7'] .irs-from, .cvp-live-filter[data-sid='96fe87dtw7'] .irs-to   { font-family: 'Open Sans', Arial, serif !important; font-size: 14px !important; line-height: 1.3 !important; }\n@media (min-width: 768px) and (max-width: 991px) {.cvp-live-filter[data-sid='96fe87dtw7'] input[type='text'], .cvp-live-filter[data-sid='96fe87dtw7'] div > label, .cvp-live-filter[data-sid='96fe87dtw7'] select, .cvp-live-filter[data-sid='96fe87dtw7'] .irs-from, .cvp-live-filter[data-sid='96fe87dtw7'] .irs-to   { font-size: 14px !important }}\n@media (max-width: 767px) {.cvp-live-filter[data-sid='96fe87dtw7'] input[type='text'], .cvp-live-filter[data-sid='96fe87dtw7'] div > label, .cvp-live-filter[data-sid='96fe87dtw7'] select, .cvp-live-filter[data-sid='96fe87dtw7'] .irs-from, .cvp-live-filter[data-sid='96fe87dtw7'] .irs-to   { font-size: 14px !important }}\n.cvp-live-filter[data-sid='96fe87dtw7'] input[type=radio]:checked~div   { background-color: #e4651e !important; }\n#pt-cv-view-96fe87dtw7 { text-align: center; }<\/style>\r\n\t\t\t<link href='\/\/fonts.googleapis.com\/css?family=Montserrat' rel='stylesheet' type='text\/css'><link href='\/\/fonts.googleapis.com\/css?family=Open+Sans' rel='stylesheet' type='text\/css'>[\/vc_column_text][\/vc_column][\/vc_row]\n<\/div>","protected":false},"excerpt":{"rendered":"<p>[vc_row][vc_column][vc_column_text disable_pattern=&#8221;false&#8221; margin_bottom=&#8221;10&#8243; css=&#8221;.vc_custom_1652875216984{margin-bottom: 0px !important;}&#8221;] \u21a9 back to production process selection [\/vc_column_text][vc_row_inner][vc_column_inner width=&#8221;1\/6&#8243;][mk_image src=&#8221;https:\/\/megabelzyce.pl\/wp-content\/uploads\/2022\/05\/proces-obrobka-termiczna.jpg&#8221; image_size=&#8221;full&#8221; margin_bottom=&#8221;5&#8243;][\/vc_column_inner][vc_column_inner width=&#8221;2\/3&#8243;][mk_padding_divider size=&#8221;35&#8243; visibility=&#8221;hidden-sm&#8221;][mk_fancy_title color=&#8221;#e4651e&#8221; size=&#8221;23&#8243; force_font_size=&#8221;true&#8221; size_smallscreen=&#8221;23&#8243; size_tablet=&#8221;22&#8243; size_phone=&#8221;20&#8243; font_weight=&#8221;500&#8243; margin_top=&#8221;5&#8243; margin_bottom=&#8221;&#8221; font_family=&#8221;none&#8221;]HEAT TREATMENT[\/mk_fancy_title][\/vc_column_inner][vc_column_inner width=&#8221;1\/6&#8243;][mk_padding_divider size=&#8221;15&#8243; visibility=&#8221;hidden-sm&#8221;][mk_image src=&#8221;https:\/\/megabelzyce.pl\/wp-content\/uploads\/2022\/05\/ikona-proces-main-orange2.png&#8221; image_width=&#8221;125&#8243; image_height=&#8221;85&#8243; align=&#8221;right&#8221; margin_bottom=&#8221;-14&#8243; visibility=&#8221;hidden-sm&#8221;][\/vc_column_inner][\/vc_row_inner][vc_separator color=&#8221;sandy_brown&#8221;][\/vc_column][\/vc_row][vc_row][vc_column][vc_column_text css=&#8221;.vc_custom_1652880731068{margin-bottom: 0px !important;}&#8221;][\/vc_column_text][\/vc_column][\/vc_row]<\/p>\n","protected":false},"author":1,"featured_media":7241,"parent":3296,"menu_order":0,"comment_status":"closed","ping_status":"closed","template":"","meta":{"_acf_changed":false,"footnotes":""},"class_list":["post-3303","page","type-page","status-publish","has-post-thumbnail","hentry"],"acf":[],"yoast_head":"<!-- This site is optimized with the Yoast SEO plugin v27.5 - https:\/\/yoast.com\/product\/yoast-seo-wordpress\/ -->\n<title>HEAT TREATMENT - Mega Be\u0142\u017cyce<\/title>\n<meta name=\"description\" content=\"Here you will find blanchers, coolers, water chillers and other thermal processing machines.\" \/>\n<meta name=\"robots\" content=\"index, follow, max-snippet:-1, max-image-preview:large, max-video-preview:-1\" \/>\n<link rel=\"canonical\" href=\"https:\/\/megabelzyce.pl\/en\/production-process\/heat-treatment\/\" \/>\n<meta property=\"og:locale\" content=\"en_US\" \/>\n<meta property=\"og:type\" content=\"article\" \/>\n<meta property=\"og:title\" content=\"HEAT TREATMENT - Mega Be\u0142\u017cyce\" \/>\n<meta property=\"og:description\" content=\"Here you will find blanchers, coolers, water chillers and other thermal processing machines.\" \/>\n<meta property=\"og:url\" content=\"https:\/\/megabelzyce.pl\/en\/production-process\/heat-treatment\/\" \/>\n<meta property=\"og:site_name\" content=\"Mega Be\u0142\u017cyce\" \/>\n<meta property=\"article:publisher\" content=\"https:\/\/www.facebook.com\/MegaBelzyceMaszyny\/?locale=pl_PL\" \/>\n<meta property=\"article:modified_time\" content=\"2023-10-13T09:09:52+00:00\" \/>\n<meta property=\"og:image\" content=\"https:\/\/megabelzyce.pl\/wp-content\/uploads\/2023\/10\/maszyny-logo.jpg\" \/>\n\t<meta property=\"og:image:width\" content=\"600\" \/>\n\t<meta property=\"og:image:height\" content=\"500\" \/>\n\t<meta property=\"og:image:type\" content=\"image\/jpeg\" \/>\n<meta name=\"twitter:card\" content=\"summary_large_image\" \/>\n<meta name=\"twitter:label1\" content=\"Est. reading time\" \/>\n\t<meta name=\"twitter:data1\" content=\"1 minute\" \/>\n<script type=\"application\/ld+json\" class=\"yoast-schema-graph\">{\"@context\":\"https:\\\/\\\/schema.org\",\"@graph\":[{\"@type\":\"WebPage\",\"@id\":\"https:\\\/\\\/megabelzyce.pl\\\/en\\\/production-process\\\/heat-treatment\\\/\",\"url\":\"https:\\\/\\\/megabelzyce.pl\\\/en\\\/production-process\\\/heat-treatment\\\/\",\"name\":\"HEAT TREATMENT - Mega Be\u0142\u017cyce\",\"isPartOf\":{\"@id\":\"https:\\\/\\\/megabelzyce.pl\\\/#website\"},\"primaryImageOfPage\":{\"@id\":\"https:\\\/\\\/megabelzyce.pl\\\/en\\\/production-process\\\/heat-treatment\\\/#primaryimage\"},\"image\":{\"@id\":\"https:\\\/\\\/megabelzyce.pl\\\/en\\\/production-process\\\/heat-treatment\\\/#primaryimage\"},\"thumbnailUrl\":\"https:\\\/\\\/megabelzyce.pl\\\/wp-content\\\/uploads\\\/2023\\\/10\\\/maszyny-logo.jpg\",\"datePublished\":\"2022-05-18T13:32:13+00:00\",\"dateModified\":\"2023-10-13T09:09:52+00:00\",\"description\":\"Here you will find blanchers, coolers, water chillers and other thermal processing machines.\",\"breadcrumb\":{\"@id\":\"https:\\\/\\\/megabelzyce.pl\\\/en\\\/production-process\\\/heat-treatment\\\/#breadcrumb\"},\"inLanguage\":\"en-US\",\"potentialAction\":[{\"@type\":\"ReadAction\",\"target\":[\"https:\\\/\\\/megabelzyce.pl\\\/en\\\/production-process\\\/heat-treatment\\\/\"]}]},{\"@type\":\"ImageObject\",\"inLanguage\":\"en-US\",\"@id\":\"https:\\\/\\\/megabelzyce.pl\\\/en\\\/production-process\\\/heat-treatment\\\/#primaryimage\",\"url\":\"https:\\\/\\\/megabelzyce.pl\\\/wp-content\\\/uploads\\\/2023\\\/10\\\/maszyny-logo.jpg\",\"contentUrl\":\"https:\\\/\\\/megabelzyce.pl\\\/wp-content\\\/uploads\\\/2023\\\/10\\\/maszyny-logo.jpg\",\"width\":600,\"height\":500,\"caption\":\"maszyny-logo\"},{\"@type\":\"BreadcrumbList\",\"@id\":\"https:\\\/\\\/megabelzyce.pl\\\/en\\\/production-process\\\/heat-treatment\\\/#breadcrumb\",\"itemListElement\":[{\"@type\":\"ListItem\",\"position\":1,\"name\":\"Home\",\"item\":\"https:\\\/\\\/megabelzyce.pl\\\/en\\\/\"},{\"@type\":\"ListItem\",\"position\":2,\"name\":\"PRODUCTION PROCESS\",\"item\":\"https:\\\/\\\/megabelzyce.pl\\\/en\\\/production-process\\\/\"},{\"@type\":\"ListItem\",\"position\":3,\"name\":\"HEAT TREATMENT\"}]},{\"@type\":\"WebSite\",\"@id\":\"https:\\\/\\\/megabelzyce.pl\\\/#website\",\"url\":\"https:\\\/\\\/megabelzyce.pl\\\/\",\"name\":\"Mega Be\u0142\u017cyce\",\"description\":\"Maszyny dla przemys\u0142u spo\u017cywczego\",\"publisher\":{\"@id\":\"https:\\\/\\\/megabelzyce.pl\\\/#organization\"},\"potentialAction\":[{\"@type\":\"SearchAction\",\"target\":{\"@type\":\"EntryPoint\",\"urlTemplate\":\"https:\\\/\\\/megabelzyce.pl\\\/?s={search_term_string}\"},\"query-input\":{\"@type\":\"PropertyValueSpecification\",\"valueRequired\":true,\"valueName\":\"search_term_string\"}}],\"inLanguage\":\"en-US\"},{\"@type\":\"Organization\",\"@id\":\"https:\\\/\\\/megabelzyce.pl\\\/#organization\",\"name\":\"Mega Be\u0142\u017cyce\",\"url\":\"https:\\\/\\\/megabelzyce.pl\\\/\",\"logo\":{\"@type\":\"ImageObject\",\"inLanguage\":\"en-US\",\"@id\":\"https:\\\/\\\/megabelzyce.pl\\\/#\\\/schema\\\/logo\\\/image\\\/\",\"url\":\"https:\\\/\\\/megabelzyce.pl\\\/wp-content\\\/uploads\\\/2023\\\/10\\\/logo-mega-skos-5.png\",\"contentUrl\":\"https:\\\/\\\/megabelzyce.pl\\\/wp-content\\\/uploads\\\/2023\\\/10\\\/logo-mega-skos-5.png\",\"width\":181,\"height\":98,\"caption\":\"Mega Be\u0142\u017cyce\"},\"image\":{\"@id\":\"https:\\\/\\\/megabelzyce.pl\\\/#\\\/schema\\\/logo\\\/image\\\/\"},\"sameAs\":[\"https:\\\/\\\/www.facebook.com\\\/MegaBelzyceMaszyny\\\/?locale=pl_PL\",\"https:\\\/\\\/www.linkedin.com\\\/company\\\/mega-sp-z-o-o\\\/\"]}]}<\/script>\n<!-- \/ Yoast SEO plugin. -->","yoast_head_json":{"title":"HEAT TREATMENT - Mega Be\u0142\u017cyce","description":"Here you will find blanchers, coolers, water chillers and other thermal processing machines.","robots":{"index":"index","follow":"follow","max-snippet":"max-snippet:-1","max-image-preview":"max-image-preview:large","max-video-preview":"max-video-preview:-1"},"canonical":"https:\/\/megabelzyce.pl\/en\/production-process\/heat-treatment\/","og_locale":"en_US","og_type":"article","og_title":"HEAT TREATMENT - Mega Be\u0142\u017cyce","og_description":"Here you will find blanchers, coolers, water chillers and other thermal processing machines.","og_url":"https:\/\/megabelzyce.pl\/en\/production-process\/heat-treatment\/","og_site_name":"Mega Be\u0142\u017cyce","article_publisher":"https:\/\/www.facebook.com\/MegaBelzyceMaszyny\/?locale=pl_PL","article_modified_time":"2023-10-13T09:09:52+00:00","og_image":[{"width":600,"height":500,"url":"https:\/\/megabelzyce.pl\/wp-content\/uploads\/2023\/10\/maszyny-logo.jpg","type":"image\/jpeg"}],"twitter_card":"summary_large_image","twitter_misc":{"Est. reading time":"1 minute"},"schema":{"@context":"https:\/\/schema.org","@graph":[{"@type":"WebPage","@id":"https:\/\/megabelzyce.pl\/en\/production-process\/heat-treatment\/","url":"https:\/\/megabelzyce.pl\/en\/production-process\/heat-treatment\/","name":"HEAT TREATMENT - Mega Be\u0142\u017cyce","isPartOf":{"@id":"https:\/\/megabelzyce.pl\/#website"},"primaryImageOfPage":{"@id":"https:\/\/megabelzyce.pl\/en\/production-process\/heat-treatment\/#primaryimage"},"image":{"@id":"https:\/\/megabelzyce.pl\/en\/production-process\/heat-treatment\/#primaryimage"},"thumbnailUrl":"https:\/\/megabelzyce.pl\/wp-content\/uploads\/2023\/10\/maszyny-logo.jpg","datePublished":"2022-05-18T13:32:13+00:00","dateModified":"2023-10-13T09:09:52+00:00","description":"Here you will find blanchers, coolers, water chillers and other thermal processing machines.","breadcrumb":{"@id":"https:\/\/megabelzyce.pl\/en\/production-process\/heat-treatment\/#breadcrumb"},"inLanguage":"en-US","potentialAction":[{"@type":"ReadAction","target":["https:\/\/megabelzyce.pl\/en\/production-process\/heat-treatment\/"]}]},{"@type":"ImageObject","inLanguage":"en-US","@id":"https:\/\/megabelzyce.pl\/en\/production-process\/heat-treatment\/#primaryimage","url":"https:\/\/megabelzyce.pl\/wp-content\/uploads\/2023\/10\/maszyny-logo.jpg","contentUrl":"https:\/\/megabelzyce.pl\/wp-content\/uploads\/2023\/10\/maszyny-logo.jpg","width":600,"height":500,"caption":"maszyny-logo"},{"@type":"BreadcrumbList","@id":"https:\/\/megabelzyce.pl\/en\/production-process\/heat-treatment\/#breadcrumb","itemListElement":[{"@type":"ListItem","position":1,"name":"Home","item":"https:\/\/megabelzyce.pl\/en\/"},{"@type":"ListItem","position":2,"name":"PRODUCTION PROCESS","item":"https:\/\/megabelzyce.pl\/en\/production-process\/"},{"@type":"ListItem","position":3,"name":"HEAT TREATMENT"}]},{"@type":"WebSite","@id":"https:\/\/megabelzyce.pl\/#website","url":"https:\/\/megabelzyce.pl\/","name":"Mega Be\u0142\u017cyce","description":"Maszyny dla przemys\u0142u spo\u017cywczego","publisher":{"@id":"https:\/\/megabelzyce.pl\/#organization"},"potentialAction":[{"@type":"SearchAction","target":{"@type":"EntryPoint","urlTemplate":"https:\/\/megabelzyce.pl\/?s={search_term_string}"},"query-input":{"@type":"PropertyValueSpecification","valueRequired":true,"valueName":"search_term_string"}}],"inLanguage":"en-US"},{"@type":"Organization","@id":"https:\/\/megabelzyce.pl\/#organization","name":"Mega Be\u0142\u017cyce","url":"https:\/\/megabelzyce.pl\/","logo":{"@type":"ImageObject","inLanguage":"en-US","@id":"https:\/\/megabelzyce.pl\/#\/schema\/logo\/image\/","url":"https:\/\/megabelzyce.pl\/wp-content\/uploads\/2023\/10\/logo-mega-skos-5.png","contentUrl":"https:\/\/megabelzyce.pl\/wp-content\/uploads\/2023\/10\/logo-mega-skos-5.png","width":181,"height":98,"caption":"Mega Be\u0142\u017cyce"},"image":{"@id":"https:\/\/megabelzyce.pl\/#\/schema\/logo\/image\/"},"sameAs":["https:\/\/www.facebook.com\/MegaBelzyceMaszyny\/?locale=pl_PL","https:\/\/www.linkedin.com\/company\/mega-sp-z-o-o\/"]}]}},"_links":{"self":[{"href":"https:\/\/megabelzyce.pl\/en\/wp-json\/wp\/v2\/pages\/3303","targetHints":{"allow":["GET"]}}],"collection":[{"href":"https:\/\/megabelzyce.pl\/en\/wp-json\/wp\/v2\/pages"}],"about":[{"href":"https:\/\/megabelzyce.pl\/en\/wp-json\/wp\/v2\/types\/page"}],"author":[{"embeddable":true,"href":"https:\/\/megabelzyce.pl\/en\/wp-json\/wp\/v2\/users\/1"}],"replies":[{"embeddable":true,"href":"https:\/\/megabelzyce.pl\/en\/wp-json\/wp\/v2\/comments?post=3303"}],"version-history":[{"count":7,"href":"https:\/\/megabelzyce.pl\/en\/wp-json\/wp\/v2\/pages\/3303\/revisions"}],"predecessor-version":[{"id":7259,"href":"https:\/\/megabelzyce.pl\/en\/wp-json\/wp\/v2\/pages\/3303\/revisions\/7259"}],"up":[{"embeddable":true,"href":"https:\/\/megabelzyce.pl\/en\/wp-json\/wp\/v2\/pages\/3296"}],"wp:featuredmedia":[{"embeddable":true,"href":"https:\/\/megabelzyce.pl\/en\/wp-json\/wp\/v2\/media\/7241"}],"wp:attachment":[{"href":"https:\/\/megabelzyce.pl\/en\/wp-json\/wp\/v2\/media?parent=3303"}],"curies":[{"name":"wp","href":"https:\/\/api.w.org\/{rel}","templated":true}]}}