{"id":3356,"date":"2022-03-21T12:16:13","date_gmt":"2022-03-21T11:16:13","guid":{"rendered":"https:\/\/megabelzyce.pl\/processed-product\/"},"modified":"2023-10-05T14:11:01","modified_gmt":"2023-10-05T12:11:01","slug":"processed-product","status":"publish","type":"page","link":"https:\/\/megabelzyce.pl\/en\/processed-product\/","title":{"rendered":"PROCESSED PRODUCT"},"content":{"rendered":"<div class=\"wpb-content-wrapper\">[vc_row][vc_column][vc_row_inner is_fullwidth_content=&#8221;false&#8221;][vc_column_inner width=&#8221;1\/2&#8243;][mk_fancy_title color=&#8221;#e4651e&#8221; size=&#8221;24&#8243; force_font_size=&#8221;true&#8221; size_smallscreen=&#8221;24&#8243; size_tablet=&#8221;22&#8243; size_phone=&#8221;20&#8243; margin_top=&#8221;30&#8243; margin_bottom=&#8221;0&#8243; font_family=&#8221;none&#8221; el_class=&#8221;select-by-processed-product-header&#8221;]Select Processed Product[\/mk_fancy_title][\/vc_column_inner][vc_column_inner width=&#8221;1\/2&#8243;][mk_image src=&#8221;https:\/\/megabelzyce.pl\/wp-content\/uploads\/2022\/05\/ikona-produkt-main-orange.png&#8221; image_width=&#8221;125&#8243; image_height=&#8221;90&#8243; align=&#8221;right&#8221; margin_bottom=&#8221;0&#8243; el_class=&#8221;ikonaprodukt&#8221;][\/vc_column_inner][\/vc_row_inner][mk_padding_divider size=&#8221;15&#8243;][vc_separator color=&#8221;sandy_brown&#8221;][\/vc_column][\/vc_row][vc_row][vc_column][mk_padding_divider size=&#8221;55&#8243;][\/vc_column][\/vc_row][vc_row][vc_column width=&#8221;1\/2&#8243;][vc_row_inner][vc_column_inner width=&#8221;1\/3&#8243;][mk_image src=&#8221;https:\/\/megabelzyce.pl\/wp-content\/uploads\/2022\/05\/produkt-warzywa-okopowe-2b.jpg&#8221; image_size=&#8221;full&#8221; link=&#8221;https:\/\/megabelzyce.pl\/warzywa-okopowe\/&#8221;][\/vc_column_inner][vc_column_inner width=&#8221;2\/3&#8243;][mk_custom_list style=&#8221;mk-icon-arrow-circle-o-right&#8221; margin_bottom=&#8221;20&#8243;]\n<h3 class=\"mk-box-icon-2-title\">ROOT VEGETABLES<\/h3>\n<h6>onion, beet, carrot, leek, celery, potato<\/h6>\n<ul>\n<li><a href=\"https:\/\/megabelzyce.pl\/en\/processed-product\/root-vegetables\/\"><span style=\"color: #ff6600;\">see the machines<\/span><\/a><\/li>\n<\/ul>\n[\/mk_custom_list][\/vc_column_inner][\/vc_row_inner][\/vc_column][vc_column width=&#8221;1\/2&#8243;][vc_row_inner][vc_column_inner width=&#8221;1\/3&#8243;][mk_image src=&#8221;https:\/\/megabelzyce.pl\/wp-content\/uploads\/2022\/05\/produkt-owoce-2b.jpg&#8221; image_size=&#8221;full&#8221; link=&#8221;https:\/\/megabelzyce.pl\/owoce\/&#8221;][\/vc_column_inner][vc_column_inner width=&#8221;2\/3&#8243;][mk_custom_list style=&#8221;mk-icon-arrow-circle-o-right&#8221; margin_bottom=&#8221;20&#8243;]\n<h3 class=\"mk-box-icon-2-title\">FRUITS<\/h3>\n<h6>apple, blueberry, raspberry, currant, rhubarb, strawberry, cherry<\/h6>\n<ul>\n<li><a href=\"https:\/\/megabelzyce.pl\/en\/processed-product\/fruits\/\"><span style=\"color: #ff6600;\">see the machines<\/span><\/a><\/li>\n<\/ul>\n[\/mk_custom_list][\/vc_column_inner][\/vc_row_inner][\/vc_column][\/vc_row][vc_row][vc_column][mk_padding_divider size=&#8221;25&#8243;][\/vc_column][\/vc_row][vc_row][vc_column width=&#8221;1\/2&#8243;][vc_row_inner][vc_column_inner width=&#8221;1\/3&#8243;][mk_image src=&#8221;https:\/\/megabelzyce.pl\/wp-content\/uploads\/2022\/05\/produkt-cukinia-2b.jpg&#8221; image_size=&#8221;full&#8221; link=&#8221;https:\/\/megabelzyce.pl\/cukinia-ogorek-papryka-pomidor\/&#8221;][\/vc_column_inner][vc_column_inner width=&#8221;2\/3&#8243;][mk_custom_list style=&#8221;mk-icon-arrow-circle-o-right&#8221; margin_bottom=&#8221;20&#8243;]\n<h3 class=\"mk-box-icon-2-title\">FRUIT VEGETABLES<\/h3>\n<h6>zucchini, cucumber, peppers, tomato<\/h6>\n<ul>\n<li><a href=\"https:\/\/megabelzyce.pl\/en\/processed-product\/fruiting-vegetables\/\"><span style=\"color: #ff6600;\">see the machines<\/span><\/a><\/li>\n<\/ul>\n[\/mk_custom_list][\/vc_column_inner][\/vc_row_inner][\/vc_column][vc_column width=&#8221;1\/2&#8243;][vc_row_inner][vc_column_inner width=&#8221;1\/3&#8243;][mk_image src=&#8221;https:\/\/megabelzyce.pl\/wp-content\/uploads\/2022\/05\/produkt-groszek-2b.jpg&#8221; image_size=&#8221;full&#8221; link=&#8221;https:\/\/megabelzyce.pl\/warzywa-straczkowe\/&#8221;][\/vc_column_inner][vc_column_inner width=&#8221;2\/3&#8243;][mk_custom_list style=&#8221;mk-icon-arrow-circle-o-right&#8221; margin_bottom=&#8221;20&#8243;]\n<h3 class=\"mk-box-icon-2-title\">LEGUMES<\/h3>\n<h6>peas, corn, green beans<\/h6>\n<ul>\n<li><a href=\"https:\/\/megabelzyce.pl\/en\/processed-product\/legumes\/\"><span style=\"color: #ff6600;\">see the machines<\/span><\/a><\/li>\n<\/ul>\n[\/mk_custom_list][\/vc_column_inner][\/vc_row_inner][\/vc_column][\/vc_row][vc_row][vc_column][mk_padding_divider size=&#8221;25&#8243;][\/vc_column][\/vc_row][vc_row][vc_column width=&#8221;1\/2&#8243;][vc_row_inner][vc_column_inner width=&#8221;1\/3&#8243;][mk_image src=&#8221;https:\/\/megabelzyce.pl\/wp-content\/uploads\/2022\/05\/produkt-brokul-2b.jpg&#8221; image_size=&#8221;full&#8221; link=&#8221;https:\/\/megabelzyce.pl\/brokul-kalafior\/&#8221;][\/vc_column_inner][vc_column_inner width=&#8221;2\/3&#8243;][mk_custom_list style=&#8221;mk-icon-arrow-circle-o-right&#8221; margin_bottom=&#8221;20&#8243;]\n<h3 class=\"mk-box-icon-2-title\">BRASSICA VEGETABLES<\/h3>\n<h6>broccoli, cauliflower<\/h6>\n<ul>\n<li><a href=\"https:\/\/megabelzyce.pl\/en\/processed-product\/brassica-vegetables\/\"><span style=\"color: #ff6600;\">see the machines<\/span><\/a><\/li>\n<\/ul>\n[\/mk_custom_list][\/vc_column_inner][\/vc_row_inner][\/vc_column][vc_column width=&#8221;1\/2&#8243;][vc_row_inner][vc_column_inner width=&#8221;1\/3&#8243;][mk_image src=&#8221;https:\/\/megabelzyce.pl\/wp-content\/uploads\/2022\/05\/produkt-lisciaste-2b.jpg&#8221; image_size=&#8221;full&#8221; link=&#8221;https:\/\/megabelzyce.pl\/warzywa-lisciaste\/&#8221;][\/vc_column_inner][vc_column_inner width=&#8221;2\/3&#8243;][mk_custom_list style=&#8221;mk-icon-arrow-circle-o-right&#8221; margin_bottom=&#8221;20&#8243;]\n<h3 class=\"mk-box-icon-2-title\">LEAFY VEGETABLES<\/h3>\n<h6>lettuce, spinach<\/h6>\n<ul>\n<li><a href=\"https:\/\/megabelzyce.pl\/en\/processed-product\/leafy-vegetables\/\"><span style=\"color: #ff6600;\">see the machines<\/span><\/a><\/li>\n<\/ul>\n[\/mk_custom_list][\/vc_column_inner][\/vc_row_inner][\/vc_column][\/vc_row][vc_row][vc_column][mk_padding_divider size=&#8221;25&#8243;][\/vc_column][\/vc_row][vc_row][vc_column width=&#8221;1\/2&#8243;][vc_row_inner][vc_column_inner width=&#8221;1\/3&#8243;][mk_image src=&#8221;https:\/\/megabelzyce.pl\/wp-content\/uploads\/2022\/05\/produkt-kiszona-kapusta-2b.jpg&#8221; image_size=&#8221;full&#8221; link=&#8221;https:\/\/megabelzyce.pl\/kapusta-kiszona\/&#8221;][\/vc_column_inner][vc_column_inner width=&#8221;2\/3&#8243;][mk_custom_list style=&#8221;mk-icon-arrow-circle-o-right&#8221; margin_bottom=&#8221;20&#8243;]\n<h3 class=\"mk-box-icon-2-title\">SAUERKRAUT<\/h3>\n<ul>\n<li><a href=\"https:\/\/megabelzyce.pl\/en\/processed-product\/sauerkraut\/\"><span style=\"color: #ff6600;\">see the machines<\/span><\/a><\/li>\n<\/ul>\n[\/mk_custom_list][\/vc_column_inner][\/vc_row_inner][\/vc_column][vc_column width=&#8221;1\/2&#8243;][vc_row_inner][vc_column_inner width=&#8221;1\/3&#8243;][mk_image src=&#8221;https:\/\/megabelzyce.pl\/wp-content\/uploads\/2022\/05\/produkt-grzyby-2b.jpg&#8221; image_size=&#8221;full&#8221; link=&#8221;https:\/\/megabelzyce.pl\/grzyby\/&#8221;][\/vc_column_inner][vc_column_inner width=&#8221;2\/3&#8243;][mk_custom_list style=&#8221;mk-icon-arrow-circle-o-right&#8221; margin_bottom=&#8221;20&#8243;]\n<h3 class=\"mk-box-icon-2-title\">MUSHROOMS<\/h3>\n<ul>\n<li><a href=\"https:\/\/megabelzyce.pl\/en\/processed-product\/mushrooms\/\"><span style=\"color: #ff6600;\">see the machines<\/span><\/a><\/li>\n<\/ul>\n[\/mk_custom_list][\/vc_column_inner][\/vc_row_inner][\/vc_column][\/vc_row][vc_row][vc_column][mk_padding_divider size=&#8221;25&#8243;][\/vc_column][\/vc_row][vc_row][vc_column width=&#8221;1\/2&#8243;][vc_row_inner][vc_column_inner width=&#8221;1\/3&#8243;][mk_image src=&#8221;https:\/\/megabelzyce.pl\/wp-content\/uploads\/2022\/05\/produkt-ziola-2b.jpg&#8221; image_size=&#8221;full&#8221; link=&#8221;https:\/\/megabelzyce.pl\/ziola\/&#8221;][\/vc_column_inner][vc_column_inner width=&#8221;2\/3&#8243;][mk_custom_list style=&#8221;mk-icon-arrow-circle-o-right&#8221; margin_bottom=&#8221;20&#8243;]\n<h3 class=\"mk-box-icon-2-title\">HERBS<\/h3>\n<ul>\n<li><a href=\"https:\/\/megabelzyce.pl\/en\/processed-product\/herbs\/\"><span style=\"color: #ff6600;\">see the machines<\/span><\/a><\/li>\n<\/ul>\n[\/mk_custom_list][\/vc_column_inner][\/vc_row_inner][\/vc_column][vc_column width=&#8221;1\/2&#8243;][vc_row_inner][vc_column_inner width=&#8221;1\/3&#8243;][mk_image src=&#8221;https:\/\/megabelzyce.pl\/wp-content\/uploads\/2022\/05\/produkt-opakowania-2b.jpg&#8221; image_size=&#8221;full&#8221; link=&#8221;https:\/\/megabelzyce.pl\/opakowania-skrzynki\/&#8221;][\/vc_column_inner][vc_column_inner width=&#8221;2\/3&#8243;][mk_custom_list style=&#8221;mk-icon-arrow-circle-o-right&#8221; margin_bottom=&#8221;20&#8243;]\n<h3 class=\"mk-box-icon-2-title\">PACKAGES, BOXES<\/h3>\n<ul>\n<li><a href=\"https:\/\/megabelzyce.pl\/en\/processed-product\/packages-boxes\/\"><span style=\"color: #ff6600;\">see the machines<\/span><\/a><\/li>\n<\/ul>\n[\/mk_custom_list][\/vc_column_inner][\/vc_row_inner][\/vc_column][\/vc_row][vc_row][vc_column][mk_padding_divider size=&#8221;25&#8243;][\/vc_column][\/vc_row][vc_row][vc_column width=&#8221;1\/2&#8243;][vc_row_inner][vc_column_inner width=&#8221;1\/3&#8243;][mk_image src=&#8221;https:\/\/megabelzyce.pl\/wp-content\/uploads\/2022\/05\/produkt-odpady-2b.jpg&#8221; image_size=&#8221;full&#8221; link=&#8221;https:\/\/megabelzyce.pl\/odpady\/&#8221;][\/vc_column_inner][vc_column_inner width=&#8221;2\/3&#8243;][mk_custom_list style=&#8221;mk-icon-arrow-circle-o-right&#8221; margin_bottom=&#8221;20&#8243;]\n<h3 class=\"mk-box-icon-2-title\">WASTE<\/h3>\n<ul>\n<li><a href=\"https:\/\/megabelzyce.pl\/en\/processed-product\/waste\/\"><span style=\"color: #ff6600;\">see the machines<\/span><\/a><\/li>\n<\/ul>\n[\/mk_custom_list][\/vc_column_inner][\/vc_row_inner][\/vc_column][vc_column width=&#8221;1\/2&#8243;][\/vc_column][\/vc_row][vc_row][vc_column][mk_padding_divider size=&#8221;55&#8243;][\/vc_column][\/vc_row]\n<\/div>","protected":false},"excerpt":{"rendered":"<p>[vc_row][vc_column][vc_row_inner is_fullwidth_content=&#8221;false&#8221;][vc_column_inner width=&#8221;1\/2&#8243;][mk_fancy_title color=&#8221;#e4651e&#8221; size=&#8221;24&#8243; force_font_size=&#8221;true&#8221; size_smallscreen=&#8221;24&#8243; size_tablet=&#8221;22&#8243; size_phone=&#8221;20&#8243; margin_top=&#8221;30&#8243; margin_bottom=&#8221;0&#8243; font_family=&#8221;none&#8221; el_class=&#8221;select-by-processed-product-header&#8221;]Select Processed Product[\/mk_fancy_title][\/vc_column_inner][vc_column_inner width=&#8221;1\/2&#8243;][mk_image src=&#8221;https:\/\/megabelzyce.pl\/wp-content\/uploads\/2022\/05\/ikona-produkt-main-orange.png&#8221; image_width=&#8221;125&#8243; image_height=&#8221;90&#8243; align=&#8221;right&#8221; margin_bottom=&#8221;0&#8243; el_class=&#8221;ikonaprodukt&#8221;][\/vc_column_inner][\/vc_row_inner][mk_padding_divider size=&#8221;15&#8243;][vc_separator color=&#8221;sandy_brown&#8221;][\/vc_column][\/vc_row][vc_row][vc_column][mk_padding_divider size=&#8221;55&#8243;][\/vc_column][\/vc_row][vc_row][vc_column width=&#8221;1\/2&#8243;][vc_row_inner][vc_column_inner width=&#8221;1\/3&#8243;][mk_image src=&#8221;https:\/\/megabelzyce.pl\/wp-content\/uploads\/2022\/05\/produkt-warzywa-okopowe-2b.jpg&#8221; image_size=&#8221;full&#8221; link=&#8221;https:\/\/megabelzyce.pl\/warzywa-okopowe\/&#8221;][\/vc_column_inner][vc_column_inner width=&#8221;2\/3&#8243;][mk_custom_list style=&#8221;mk-icon-arrow-circle-o-right&#8221; margin_bottom=&#8221;20&#8243;] ROOT VEGETABLES onion, beet, carrot, leek, celery, potato see the machines [\/mk_custom_list][\/vc_column_inner][\/vc_row_inner][\/vc_column][vc_column width=&#8221;1\/2&#8243;][vc_row_inner][vc_column_inner width=&#8221;1\/3&#8243;][mk_image src=&#8221;https:\/\/megabelzyce.pl\/wp-content\/uploads\/2022\/05\/produkt-owoce-2b.jpg&#8221; image_size=&#8221;full&#8221; link=&#8221;https:\/\/megabelzyce.pl\/owoce\/&#8221;][\/vc_column_inner][vc_column_inner width=&#8221;2\/3&#8243;][mk_custom_list style=&#8221;mk-icon-arrow-circle-o-right&#8221; margin_bottom=&#8221;20&#8243;] FRUITS apple, [&hellip;]<\/p>\n","protected":false},"author":1,"featured_media":1847,"parent":0,"menu_order":0,"comment_status":"closed","ping_status":"closed","template":"","meta":{"_acf_changed":false,"footnotes":""},"class_list":["post-3356","page","type-page","status-publish","has-post-thumbnail","hentry"],"acf":[],"yoast_head":"<!-- This site is optimized with the Yoast SEO plugin v27.5 - https:\/\/yoast.com\/product\/yoast-seo-wordpress\/ -->\n<title>PROCESSED PRODUCT - Mega Be\u0142\u017cyce<\/title>\n<meta name=\"description\" content=\"Here you will find machines from our offer grouped according to the product that can be processed with them.\" \/>\n<meta name=\"robots\" content=\"index, follow, max-snippet:-1, max-image-preview:large, max-video-preview:-1\" \/>\n<link rel=\"canonical\" href=\"https:\/\/megabelzyce.pl\/en\/processed-product\/\" \/>\n<meta property=\"og:locale\" content=\"en_US\" \/>\n<meta property=\"og:type\" content=\"article\" \/>\n<meta property=\"og:title\" content=\"PROCESSED PRODUCT - Mega Be\u0142\u017cyce\" \/>\n<meta property=\"og:description\" content=\"Here you will find machines from our offer grouped according to the product that can be processed with them.\" \/>\n<meta property=\"og:url\" content=\"https:\/\/megabelzyce.pl\/en\/processed-product\/\" \/>\n<meta property=\"og:site_name\" content=\"Mega Be\u0142\u017cyce\" \/>\n<meta property=\"article:publisher\" content=\"https:\/\/www.facebook.com\/MegaBelzyceMaszyny\/?locale=pl_PL\" \/>\n<meta property=\"article:modified_time\" content=\"2023-10-05T12:11:01+00:00\" \/>\n<meta property=\"og:image\" content=\"https:\/\/megabelzyce.pl\/wp-content\/uploads\/2022\/04\/ikona-produkt-imgicon2.jpg\" \/>\n\t<meta property=\"og:image:width\" content=\"400\" \/>\n\t<meta property=\"og:image:height\" content=\"334\" \/>\n\t<meta property=\"og:image:type\" content=\"image\/jpeg\" \/>\n<meta name=\"twitter:card\" content=\"summary_large_image\" \/>\n<meta name=\"twitter:label1\" content=\"Est. reading time\" \/>\n\t<meta name=\"twitter:data1\" content=\"2 minutes\" \/>\n<script type=\"application\/ld+json\" class=\"yoast-schema-graph\">{\"@context\":\"https:\\\/\\\/schema.org\",\"@graph\":[{\"@type\":\"WebPage\",\"@id\":\"https:\\\/\\\/megabelzyce.pl\\\/en\\\/processed-product\\\/\",\"url\":\"https:\\\/\\\/megabelzyce.pl\\\/en\\\/processed-product\\\/\",\"name\":\"PROCESSED PRODUCT - Mega Be\u0142\u017cyce\",\"isPartOf\":{\"@id\":\"https:\\\/\\\/megabelzyce.pl\\\/#website\"},\"primaryImageOfPage\":{\"@id\":\"https:\\\/\\\/megabelzyce.pl\\\/en\\\/processed-product\\\/#primaryimage\"},\"image\":{\"@id\":\"https:\\\/\\\/megabelzyce.pl\\\/en\\\/processed-product\\\/#primaryimage\"},\"thumbnailUrl\":\"https:\\\/\\\/megabelzyce.pl\\\/wp-content\\\/uploads\\\/2022\\\/04\\\/ikona-produkt-imgicon2.jpg\",\"datePublished\":\"2022-03-21T11:16:13+00:00\",\"dateModified\":\"2023-10-05T12:11:01+00:00\",\"description\":\"Here you will find machines from our offer grouped according to the product that can be processed with them.\",\"breadcrumb\":{\"@id\":\"https:\\\/\\\/megabelzyce.pl\\\/en\\\/processed-product\\\/#breadcrumb\"},\"inLanguage\":\"en-US\",\"potentialAction\":[{\"@type\":\"ReadAction\",\"target\":[\"https:\\\/\\\/megabelzyce.pl\\\/en\\\/processed-product\\\/\"]}]},{\"@type\":\"ImageObject\",\"inLanguage\":\"en-US\",\"@id\":\"https:\\\/\\\/megabelzyce.pl\\\/en\\\/processed-product\\\/#primaryimage\",\"url\":\"https:\\\/\\\/megabelzyce.pl\\\/wp-content\\\/uploads\\\/2022\\\/04\\\/ikona-produkt-imgicon2.jpg\",\"contentUrl\":\"https:\\\/\\\/megabelzyce.pl\\\/wp-content\\\/uploads\\\/2022\\\/04\\\/ikona-produkt-imgicon2.jpg\",\"width\":400,\"height\":334,\"caption\":\"ikona-produkt-\"},{\"@type\":\"BreadcrumbList\",\"@id\":\"https:\\\/\\\/megabelzyce.pl\\\/en\\\/processed-product\\\/#breadcrumb\",\"itemListElement\":[{\"@type\":\"ListItem\",\"position\":1,\"name\":\"Home\",\"item\":\"https:\\\/\\\/megabelzyce.pl\\\/en\\\/\"},{\"@type\":\"ListItem\",\"position\":2,\"name\":\"PROCESSED PRODUCT\"}]},{\"@type\":\"WebSite\",\"@id\":\"https:\\\/\\\/megabelzyce.pl\\\/#website\",\"url\":\"https:\\\/\\\/megabelzyce.pl\\\/\",\"name\":\"Mega Be\u0142\u017cyce\",\"description\":\"Maszyny dla przemys\u0142u spo\u017cywczego\",\"publisher\":{\"@id\":\"https:\\\/\\\/megabelzyce.pl\\\/#organization\"},\"potentialAction\":[{\"@type\":\"SearchAction\",\"target\":{\"@type\":\"EntryPoint\",\"urlTemplate\":\"https:\\\/\\\/megabelzyce.pl\\\/?s={search_term_string}\"},\"query-input\":{\"@type\":\"PropertyValueSpecification\",\"valueRequired\":true,\"valueName\":\"search_term_string\"}}],\"inLanguage\":\"en-US\"},{\"@type\":\"Organization\",\"@id\":\"https:\\\/\\\/megabelzyce.pl\\\/#organization\",\"name\":\"Mega Be\u0142\u017cyce\",\"url\":\"https:\\\/\\\/megabelzyce.pl\\\/\",\"logo\":{\"@type\":\"ImageObject\",\"inLanguage\":\"en-US\",\"@id\":\"https:\\\/\\\/megabelzyce.pl\\\/#\\\/schema\\\/logo\\\/image\\\/\",\"url\":\"https:\\\/\\\/megabelzyce.pl\\\/wp-content\\\/uploads\\\/2023\\\/10\\\/logo-mega-skos-5.png\",\"contentUrl\":\"https:\\\/\\\/megabelzyce.pl\\\/wp-content\\\/uploads\\\/2023\\\/10\\\/logo-mega-skos-5.png\",\"width\":181,\"height\":98,\"caption\":\"Mega Be\u0142\u017cyce\"},\"image\":{\"@id\":\"https:\\\/\\\/megabelzyce.pl\\\/#\\\/schema\\\/logo\\\/image\\\/\"},\"sameAs\":[\"https:\\\/\\\/www.facebook.com\\\/MegaBelzyceMaszyny\\\/?locale=pl_PL\",\"https:\\\/\\\/www.linkedin.com\\\/company\\\/mega-sp-z-o-o\\\/\"]}]}<\/script>\n<!-- \/ Yoast SEO plugin. -->","yoast_head_json":{"title":"PROCESSED PRODUCT - Mega Be\u0142\u017cyce","description":"Here you will find machines from our offer grouped according to the product that can be processed with them.","robots":{"index":"index","follow":"follow","max-snippet":"max-snippet:-1","max-image-preview":"max-image-preview:large","max-video-preview":"max-video-preview:-1"},"canonical":"https:\/\/megabelzyce.pl\/en\/processed-product\/","og_locale":"en_US","og_type":"article","og_title":"PROCESSED PRODUCT - Mega Be\u0142\u017cyce","og_description":"Here you will find machines from our offer grouped according to the product that can be processed with them.","og_url":"https:\/\/megabelzyce.pl\/en\/processed-product\/","og_site_name":"Mega Be\u0142\u017cyce","article_publisher":"https:\/\/www.facebook.com\/MegaBelzyceMaszyny\/?locale=pl_PL","article_modified_time":"2023-10-05T12:11:01+00:00","og_image":[{"width":400,"height":334,"url":"https:\/\/megabelzyce.pl\/wp-content\/uploads\/2022\/04\/ikona-produkt-imgicon2.jpg","type":"image\/jpeg"}],"twitter_card":"summary_large_image","twitter_misc":{"Est. reading time":"2 minutes"},"schema":{"@context":"https:\/\/schema.org","@graph":[{"@type":"WebPage","@id":"https:\/\/megabelzyce.pl\/en\/processed-product\/","url":"https:\/\/megabelzyce.pl\/en\/processed-product\/","name":"PROCESSED PRODUCT - Mega Be\u0142\u017cyce","isPartOf":{"@id":"https:\/\/megabelzyce.pl\/#website"},"primaryImageOfPage":{"@id":"https:\/\/megabelzyce.pl\/en\/processed-product\/#primaryimage"},"image":{"@id":"https:\/\/megabelzyce.pl\/en\/processed-product\/#primaryimage"},"thumbnailUrl":"https:\/\/megabelzyce.pl\/wp-content\/uploads\/2022\/04\/ikona-produkt-imgicon2.jpg","datePublished":"2022-03-21T11:16:13+00:00","dateModified":"2023-10-05T12:11:01+00:00","description":"Here you will find machines from our offer grouped according to the product that can be processed with them.","breadcrumb":{"@id":"https:\/\/megabelzyce.pl\/en\/processed-product\/#breadcrumb"},"inLanguage":"en-US","potentialAction":[{"@type":"ReadAction","target":["https:\/\/megabelzyce.pl\/en\/processed-product\/"]}]},{"@type":"ImageObject","inLanguage":"en-US","@id":"https:\/\/megabelzyce.pl\/en\/processed-product\/#primaryimage","url":"https:\/\/megabelzyce.pl\/wp-content\/uploads\/2022\/04\/ikona-produkt-imgicon2.jpg","contentUrl":"https:\/\/megabelzyce.pl\/wp-content\/uploads\/2022\/04\/ikona-produkt-imgicon2.jpg","width":400,"height":334,"caption":"ikona-produkt-"},{"@type":"BreadcrumbList","@id":"https:\/\/megabelzyce.pl\/en\/processed-product\/#breadcrumb","itemListElement":[{"@type":"ListItem","position":1,"name":"Home","item":"https:\/\/megabelzyce.pl\/en\/"},{"@type":"ListItem","position":2,"name":"PROCESSED PRODUCT"}]},{"@type":"WebSite","@id":"https:\/\/megabelzyce.pl\/#website","url":"https:\/\/megabelzyce.pl\/","name":"Mega Be\u0142\u017cyce","description":"Maszyny dla przemys\u0142u spo\u017cywczego","publisher":{"@id":"https:\/\/megabelzyce.pl\/#organization"},"potentialAction":[{"@type":"SearchAction","target":{"@type":"EntryPoint","urlTemplate":"https:\/\/megabelzyce.pl\/?s={search_term_string}"},"query-input":{"@type":"PropertyValueSpecification","valueRequired":true,"valueName":"search_term_string"}}],"inLanguage":"en-US"},{"@type":"Organization","@id":"https:\/\/megabelzyce.pl\/#organization","name":"Mega Be\u0142\u017cyce","url":"https:\/\/megabelzyce.pl\/","logo":{"@type":"ImageObject","inLanguage":"en-US","@id":"https:\/\/megabelzyce.pl\/#\/schema\/logo\/image\/","url":"https:\/\/megabelzyce.pl\/wp-content\/uploads\/2023\/10\/logo-mega-skos-5.png","contentUrl":"https:\/\/megabelzyce.pl\/wp-content\/uploads\/2023\/10\/logo-mega-skos-5.png","width":181,"height":98,"caption":"Mega Be\u0142\u017cyce"},"image":{"@id":"https:\/\/megabelzyce.pl\/#\/schema\/logo\/image\/"},"sameAs":["https:\/\/www.facebook.com\/MegaBelzyceMaszyny\/?locale=pl_PL","https:\/\/www.linkedin.com\/company\/mega-sp-z-o-o\/"]}]}},"_links":{"self":[{"href":"https:\/\/megabelzyce.pl\/en\/wp-json\/wp\/v2\/pages\/3356","targetHints":{"allow":["GET"]}}],"collection":[{"href":"https:\/\/megabelzyce.pl\/en\/wp-json\/wp\/v2\/pages"}],"about":[{"href":"https:\/\/megabelzyce.pl\/en\/wp-json\/wp\/v2\/types\/page"}],"author":[{"embeddable":true,"href":"https:\/\/megabelzyce.pl\/en\/wp-json\/wp\/v2\/users\/1"}],"replies":[{"embeddable":true,"href":"https:\/\/megabelzyce.pl\/en\/wp-json\/wp\/v2\/comments?post=3356"}],"version-history":[{"count":13,"href":"https:\/\/megabelzyce.pl\/en\/wp-json\/wp\/v2\/pages\/3356\/revisions"}],"predecessor-version":[{"id":7199,"href":"https:\/\/megabelzyce.pl\/en\/wp-json\/wp\/v2\/pages\/3356\/revisions\/7199"}],"wp:featuredmedia":[{"embeddable":true,"href":"https:\/\/megabelzyce.pl\/en\/wp-json\/wp\/v2\/media\/1847"}],"wp:attachment":[{"href":"https:\/\/megabelzyce.pl\/en\/wp-json\/wp\/v2\/media?parent=3356"}],"curies":[{"name":"wp","href":"https:\/\/api.w.org\/{rel}","templated":true}]}}