{"id":3519,"date":"2022-05-19T02:16:02","date_gmt":"2022-05-19T00:16:02","guid":{"rendered":"https:\/\/megabelzyce.pl\/mega-laser-2\/"},"modified":"2023-10-13T14:57:04","modified_gmt":"2023-10-13T12:57:04","slug":"mega-laser","status":"publish","type":"page","link":"https:\/\/megabelzyce.pl\/en\/mega-laser\/","title":{"rendered":"MEGA LASER"},"content":{"rendered":"<div class=\"wpb-content-wrapper\">[vc_row fullwidth=&#8221;true&#8221; el_class=&#8221;mega-laser-page-wrapper&#8221;][vc_column][mk_padding_divider size=&#8221;55&#8243;][vc_row_inner is_fullwidth_content=&#8221;false&#8221;][vc_column_inner][mk_fancy_title color=&#8221;#000000&#8243; size=&#8221;36&#8243; force_font_size=&#8221;true&#8221; size_smallscreen=&#8221;36&#8243; size_tablet=&#8221;32&#8243; size_phone=&#8221;28&#8243; font_weight=&#8221;bold&#8221; margin_top=&#8221;10&#8243; margin_bottom=&#8221;10&#8243; font_family=&#8221;none&#8221; align=&#8221;center&#8221;]MEGA Laser[\/mk_fancy_title][vc_column_text align=&#8221;center&#8221; margin_bottom=&#8221;25&#8243; css=&#8221;.vc_custom_1661240188130{margin-bottom: 0px !important;}&#8221;]\n<h3 style=\"text-align: center;\">Modern processes for processing tubes and profiles. Laser cutting in 3D technology.<\/h3>\n[\/vc_column_text][mk_padding_divider size=&#8221;25&#8243; visibility=&#8221;hidden-sm&#8221;][\/vc_column_inner][\/vc_row_inner][vc_row_inner is_fullwidth_content=&#8221;false&#8221;][vc_column_inner width=&#8221;1\/2&#8243;][mk_padding_divider size=&#8221;20&#8243;][mk_custom_list style=&#8221;mk-icon-angle-double-right&#8221;]MEGA is an innovative design and manufacturing company established in 1996. We are characterized by dynamic development combined with continuous improvement of products and services, achieved thanks to the perseverance and commitment of our qualified staff. We offer a full range of cutting services for structural steel, stainless steel as well as non-ferrous metals.<\/p>\n<p>We also work in:<\/p>\n<ul>\n<li>sheet metal cutting of stainless steel and black steel<\/li>\n<li>bending stainless and black steel sheets on press brakes.<\/li>\n<\/ul>\n<p>We provide modern processes for the processing of pipes and profiles thanks to 3D laser cutting, which makes it possible to obtain various shapes, bent details and complex structures. MEGA LASER ensures the highest quality of manufactured details and the shortest lead times.[\/mk_custom_list][\/vc_column_inner][vc_column_inner width=&#8221;1\/2&#8243;][mk_image src=&#8221;https:\/\/megabelzyce.pl\/wp-content\/uploads\/2022\/05\/mega-laser-2.jpg&#8221; image_size=&#8221;full&#8221;][\/vc_column_inner][\/vc_row_inner][mk_padding_divider][\/vc_column][\/vc_row][vc_row fullwidth=&#8221;true&#8221; css=&#8221;.vc_custom_1652921223496{background-color: #ededed !important;}&#8221;][vc_column][vc_row_inner is_fullwidth_content=&#8221;false&#8221;][vc_column_inner][vc_video link=&#8221;https:\/\/youtu.be\/0ME241X0H1I&#8221; custom_thumbnail=&#8221;true&#8221; play_icon=&#8221;mk-moon-play&#8221; play_icon_size=&#8221;128&#8243; thumbnail_image=&#8221;1026&#8243;][\/vc_column_inner][\/vc_row_inner][\/vc_column][\/vc_row][vc_row][vc_column][mk_padding_divider size=&#8221;55&#8243;][vc_column_text css=&#8221;.vc_custom_1661240275599{margin-bottom: 0px !important;}&#8221;]We perform services on a state-of-the-art 3D BLM Adige Lasertube LT7, which combines all the latest developments in laser cutting. It is one of the most advanced numerically controlled pipe and profile cutting machines on the market.<\/p>\n<p>We realize orders from our own material or from entrusted material. With their expertise in laser processing, MEGA LASER experts are there to support you and answer your technical questions.[\/vc_column_text][mk_padding_divider size=&#8221;45&#8243;][vc_separator color=&#8221;sandy_brown&#8221;][\/vc_column][\/vc_row][vc_row el_class=&#8221;mega-laser-selected-projects-wrapper&#8221;][vc_column][mk_padding_divider size=&#8221;25&#8243;][vc_column_text css=&#8221;.vc_custom_1695199934704{margin-bottom: 0px !important;}&#8221;]\n<h3 style=\"text-align: center;\">Selected Projects<\/h3>\n[\/vc_column_text][mk_padding_divider size=&#8221;25&#8243;][mk_gallery images=&#8221;1029,1030,1031,1032&#8243; column=&#8221;4&#8243; image_size=&#8221;full&#8221; item_spacing=&#8221;2&#8243;][mk_padding_divider size=&#8221;75&#8243;][\/vc_column][\/vc_row][mk_page_section vertical_align=&#8221;top&#8221; layout_structure=&#8221;half_right&#8221; bg_image=&#8221;https:\/\/megabelzyce.pl\/wp-content\/uploads\/2022\/05\/mega-laser-kontakt.jpg&#8221; bg_color=&#8221;#e4651e&#8221; js_vertical_centered=&#8221;true&#8221; padding_top=&#8221;25&#8243; padding_bottom=&#8221;25&#8243; el_class=&#8221;mega-laser-stay-in-contact-wrapper&#8221;][vc_column][mk_padding_divider size=&#8221;115&#8243;][mk_fancy_title color=&#8221;#ffffff&#8221; size=&#8221;36&#8243; force_font_size=&#8221;true&#8221; size_smallscreen=&#8221;36&#8243; size_tablet=&#8221;32&#8243; size_phone=&#8221;28&#8243; font_weight=&#8221;bold&#8221; txt_transform=&#8221;uppercase&#8221; margin_top=&#8221;10&#8243; margin_bottom=&#8221;10&#8243; font_family=&#8221;none&#8221;]Let&#8217;s stay in touch[\/mk_fancy_title][vc_column_text margin_bottom=&#8221;25&#8243; css=&#8221;.vc_custom_1655893478868{margin-bottom: 0px !important;}&#8221;]<span style=\"color: #ffffff;\">Let&#8217;s talk! If you would like to ask a question or get information from one of our experts, please contact us.<\/span><\/p>\n<p><span style=\"color: #ffffff;\">Check us out!<\/span><\/p>\n<p><span style=\"color: #ffffff;\"><a style=\"color: #ffffff;\" href=\"mailto:uslugi@megabelzyce.pl\">uslugi@megabelzyce.pl<\/a><\/span><br \/>\n<span style=\"color: #ffffff;\">+48 502 508 224<\/span><br \/>\n<span style=\"color: #ffffff;\">+48 (81) 516 20 03 wew. 19<\/span>[\/vc_column_text][vc_row_inner attached=&#8221;true&#8221;][vc_column_inner width=&#8221;1\/3&#8243; css=&#8221;.vc_custom_1653047567910{margin-left: -5px !important;}&#8221;][mk_padding_divider size=&#8221;20&#8243;][vc_column_text margin_bottom=&#8221;25&#8243; css=&#8221;.vc_custom_1653047481966{margin-bottom: 0px !important;}&#8221;]\n<h6><span style=\"color: #ffffff;\">Follow MEGA LASER <\/span><\/h6>\n[\/vc_column_text][\/vc_column_inner][vc_column_inner width=&#8221;2\/3&#8243;][mk_social_networks size=&#8221;large&#8221; style=&#8221;circle&#8221; icon_color=&#8221;#ffffff&#8221; linkedin=&#8221;https:\/\/www.linkedin.com\/company\/megabelzycelaser&#8221;][\/vc_column_inner][\/vc_row_inner][mk_padding_divider size=&#8221;100&#8243;][\/vc_column][\/mk_page_section]\n<\/div>","protected":false},"excerpt":{"rendered":"<p>[vc_row fullwidth=&#8221;true&#8221; el_class=&#8221;mega-laser-page-wrapper&#8221;][vc_column][mk_padding_divider size=&#8221;55&#8243;][vc_row_inner is_fullwidth_content=&#8221;false&#8221;][vc_column_inner][mk_fancy_title color=&#8221;#000000&#8243; size=&#8221;36&#8243; force_font_size=&#8221;true&#8221; size_smallscreen=&#8221;36&#8243; size_tablet=&#8221;32&#8243; size_phone=&#8221;28&#8243; font_weight=&#8221;bold&#8221; margin_top=&#8221;10&#8243; margin_bottom=&#8221;10&#8243; font_family=&#8221;none&#8221; align=&#8221;center&#8221;]MEGA Laser[\/mk_fancy_title][vc_column_text align=&#8221;center&#8221; margin_bottom=&#8221;25&#8243; css=&#8221;.vc_custom_1661240188130{margin-bottom: 0px !important;}&#8221;] Modern processes for processing tubes and profiles. Laser cutting in 3D technology. [\/vc_column_text][mk_padding_divider size=&#8221;25&#8243; visibility=&#8221;hidden-sm&#8221;][\/vc_column_inner][\/vc_row_inner][vc_row_inner is_fullwidth_content=&#8221;false&#8221;][vc_column_inner width=&#8221;1\/2&#8243;][mk_padding_divider size=&#8221;20&#8243;][mk_custom_list style=&#8221;mk-icon-angle-double-right&#8221;]MEGA is an innovative design and manufacturing company established in 1996. We are characterized by [&hellip;]<\/p>\n","protected":false},"author":1,"featured_media":2009,"parent":0,"menu_order":0,"comment_status":"closed","ping_status":"closed","template":"","meta":{"_acf_changed":false,"footnotes":""},"class_list":["post-3519","page","type-page","status-publish","has-post-thumbnail","hentry"],"acf":[],"yoast_head":"<!-- This site is optimized with the Yoast SEO plugin v27.5 - https:\/\/yoast.com\/product\/yoast-seo-wordpress\/ -->\n<title>MEGA LASER - Mega Be\u0142\u017cyce<\/title>\n<meta name=\"description\" content=\"Modern processes for processing tubes and profiles. Laser cutting in 3D technology.\" \/>\n<meta name=\"robots\" content=\"index, follow, max-snippet:-1, max-image-preview:large, max-video-preview:-1\" \/>\n<link rel=\"canonical\" href=\"https:\/\/megabelzyce.pl\/en\/mega-laser\/\" \/>\n<meta property=\"og:locale\" content=\"en_US\" \/>\n<meta property=\"og:type\" content=\"article\" \/>\n<meta property=\"og:title\" content=\"MEGA LASER - Mega Be\u0142\u017cyce\" \/>\n<meta property=\"og:description\" content=\"Modern processes for processing tubes and profiles. Laser cutting in 3D technology.\" \/>\n<meta property=\"og:url\" content=\"https:\/\/megabelzyce.pl\/en\/mega-laser\/\" \/>\n<meta property=\"og:site_name\" content=\"Mega Be\u0142\u017cyce\" \/>\n<meta property=\"article:publisher\" content=\"https:\/\/www.facebook.com\/MegaBelzyceMaszyny\/?locale=pl_PL\" \/>\n<meta property=\"article:modified_time\" content=\"2023-10-13T12:57:04+00:00\" \/>\n<meta property=\"og:image\" content=\"https:\/\/megabelzyce.pl\/wp-content\/uploads\/2022\/05\/mega-laser-video.jpg\" \/>\n\t<meta property=\"og:image:width\" content=\"1176\" \/>\n\t<meta property=\"og:image:height\" content=\"661\" \/>\n\t<meta property=\"og:image:type\" content=\"image\/jpeg\" \/>\n<meta name=\"twitter:card\" content=\"summary_large_image\" \/>\n<meta name=\"twitter:label1\" content=\"Est. reading time\" \/>\n\t<meta name=\"twitter:data1\" content=\"3 minutes\" \/>\n<script type=\"application\/ld+json\" class=\"yoast-schema-graph\">{\"@context\":\"https:\\\/\\\/schema.org\",\"@graph\":[{\"@type\":\"WebPage\",\"@id\":\"https:\\\/\\\/megabelzyce.pl\\\/en\\\/mega-laser\\\/\",\"url\":\"https:\\\/\\\/megabelzyce.pl\\\/en\\\/mega-laser\\\/\",\"name\":\"MEGA LASER - Mega Be\u0142\u017cyce\",\"isPartOf\":{\"@id\":\"https:\\\/\\\/megabelzyce.pl\\\/#website\"},\"primaryImageOfPage\":{\"@id\":\"https:\\\/\\\/megabelzyce.pl\\\/en\\\/mega-laser\\\/#primaryimage\"},\"image\":{\"@id\":\"https:\\\/\\\/megabelzyce.pl\\\/en\\\/mega-laser\\\/#primaryimage\"},\"thumbnailUrl\":\"https:\\\/\\\/megabelzyce.pl\\\/wp-content\\\/uploads\\\/2022\\\/05\\\/mega-laser-video.jpg\",\"datePublished\":\"2022-05-19T00:16:02+00:00\",\"dateModified\":\"2023-10-13T12:57:04+00:00\",\"description\":\"Modern processes for processing tubes and profiles. Laser cutting in 3D technology.\",\"breadcrumb\":{\"@id\":\"https:\\\/\\\/megabelzyce.pl\\\/en\\\/mega-laser\\\/#breadcrumb\"},\"inLanguage\":\"en-US\",\"potentialAction\":[{\"@type\":\"ReadAction\",\"target\":[\"https:\\\/\\\/megabelzyce.pl\\\/en\\\/mega-laser\\\/\"]}]},{\"@type\":\"ImageObject\",\"inLanguage\":\"en-US\",\"@id\":\"https:\\\/\\\/megabelzyce.pl\\\/en\\\/mega-laser\\\/#primaryimage\",\"url\":\"https:\\\/\\\/megabelzyce.pl\\\/wp-content\\\/uploads\\\/2022\\\/05\\\/mega-laser-video.jpg\",\"contentUrl\":\"https:\\\/\\\/megabelzyce.pl\\\/wp-content\\\/uploads\\\/2022\\\/05\\\/mega-laser-video.jpg\",\"width\":1176,\"height\":661},{\"@type\":\"BreadcrumbList\",\"@id\":\"https:\\\/\\\/megabelzyce.pl\\\/en\\\/mega-laser\\\/#breadcrumb\",\"itemListElement\":[{\"@type\":\"ListItem\",\"position\":1,\"name\":\"Home\",\"item\":\"https:\\\/\\\/megabelzyce.pl\\\/en\\\/\"},{\"@type\":\"ListItem\",\"position\":2,\"name\":\"MEGA LASER\"}]},{\"@type\":\"WebSite\",\"@id\":\"https:\\\/\\\/megabelzyce.pl\\\/#website\",\"url\":\"https:\\\/\\\/megabelzyce.pl\\\/\",\"name\":\"Mega Be\u0142\u017cyce\",\"description\":\"Maszyny dla przemys\u0142u spo\u017cywczego\",\"publisher\":{\"@id\":\"https:\\\/\\\/megabelzyce.pl\\\/#organization\"},\"potentialAction\":[{\"@type\":\"SearchAction\",\"target\":{\"@type\":\"EntryPoint\",\"urlTemplate\":\"https:\\\/\\\/megabelzyce.pl\\\/?s={search_term_string}\"},\"query-input\":{\"@type\":\"PropertyValueSpecification\",\"valueRequired\":true,\"valueName\":\"search_term_string\"}}],\"inLanguage\":\"en-US\"},{\"@type\":\"Organization\",\"@id\":\"https:\\\/\\\/megabelzyce.pl\\\/#organization\",\"name\":\"Mega Be\u0142\u017cyce\",\"url\":\"https:\\\/\\\/megabelzyce.pl\\\/\",\"logo\":{\"@type\":\"ImageObject\",\"inLanguage\":\"en-US\",\"@id\":\"https:\\\/\\\/megabelzyce.pl\\\/#\\\/schema\\\/logo\\\/image\\\/\",\"url\":\"https:\\\/\\\/megabelzyce.pl\\\/wp-content\\\/uploads\\\/2023\\\/10\\\/logo-mega-skos-5.png\",\"contentUrl\":\"https:\\\/\\\/megabelzyce.pl\\\/wp-content\\\/uploads\\\/2023\\\/10\\\/logo-mega-skos-5.png\",\"width\":181,\"height\":98,\"caption\":\"Mega Be\u0142\u017cyce\"},\"image\":{\"@id\":\"https:\\\/\\\/megabelzyce.pl\\\/#\\\/schema\\\/logo\\\/image\\\/\"},\"sameAs\":[\"https:\\\/\\\/www.facebook.com\\\/MegaBelzyceMaszyny\\\/?locale=pl_PL\",\"https:\\\/\\\/www.linkedin.com\\\/company\\\/mega-sp-z-o-o\\\/\"]}]}<\/script>\n<!-- \/ Yoast SEO plugin. -->","yoast_head_json":{"title":"MEGA LASER - Mega Be\u0142\u017cyce","description":"Modern processes for processing tubes and profiles. Laser cutting in 3D technology.","robots":{"index":"index","follow":"follow","max-snippet":"max-snippet:-1","max-image-preview":"max-image-preview:large","max-video-preview":"max-video-preview:-1"},"canonical":"https:\/\/megabelzyce.pl\/en\/mega-laser\/","og_locale":"en_US","og_type":"article","og_title":"MEGA LASER - Mega Be\u0142\u017cyce","og_description":"Modern processes for processing tubes and profiles. Laser cutting in 3D technology.","og_url":"https:\/\/megabelzyce.pl\/en\/mega-laser\/","og_site_name":"Mega Be\u0142\u017cyce","article_publisher":"https:\/\/www.facebook.com\/MegaBelzyceMaszyny\/?locale=pl_PL","article_modified_time":"2023-10-13T12:57:04+00:00","og_image":[{"width":1176,"height":661,"url":"https:\/\/megabelzyce.pl\/wp-content\/uploads\/2022\/05\/mega-laser-video.jpg","type":"image\/jpeg"}],"twitter_card":"summary_large_image","twitter_misc":{"Est. reading time":"3 minutes"},"schema":{"@context":"https:\/\/schema.org","@graph":[{"@type":"WebPage","@id":"https:\/\/megabelzyce.pl\/en\/mega-laser\/","url":"https:\/\/megabelzyce.pl\/en\/mega-laser\/","name":"MEGA LASER - Mega Be\u0142\u017cyce","isPartOf":{"@id":"https:\/\/megabelzyce.pl\/#website"},"primaryImageOfPage":{"@id":"https:\/\/megabelzyce.pl\/en\/mega-laser\/#primaryimage"},"image":{"@id":"https:\/\/megabelzyce.pl\/en\/mega-laser\/#primaryimage"},"thumbnailUrl":"https:\/\/megabelzyce.pl\/wp-content\/uploads\/2022\/05\/mega-laser-video.jpg","datePublished":"2022-05-19T00:16:02+00:00","dateModified":"2023-10-13T12:57:04+00:00","description":"Modern processes for processing tubes and profiles. Laser cutting in 3D technology.","breadcrumb":{"@id":"https:\/\/megabelzyce.pl\/en\/mega-laser\/#breadcrumb"},"inLanguage":"en-US","potentialAction":[{"@type":"ReadAction","target":["https:\/\/megabelzyce.pl\/en\/mega-laser\/"]}]},{"@type":"ImageObject","inLanguage":"en-US","@id":"https:\/\/megabelzyce.pl\/en\/mega-laser\/#primaryimage","url":"https:\/\/megabelzyce.pl\/wp-content\/uploads\/2022\/05\/mega-laser-video.jpg","contentUrl":"https:\/\/megabelzyce.pl\/wp-content\/uploads\/2022\/05\/mega-laser-video.jpg","width":1176,"height":661},{"@type":"BreadcrumbList","@id":"https:\/\/megabelzyce.pl\/en\/mega-laser\/#breadcrumb","itemListElement":[{"@type":"ListItem","position":1,"name":"Home","item":"https:\/\/megabelzyce.pl\/en\/"},{"@type":"ListItem","position":2,"name":"MEGA LASER"}]},{"@type":"WebSite","@id":"https:\/\/megabelzyce.pl\/#website","url":"https:\/\/megabelzyce.pl\/","name":"Mega Be\u0142\u017cyce","description":"Maszyny dla przemys\u0142u spo\u017cywczego","publisher":{"@id":"https:\/\/megabelzyce.pl\/#organization"},"potentialAction":[{"@type":"SearchAction","target":{"@type":"EntryPoint","urlTemplate":"https:\/\/megabelzyce.pl\/?s={search_term_string}"},"query-input":{"@type":"PropertyValueSpecification","valueRequired":true,"valueName":"search_term_string"}}],"inLanguage":"en-US"},{"@type":"Organization","@id":"https:\/\/megabelzyce.pl\/#organization","name":"Mega Be\u0142\u017cyce","url":"https:\/\/megabelzyce.pl\/","logo":{"@type":"ImageObject","inLanguage":"en-US","@id":"https:\/\/megabelzyce.pl\/#\/schema\/logo\/image\/","url":"https:\/\/megabelzyce.pl\/wp-content\/uploads\/2023\/10\/logo-mega-skos-5.png","contentUrl":"https:\/\/megabelzyce.pl\/wp-content\/uploads\/2023\/10\/logo-mega-skos-5.png","width":181,"height":98,"caption":"Mega Be\u0142\u017cyce"},"image":{"@id":"https:\/\/megabelzyce.pl\/#\/schema\/logo\/image\/"},"sameAs":["https:\/\/www.facebook.com\/MegaBelzyceMaszyny\/?locale=pl_PL","https:\/\/www.linkedin.com\/company\/mega-sp-z-o-o\/"]}]}},"_links":{"self":[{"href":"https:\/\/megabelzyce.pl\/en\/wp-json\/wp\/v2\/pages\/3519","targetHints":{"allow":["GET"]}}],"collection":[{"href":"https:\/\/megabelzyce.pl\/en\/wp-json\/wp\/v2\/pages"}],"about":[{"href":"https:\/\/megabelzyce.pl\/en\/wp-json\/wp\/v2\/types\/page"}],"author":[{"embeddable":true,"href":"https:\/\/megabelzyce.pl\/en\/wp-json\/wp\/v2\/users\/1"}],"replies":[{"embeddable":true,"href":"https:\/\/megabelzyce.pl\/en\/wp-json\/wp\/v2\/comments?post=3519"}],"version-history":[{"count":13,"href":"https:\/\/megabelzyce.pl\/en\/wp-json\/wp\/v2\/pages\/3519\/revisions"}],"predecessor-version":[{"id":6051,"href":"https:\/\/megabelzyce.pl\/en\/wp-json\/wp\/v2\/pages\/3519\/revisions\/6051"}],"wp:featuredmedia":[{"embeddable":true,"href":"https:\/\/megabelzyce.pl\/en\/wp-json\/wp\/v2\/media\/2009"}],"wp:attachment":[{"href":"https:\/\/megabelzyce.pl\/en\/wp-json\/wp\/v2\/media?parent=3519"}],"curies":[{"name":"wp","href":"https:\/\/api.w.org\/{rel}","templated":true}]}}