{"id":6072,"date":"2022-05-18T23:27:02","date_gmt":"2022-05-18T21:27:02","guid":{"rendered":"https:\/\/megabelzyce.pl\/contacto\/"},"modified":"2023-10-13T14:51:50","modified_gmt":"2023-10-13T12:51:50","slug":"contacto","status":"publish","type":"page","link":"https:\/\/megabelzyce.pl\/es\/contacto\/","title":{"rendered":"CONTACTO"},"content":{"rendered":"<div class=\"wpb-content-wrapper\">[mk_page_section vertical_align=\u00bbtop\u00bb layout_structure=\u00bbhalf_right\u00bb bg_image=\u00bbhttps:\/\/megabelzyce.pl\/wp-content\/uploads\/2023\/09\/about-us-stay-in-touch-image.png\u00bb bg_image_portrait=\u00bbhttps:\/\/megabelzyce.pl\/wp-content\/uploads\/2022\/05\/kontakt-2.jpg\u00bb bg_color=\u00bb#e4651e\u00bb js_vertical_centered=\u00bbtrue\u00bb padding_top=\u00bb25&#8243; padding_bottom=\u00bb25&#8243; el_class=\u00bbcontact-page-first-section-wrapper\u00bb][vc_column][mk_padding_divider size=\u00bb115&#8243;][mk_fancy_title color=\u00bb#ffffff\u00bb size=\u00bb36&#8243; force_font_size=\u00bbtrue\u00bb size_smallscreen=\u00bb36&#8243; size_tablet=\u00bb32&#8243; size_phone=\u00bb28&#8243; font_weight=\u00bbbold\u00bb margin_top=\u00bb10&#8243; margin_bottom=\u00bb10&#8243; font_family=\u00bbnone\u00bb]Ponte en contacto con nosotros[\/mk_fancy_title][vc_column_text margin_bottom=\u00bb25&#8243; css=\u00bb.vc_custom_1695633606638{margin-bottom: 0px !important;}\u00bb]<span style=\"color: #ffffff;\">Elige la forma de contacto que prefieras.<\/span><\/p>\n<p><span style=\"color: #ffffff;\">Ll\u00e1manos, env\u00eda un correo electr\u00f3nico o utiliza<br \/>\nel formulario de contacto<\/span>[\/vc_column_text][mk_padding_divider size=\u00bb25&#8243;][mk_button dimension=\u00bboutline\u00bb corner_style=\u00bbrounded\u00bb size=\u00bbmedium\u00bb icon=\u00bbmk-icon-arrow-down\u00bb url=\u00bbhttps:\/\/megabelzyce.pl\/en\/contact\/#formularz\u00bb margin_top=\u00bb25&#8243; margin_bottom=\u00bb25&#8243; margin_right=\u00bb0&#8243; outline_skin=\u00bblight\u00bb]IR AL FORMULARIO[\/mk_button][mk_padding_divider size=\u00bb115&#8243;][\/vc_column][\/mk_page_section][vc_row][vc_column][mk_padding_divider][vc_column_text css=\u00bb.vc_custom_1695633652362{margin-bottom: 0px !important;}\u00bb]\n<h4 style=\"text-align: center;\">Datos de la empresa:<\/h4>\n<p style=\"text-align: center;\">MEGA Sp. z o.o.<br \/>\nMaszyny dla przemys\u0142u spo\u017cywczego<br \/>\nul. Przemys\u0142owa 52<br \/>\n24-200 Be\u0142\u017cyce<br \/>\nPolska<\/p>\n<p style=\"text-align: center;\">Tel: +48 81 516 20 03 Tel: +48 81 516 20 04 kom.: +48 507 192 441<\/p>\n<p style=\"text-align: center;\">NIP: 713-30-14-393<br \/>\nREGON: 060432388 KRS: 0000318416<\/p>\n[\/vc_column_text][vc_separator color=\u00bbsandy_brown\u00bb][vc_column_text margin_bottom=\u00bb25&#8243; css=\u00bb.vc_custom_1695633690393{margin-bottom: 0px !important;}\u00bb]\n<h4 style=\"text-align: center;\">Oficina de Atenci\u00f3n al Cliente<\/h4>\n<p style=\"text-align: center;\">tel.: +48 81 516 20 03-4<br \/>\ne-mail: biuro@megabelzyce.pl<br \/>\nContacto en polaco, ingl\u00e9s, ruso y ucraniano<\/p>\n[\/vc_column_text][vc_separator color=\u00bbsandy_brown\u00bb][mk_padding_divider][vc_row_inner][vc_column_inner width=\u00bb1\/2&#8243;][vc_column_text align=\u00bbcenter\u00bb margin_bottom=\u00bb25&#8243; css=\u00bb.vc_custom_1695633717146{margin-bottom: 0px !important;}\u00bb]\n<h4 style=\"text-align: center;\">Departamento de Exportaci\u00f3n<\/h4>\n<p style=\"text-align: center;\">tel.: +48 81 516 20 03 wew. 17<br \/>\ne-mail: export@megabelzyce.pl<br \/>\nContacto para asuntos de exportaci\u00f3n en ruso, ucraniano y polaco<\/p>\n<p style=\"text-align: center;\">tel.: + 48 81 516 20 03 wew. 67<br \/>\ne-mail: export@megabelzyce.pl<br \/>\nContact for export matters in English and Polish<\/p>\n[\/vc_column_text][\/vc_column_inner][vc_column_inner width=\u00bb1\/2&#8243;][vc_column_text align=\u00bbcenter\u00bb margin_bottom=\u00bb25&#8243; css=\u00bb.vc_custom_1695633743347{margin-bottom: 0px !important;}\u00bb]\n<h4 style=\"text-align: center;\">Departamento de Servicio<\/h4>\n<p style=\"text-align: center;\">tel.: +48 81 516 20 03 wew. 37<br \/>\ne-mail: serwis@megabelzyce.pl<br \/>\nkom: 507 192 440<\/p>\n<h4 style=\"text-align: center;\">Departamento de Servicios<\/h4>\n<p style=\"text-align: center;\">tel.: + 48 81 516 20 03 wew. 19 lub 26<br \/>\ne-mail: uslugi@megabelzyce.pl<br \/>\nkom.: 502 508 276, 502 508 224<\/p>\n[\/vc_column_text][\/vc_column_inner][\/vc_row_inner][\/vc_column][\/vc_row][vc_row id=\u00bbformularz\u00bb el_class=\u00bbcontact-page-cotnact-section-wrapper\u00bb][vc_column][mk_padding_divider size=\u00bb25&#8243;][vc_separator color=\u00bbsandy_brown\u00bb][mk_padding_divider size=\u00bb25&#8243;][vc_column_text align=\u00bbcenter\u00bb margin_bottom=\u00bb25&#8243; css=\u00bb.vc_custom_1695633778180{margin-bottom: 0px !important;}\u00bb]<strong>Env\u00eda tu consulta o d\u00e9janos tu contacto. \u00a1Te devolveremos la llamada!<\/strong>[\/vc_column_text][vc_column_text css=\u00bb.vc_custom_1695496540275{margin-bottom: 0px !important;}\u00bb]\n<div class=\"wpcf7 no-js\" id=\"wpcf7-f7023-o1\" lang=\"es-ES\" dir=\"ltr\" data-wpcf7-id=\"7023\">\n<div class=\"screen-reader-response\"><p role=\"status\" aria-live=\"polite\" aria-atomic=\"true\"><\/p> <ul><\/ul><\/div>\n<form action=\"\/es\/wp-json\/wp\/v2\/pages\/6072#wpcf7-f7023-o1\" method=\"post\" class=\"wpcf7-form init\" aria-label=\"Formulario de contacto\" novalidate=\"novalidate\" data-status=\"init\">\n<fieldset class=\"hidden-fields-container\"><input type=\"hidden\" name=\"_wpcf7\" value=\"7023\" \/><input type=\"hidden\" name=\"_wpcf7_version\" value=\"6.1.5\" \/><input type=\"hidden\" name=\"_wpcf7_locale\" value=\"es_ES\" \/><input type=\"hidden\" name=\"_wpcf7_unit_tag\" value=\"wpcf7-f7023-o1\" \/><input type=\"hidden\" name=\"_wpcf7_container_post\" value=\"0\" \/><input type=\"hidden\" name=\"_wpcf7_posted_data_hash\" value=\"\" \/>\n<\/fieldset>\n<div class=\"uacf7-form-wrapper-container uacf7-form-7023  \"><div class=\"uacf7-row\"><div class=\"uacf7-col-12\"> \n<label> Nombre y apellido <span class=\"wpcf7-form-control-wrap\" data-name=\"your-name\"><input size=\"40\" maxlength=\"400\" class=\"wpcf7-form-control wpcf7-text wpcf7-validates-as-required\" aria-required=\"true\" aria-invalid=\"false\" value=\"\" type=\"text\" name=\"your-name\" \/><\/span> <\/label> \n<\/div><\/div>\n\n<div class=\"uacf7-row\"><div class=\"uacf7-col-6\"> \n<label> E-mail\n    <span class=\"wpcf7-form-control-wrap\" data-name=\"your-email\"><input size=\"40\" maxlength=\"400\" class=\"wpcf7-form-control wpcf7-email wpcf7-validates-as-required wpcf7-text wpcf7-validates-as-email\" aria-required=\"true\" aria-invalid=\"false\" value=\"\" type=\"email\" name=\"your-email\" \/><\/span> <\/label> \n<\/div><div class=\"uacf7-col-6\"> \n<label> N\u00famero de tel\u00e9fono <span class=\"wpcf7-form-control-wrap\" data-name=\"tel-320\"><input size=\"40\" maxlength=\"400\" class=\"wpcf7-form-control wpcf7-tel wpcf7-text wpcf7-validates-as-tel\" aria-invalid=\"false\" value=\"\" type=\"tel\" name=\"tel-320\" \/><\/span> <\/label> \n<\/div><\/div>\n\n<div class=\"uacf7-row\"><div class=\"uacf7-col-12\"> \n<label> Mensaje <span class=\"wpcf7-form-control-wrap\" data-name=\"your-message\"><textarea cols=\"40\" rows=\"10\" maxlength=\"2000\" class=\"wpcf7-form-control wpcf7-textarea\" aria-invalid=\"false\" name=\"your-message\"><\/textarea><\/span> <\/label>\n<\/div><\/div>\n\n<span class=\"wpcf7-form-control-wrap\" data-name=\"acceptance-205\"><span class=\"wpcf7-form-control wpcf7-acceptance optional\"><span class=\"wpcf7-list-item\"><label><input type=\"checkbox\" name=\"acceptance-205\" value=\"1\" aria-invalid=\"false\" \/><span class=\"wpcf7-list-item-label\">Doy mi consentimiento para el procesamiento de los datos personales enviados a trav\u00e9s de este formulario por la empresa MEGA S.A. con el fin de llevar a cabo la solicitud de contacto.<\/span><\/label><\/span><\/span><\/span>\n\n<input class=\"wpcf7-form-control wpcf7-submit has-spinner\" type=\"submit\" value=\"ENVIAR\" \/><\/div><div class=\"wpcf7-response-output\" aria-hidden=\"true\"><\/div>\n<\/form>\n<\/div>\n[\/vc_column_text][\/vc_column][\/vc_row][vc_row][vc_column][\/vc_column][\/vc_row][vc_row fullwidth=\u00bbtrue\u00bb fullwidth_content=\u00bbfalse\u00bb parallax=\u00bbcontent-moving\u00bb parallax_image=\u00bb5891&#8243; parallax_speed_bg=\u00bb1.2&#8243; css=\u00bb.vc_custom_1695196694353{padding-right: 10px !important;padding-left: 10px !important;background-color: #324d3c !important;}\u00bb el_class=\u00bbnewsletter-section-wrapper\u00bb][vc_column][mk_padding_divider size=\u00bb105&#8243;][vc_row_inner][vc_column_inner][mk_fancy_title color=\u00bb#ffffff\u00bb size=\u00bb36&#8243; force_font_size=\u00bbtrue\u00bb size_smallscreen=\u00bb36&#8243; size_tablet=\u00bb32&#8243; size_phone=\u00bb28&#8243; line_height=\u00bb95&#8243; font_weight=\u00bb500&#8243; margin_bottom=\u00bb5&#8243; font_family=\u00bbnone\u00bb responsive_align=\u00bbleft\u00bb]Subscr\u00edbete al Bolet\u00edn de Noticias[\/mk_fancy_title][vc_column_text css=\u00bb.vc_custom_1695633905511{margin-bottom: 0px !important;}\u00bb]<span style=\"color: #ffffff;\">Las \u00faltimas noticias, nuevos productos, nuestros \u00e9xitos.<br \/>\n\u00a1Inscr\u00edbete en nuestro bolet\u00edn!<\/span>[\/vc_column_text][\/vc_column_inner][\/vc_row_inner][vc_row_inner is_fullwidth_content=\u00bbfalse\u00bb][vc_column_inner width=\u00bb1\/6&#8243;][\/vc_column_inner][vc_column_inner width=\u00bb2\/3&#8243;][mk_padding_divider size=\u00bb25&#8243;][mk_subscribe gdpr_consent_text=\u00bbI consent to the collection of my data by MEGA through this form.\u00bb el_class=\u00bbnewsletter-email-form\u00bb corner_radius=\u00bb50&#8243; space_between=\u00bb10&#8243; subscribe_size=\u00bbmedium\u00bb btn_bg_color=\u00bb#2b7732&#8243; btn_text_color=\u00bb#ffffff\u00bb btn_border_color=\u00bb#2b7732&#8243; input_placeholder_color=\u00bb#aaaaaa\u00bb btn_hover_bg_color=\u00bb#2a593a\u00bb btn_hover_text_color=\u00bb#ffffff\u00bb btn_hover_border_color=\u00bb#2a593a\u00bb][mk_padding_divider size=\u00bb95&#8243;][\/vc_column_inner][vc_column_inner width=\u00bb1\/6&#8243;][\/vc_column_inner][\/vc_row_inner][\/vc_column][\/vc_row]\n<\/div>","protected":false},"excerpt":{"rendered":"<p>[mk_page_section vertical_align=\u00bbtop\u00bb layout_structure=\u00bbhalf_right\u00bb bg_image=\u00bbhttps:\/\/megabelzyce.pl\/wp-content\/uploads\/2023\/09\/about-us-stay-in-touch-image.png\u00bb bg_image_portrait=\u00bbhttps:\/\/megabelzyce.pl\/wp-content\/uploads\/2022\/05\/kontakt-2.jpg\u00bb bg_color=\u00bb#e4651e\u00bb js_vertical_centered=\u00bbtrue\u00bb padding_top=\u00bb25&#8243; padding_bottom=\u00bb25&#8243; el_class=\u00bbcontact-page-first-section-wrapper\u00bb][vc_column][mk_padding_divider size=\u00bb115&#8243;][mk_fancy_title color=\u00bb#ffffff\u00bb size=\u00bb36&#8243; force_font_size=\u00bbtrue\u00bb size_smallscreen=\u00bb36&#8243; size_tablet=\u00bb32&#8243; size_phone=\u00bb28&#8243; font_weight=\u00bbbold\u00bb margin_top=\u00bb10&#8243; margin_bottom=\u00bb10&#8243; font_family=\u00bbnone\u00bb]Ponte en contacto con nosotros[\/mk_fancy_title][vc_column_text margin_bottom=\u00bb25&#8243; css=\u00bb.vc_custom_1695633606638{margin-bottom: 0px !important;}\u00bb]Elige la forma de contacto que prefieras. Ll\u00e1manos, env\u00eda un correo electr\u00f3nico o utiliza el formulario de contacto[\/vc_column_text][mk_padding_divider size=\u00bb25&#8243;][mk_button dimension=\u00bboutline\u00bb corner_style=\u00bbrounded\u00bb size=\u00bbmedium\u00bb icon=\u00bbmk-icon-arrow-down\u00bb url=\u00bbhttps:\/\/megabelzyce.pl\/en\/contact\/#formularz\u00bb margin_top=\u00bb25&#8243; margin_bottom=\u00bb25&#8243; margin_right=\u00bb0&#8243; [&hellip;]<\/p>\n","protected":false},"author":1,"featured_media":5981,"parent":0,"menu_order":0,"comment_status":"closed","ping_status":"closed","template":"","meta":{"_acf_changed":false,"footnotes":""},"class_list":["post-6072","page","type-page","status-publish","has-post-thumbnail","hentry"],"acf":[],"yoast_head":"<!-- This site is optimized with the Yoast SEO plugin v27.5 - https:\/\/yoast.com\/product\/yoast-seo-wordpress\/ -->\n<title>CONTACTO - Mega Be\u0142\u017cyce<\/title>\n<meta name=\"description\" content=\"Elija la forma de contacto que m\u00e1s le convenga. Ll\u00e1menos, env\u00edenos un correo electr\u00f3nico o utilice el formulario de contacto.\" \/>\n<meta name=\"robots\" content=\"index, follow, max-snippet:-1, max-image-preview:large, max-video-preview:-1\" \/>\n<link rel=\"canonical\" href=\"https:\/\/megabelzyce.pl\/es\/contacto\/\" \/>\n<meta property=\"og:locale\" content=\"es_ES\" \/>\n<meta property=\"og:type\" content=\"article\" \/>\n<meta property=\"og:title\" content=\"CONTACTO - Mega Be\u0142\u017cyce\" \/>\n<meta property=\"og:description\" content=\"Elija la forma de contacto que m\u00e1s le convenga. Ll\u00e1menos, env\u00edenos un correo electr\u00f3nico o utilice el formulario de contacto.\" \/>\n<meta property=\"og:url\" content=\"https:\/\/megabelzyce.pl\/es\/contacto\/\" \/>\n<meta property=\"og:site_name\" content=\"Mega Be\u0142\u017cyce\" \/>\n<meta property=\"article:publisher\" content=\"https:\/\/www.facebook.com\/MegaBelzyceMaszyny\/?locale=pl_PL\" \/>\n<meta property=\"article:modified_time\" content=\"2023-10-13T12:51:50+00:00\" \/>\n<meta property=\"og:image\" content=\"https:\/\/megabelzyce.pl\/wp-content\/uploads\/2023\/09\/about-us-career-image.png\" \/>\n\t<meta property=\"og:image:width\" content=\"570\" \/>\n\t<meta property=\"og:image:height\" content=\"570\" \/>\n\t<meta property=\"og:image:type\" content=\"image\/png\" \/>\n<meta name=\"twitter:card\" content=\"summary_large_image\" \/>\n<meta name=\"twitter:label1\" content=\"Tiempo de lectura\" \/>\n\t<meta name=\"twitter:data1\" content=\"2 minutos\" \/>\n<script type=\"application\/ld+json\" class=\"yoast-schema-graph\">{\"@context\":\"https:\\\/\\\/schema.org\",\"@graph\":[{\"@type\":\"WebPage\",\"@id\":\"https:\\\/\\\/megabelzyce.pl\\\/es\\\/contacto\\\/\",\"url\":\"https:\\\/\\\/megabelzyce.pl\\\/es\\\/contacto\\\/\",\"name\":\"CONTACTO - Mega Be\u0142\u017cyce\",\"isPartOf\":{\"@id\":\"https:\\\/\\\/megabelzyce.pl\\\/#website\"},\"primaryImageOfPage\":{\"@id\":\"https:\\\/\\\/megabelzyce.pl\\\/es\\\/contacto\\\/#primaryimage\"},\"image\":{\"@id\":\"https:\\\/\\\/megabelzyce.pl\\\/es\\\/contacto\\\/#primaryimage\"},\"thumbnailUrl\":\"https:\\\/\\\/megabelzyce.pl\\\/wp-content\\\/uploads\\\/2023\\\/09\\\/about-us-career-image.png\",\"datePublished\":\"2022-05-18T21:27:02+00:00\",\"dateModified\":\"2023-10-13T12:51:50+00:00\",\"description\":\"Elija la forma de contacto que m\u00e1s le convenga. Ll\u00e1menos, env\u00edenos un correo electr\u00f3nico o utilice el formulario de contacto.\",\"breadcrumb\":{\"@id\":\"https:\\\/\\\/megabelzyce.pl\\\/es\\\/contacto\\\/#breadcrumb\"},\"inLanguage\":\"es\",\"potentialAction\":[{\"@type\":\"ReadAction\",\"target\":[\"https:\\\/\\\/megabelzyce.pl\\\/es\\\/contacto\\\/\"]}]},{\"@type\":\"ImageObject\",\"inLanguage\":\"es\",\"@id\":\"https:\\\/\\\/megabelzyce.pl\\\/es\\\/contacto\\\/#primaryimage\",\"url\":\"https:\\\/\\\/megabelzyce.pl\\\/wp-content\\\/uploads\\\/2023\\\/09\\\/about-us-career-image.png\",\"contentUrl\":\"https:\\\/\\\/megabelzyce.pl\\\/wp-content\\\/uploads\\\/2023\\\/09\\\/about-us-career-image.png\",\"width\":570,\"height\":570,\"caption\":\"about-us-career-image\"},{\"@type\":\"BreadcrumbList\",\"@id\":\"https:\\\/\\\/megabelzyce.pl\\\/es\\\/contacto\\\/#breadcrumb\",\"itemListElement\":[{\"@type\":\"ListItem\",\"position\":1,\"name\":\"Home\",\"item\":\"https:\\\/\\\/megabelzyce.pl\\\/es\\\/\"},{\"@type\":\"ListItem\",\"position\":2,\"name\":\"CONTACTO\"}]},{\"@type\":\"WebSite\",\"@id\":\"https:\\\/\\\/megabelzyce.pl\\\/#website\",\"url\":\"https:\\\/\\\/megabelzyce.pl\\\/\",\"name\":\"Mega Be\u0142\u017cyce\",\"description\":\"Maszyny dla przemys\u0142u spo\u017cywczego\",\"publisher\":{\"@id\":\"https:\\\/\\\/megabelzyce.pl\\\/#organization\"},\"potentialAction\":[{\"@type\":\"SearchAction\",\"target\":{\"@type\":\"EntryPoint\",\"urlTemplate\":\"https:\\\/\\\/megabelzyce.pl\\\/?s={search_term_string}\"},\"query-input\":{\"@type\":\"PropertyValueSpecification\",\"valueRequired\":true,\"valueName\":\"search_term_string\"}}],\"inLanguage\":\"es\"},{\"@type\":\"Organization\",\"@id\":\"https:\\\/\\\/megabelzyce.pl\\\/#organization\",\"name\":\"Mega Be\u0142\u017cyce\",\"url\":\"https:\\\/\\\/megabelzyce.pl\\\/\",\"logo\":{\"@type\":\"ImageObject\",\"inLanguage\":\"es\",\"@id\":\"https:\\\/\\\/megabelzyce.pl\\\/#\\\/schema\\\/logo\\\/image\\\/\",\"url\":\"https:\\\/\\\/megabelzyce.pl\\\/wp-content\\\/uploads\\\/2023\\\/10\\\/logo-mega-skos-5.png\",\"contentUrl\":\"https:\\\/\\\/megabelzyce.pl\\\/wp-content\\\/uploads\\\/2023\\\/10\\\/logo-mega-skos-5.png\",\"width\":181,\"height\":98,\"caption\":\"Mega Be\u0142\u017cyce\"},\"image\":{\"@id\":\"https:\\\/\\\/megabelzyce.pl\\\/#\\\/schema\\\/logo\\\/image\\\/\"},\"sameAs\":[\"https:\\\/\\\/www.facebook.com\\\/MegaBelzyceMaszyny\\\/?locale=pl_PL\",\"https:\\\/\\\/www.linkedin.com\\\/company\\\/mega-sp-z-o-o\\\/\"]}]}<\/script>\n<!-- \/ Yoast SEO plugin. -->","yoast_head_json":{"title":"CONTACTO - Mega Be\u0142\u017cyce","description":"Elija la forma de contacto que m\u00e1s le convenga. Ll\u00e1menos, env\u00edenos un correo electr\u00f3nico o utilice el formulario de contacto.","robots":{"index":"index","follow":"follow","max-snippet":"max-snippet:-1","max-image-preview":"max-image-preview:large","max-video-preview":"max-video-preview:-1"},"canonical":"https:\/\/megabelzyce.pl\/es\/contacto\/","og_locale":"es_ES","og_type":"article","og_title":"CONTACTO - Mega Be\u0142\u017cyce","og_description":"Elija la forma de contacto que m\u00e1s le convenga. Ll\u00e1menos, env\u00edenos un correo electr\u00f3nico o utilice el formulario de contacto.","og_url":"https:\/\/megabelzyce.pl\/es\/contacto\/","og_site_name":"Mega Be\u0142\u017cyce","article_publisher":"https:\/\/www.facebook.com\/MegaBelzyceMaszyny\/?locale=pl_PL","article_modified_time":"2023-10-13T12:51:50+00:00","og_image":[{"width":570,"height":570,"url":"https:\/\/megabelzyce.pl\/wp-content\/uploads\/2023\/09\/about-us-career-image.png","type":"image\/png"}],"twitter_card":"summary_large_image","twitter_misc":{"Tiempo de lectura":"2 minutos"},"schema":{"@context":"https:\/\/schema.org","@graph":[{"@type":"WebPage","@id":"https:\/\/megabelzyce.pl\/es\/contacto\/","url":"https:\/\/megabelzyce.pl\/es\/contacto\/","name":"CONTACTO - Mega Be\u0142\u017cyce","isPartOf":{"@id":"https:\/\/megabelzyce.pl\/#website"},"primaryImageOfPage":{"@id":"https:\/\/megabelzyce.pl\/es\/contacto\/#primaryimage"},"image":{"@id":"https:\/\/megabelzyce.pl\/es\/contacto\/#primaryimage"},"thumbnailUrl":"https:\/\/megabelzyce.pl\/wp-content\/uploads\/2023\/09\/about-us-career-image.png","datePublished":"2022-05-18T21:27:02+00:00","dateModified":"2023-10-13T12:51:50+00:00","description":"Elija la forma de contacto que m\u00e1s le convenga. Ll\u00e1menos, env\u00edenos un correo electr\u00f3nico o utilice el formulario de contacto.","breadcrumb":{"@id":"https:\/\/megabelzyce.pl\/es\/contacto\/#breadcrumb"},"inLanguage":"es","potentialAction":[{"@type":"ReadAction","target":["https:\/\/megabelzyce.pl\/es\/contacto\/"]}]},{"@type":"ImageObject","inLanguage":"es","@id":"https:\/\/megabelzyce.pl\/es\/contacto\/#primaryimage","url":"https:\/\/megabelzyce.pl\/wp-content\/uploads\/2023\/09\/about-us-career-image.png","contentUrl":"https:\/\/megabelzyce.pl\/wp-content\/uploads\/2023\/09\/about-us-career-image.png","width":570,"height":570,"caption":"about-us-career-image"},{"@type":"BreadcrumbList","@id":"https:\/\/megabelzyce.pl\/es\/contacto\/#breadcrumb","itemListElement":[{"@type":"ListItem","position":1,"name":"Home","item":"https:\/\/megabelzyce.pl\/es\/"},{"@type":"ListItem","position":2,"name":"CONTACTO"}]},{"@type":"WebSite","@id":"https:\/\/megabelzyce.pl\/#website","url":"https:\/\/megabelzyce.pl\/","name":"Mega Be\u0142\u017cyce","description":"Maszyny dla przemys\u0142u spo\u017cywczego","publisher":{"@id":"https:\/\/megabelzyce.pl\/#organization"},"potentialAction":[{"@type":"SearchAction","target":{"@type":"EntryPoint","urlTemplate":"https:\/\/megabelzyce.pl\/?s={search_term_string}"},"query-input":{"@type":"PropertyValueSpecification","valueRequired":true,"valueName":"search_term_string"}}],"inLanguage":"es"},{"@type":"Organization","@id":"https:\/\/megabelzyce.pl\/#organization","name":"Mega Be\u0142\u017cyce","url":"https:\/\/megabelzyce.pl\/","logo":{"@type":"ImageObject","inLanguage":"es","@id":"https:\/\/megabelzyce.pl\/#\/schema\/logo\/image\/","url":"https:\/\/megabelzyce.pl\/wp-content\/uploads\/2023\/10\/logo-mega-skos-5.png","contentUrl":"https:\/\/megabelzyce.pl\/wp-content\/uploads\/2023\/10\/logo-mega-skos-5.png","width":181,"height":98,"caption":"Mega Be\u0142\u017cyce"},"image":{"@id":"https:\/\/megabelzyce.pl\/#\/schema\/logo\/image\/"},"sameAs":["https:\/\/www.facebook.com\/MegaBelzyceMaszyny\/?locale=pl_PL","https:\/\/www.linkedin.com\/company\/mega-sp-z-o-o\/"]}]}},"_links":{"self":[{"href":"https:\/\/megabelzyce.pl\/es\/wp-json\/wp\/v2\/pages\/6072","targetHints":{"allow":["GET"]}}],"collection":[{"href":"https:\/\/megabelzyce.pl\/es\/wp-json\/wp\/v2\/pages"}],"about":[{"href":"https:\/\/megabelzyce.pl\/es\/wp-json\/wp\/v2\/types\/page"}],"author":[{"embeddable":true,"href":"https:\/\/megabelzyce.pl\/es\/wp-json\/wp\/v2\/users\/1"}],"replies":[{"embeddable":true,"href":"https:\/\/megabelzyce.pl\/es\/wp-json\/wp\/v2\/comments?post=6072"}],"version-history":[{"count":10,"href":"https:\/\/megabelzyce.pl\/es\/wp-json\/wp\/v2\/pages\/6072\/revisions"}],"predecessor-version":[{"id":7139,"href":"https:\/\/megabelzyce.pl\/es\/wp-json\/wp\/v2\/pages\/6072\/revisions\/7139"}],"wp:featuredmedia":[{"embeddable":true,"href":"https:\/\/megabelzyce.pl\/es\/wp-json\/wp\/v2\/media\/5981"}],"wp:attachment":[{"href":"https:\/\/megabelzyce.pl\/es\/wp-json\/wp\/v2\/media?parent=6072"}],"curies":[{"name":"wp","href":"https:\/\/api.w.org\/{rel}","templated":true}]}}