{"id":6105,"date":"2022-05-19T02:16:02","date_gmt":"2022-05-19T00:16:02","guid":{"rendered":"https:\/\/megabelzyce.pl\/mega-laser\/"},"modified":"2023-10-13T14:56:57","modified_gmt":"2023-10-13T12:56:57","slug":"mega-laser","status":"publish","type":"page","link":"https:\/\/megabelzyce.pl\/es\/mega-laser\/","title":{"rendered":"MEGA L\u00c1SER"},"content":{"rendered":"<div class=\"wpb-content-wrapper\">[vc_row fullwidth=\u00bbtrue\u00bb el_class=\u00bbmega-laser-page-wrapper\u00bb][vc_column][mk_padding_divider size=\u00bb55&#8243;][vc_row_inner is_fullwidth_content=\u00bbfalse\u00bb][vc_column_inner][mk_fancy_title color=\u00bb#000000&#8243; size=\u00bb36&#8243; force_font_size=\u00bbtrue\u00bb size_smallscreen=\u00bb36&#8243; size_tablet=\u00bb32&#8243; size_phone=\u00bb28&#8243; font_weight=\u00bbbold\u00bb margin_top=\u00bb10&#8243; margin_bottom=\u00bb10&#8243; font_family=\u00bbnone\u00bb align=\u00bbcenter\u00bb]MEGA L\u00e1ser[\/mk_fancy_title][vc_column_text align=\u00bbcenter\u00bb margin_bottom=\u00bb25&#8243; css=\u00bb.vc_custom_1695497085426{margin-bottom: 0px !important;}\u00bb]\n<h3 style=\"text-align: center;\">Procesos modernos de procesamiento de tubos y perfiles. Corte l\u00e1ser en tecnolog\u00eda 3D<\/h3>\n[\/vc_column_text][mk_padding_divider size=\u00bb25&#8243; visibility=\u00bbhidden-sm\u00bb][\/vc_column_inner][\/vc_row_inner][vc_row_inner is_fullwidth_content=\u00bbfalse\u00bb][vc_column_inner width=\u00bb1\/2&#8243;][mk_padding_divider size=\u00bb20&#8243;][mk_custom_list style=\u00bbmk-icon-angle-double-right\u00bb]\n<p style=\"text-align: left;\">La empresa MEGA es una empresa innovadora de dise\u00f1o y producci\u00f3n fundada en 1996. Nos caracteriza un desarrollo din\u00e1mico combinado con la mejora continua de productos y servicios, logrado gracias a la perseverancia y compromiso de nuestro equipo altamente calificado. Ofrecemos una gama completa de servicios de corte de acero estructural, acero inoxidable y metales coloreados.<\/p>\n<p>Tambi\u00e9n trabajamos en:<\/p>\n<ul>\n<li>corte de l\u00e1minas de acero inoxidable y acero negro.<\/li>\n<li>plegado de l\u00e1minas de acero inoxidable y negro en prensas plegadoras.<\/li>\n<\/ul>\n<p>Proporcionamos procesos modernos de procesamiento de tubos \u2028y perfiles mediante corte l\u00e1ser en tecnolog\u00eda 3D, lo que permite obtener diversas formas, detalles curvados y construcciones complicadas. MEGA LASER garantiza la m\u00e1s alta calidad en los detalles fabricados y los tiempos de ejecuci\u00f3n m\u00e1s cortos para los pedidos.[\/mk_custom_list][\/vc_column_inner][vc_column_inner width=\u00bb1\/2&#8243;][mk_image src=\u00bbhttps:\/\/megabelzyce.pl\/wp-content\/uploads\/2023\/09\/mega-laser-new-photo.png\u00bb image_size=\u00bbfull\u00bb][\/vc_column_inner][\/vc_row_inner][mk_padding_divider][\/vc_column][\/vc_row][vc_row fullwidth=\u00bbtrue\u00bb css=\u00bb.vc_custom_1652921223496{background-color: #ededed !important;}\u00bb][vc_column][vc_row_inner is_fullwidth_content=\u00bbfalse\u00bb][vc_column_inner][vc_video link=\u00bbhttps:\/\/youtu.be\/0ME241X0H1I\u00bb custom_thumbnail=\u00bbtrue\u00bb play_icon=\u00bbmk-moon-play\u00bb play_icon_size=\u00bb128&#8243; thumbnail_image=\u00bb1026&#8243;][\/vc_column_inner][\/vc_row_inner][\/vc_column][\/vc_row][vc_row][vc_column][mk_padding_divider size=\u00bb55&#8243;][vc_column_text css=\u00bb.vc_custom_1695499387158{margin-bottom: 0px !important;}\u00bb]Realizamos nuestros servicios en una m\u00e1quina 3D moderna BLM Adige Lasertube LT7, que combina los \u00faltimos avances en corte l\u00e1ser. Es una de las m\u00e1quinas de corte controladas num\u00e9ricamente m\u00e1s avanzadas en el mercado para tubos y perfiles.<\/p>\n<p>Llevamos a cabo encargos con material propio o proporcionado. Gracias a nuestro conocimiento experto en procesamiento l\u00e1ser, los expertos de MEGA LASER brindan apoyo y responder\u00e1n a sus preguntas t\u00e9cnicas.[\/vc_column_text][mk_padding_divider size=\u00bb45&#8243;][vc_separator color=\u00bbsandy_brown\u00bb][\/vc_column][\/vc_row][vc_row el_class=\u00bbmega-laser-selected-projects-wrapper\u00bb][vc_column][mk_padding_divider size=\u00bb25&#8243;][vc_column_text css=\u00bb.vc_custom_1652920915702{margin-bottom: 0px !important;}\u00bb]\n<h3 style=\"text-align: center;\">REALIZACIONES SELECCIONADAS<\/h3>\n[\/vc_column_text][mk_padding_divider size=\u00bb25&#8243;][mk_gallery images=\u00bb7083,7087,7095,7091&#8243; column=\u00bb4&#8243; image_size=\u00bbfull\u00bb item_spacing=\u00bb2&#8243; el_class=\u00bbmega-laser-gallery-wrapper\u00bb][mk_padding_divider size=\u00bb75&#8243;][\/vc_column][\/vc_row][mk_page_section vertical_align=\u00bbtop\u00bb layout_structure=\u00bbhalf_right\u00bb bg_image=\u00bbhttps:\/\/megabelzyce.pl\/wp-content\/uploads\/2022\/05\/mega-laser-kontakt.jpg\u00bb bg_color=\u00bb#e4651e\u00bb js_vertical_centered=\u00bbtrue\u00bb padding_top=\u00bb25&#8243; padding_bottom=\u00bb25&#8243; el_class=\u00bbmega-laser-stay-in-contact-wrapper\u00bb][vc_column][mk_padding_divider size=\u00bb115&#8243;][mk_fancy_title color=\u00bb#ffffff\u00bb size=\u00bb36&#8243; force_font_size=\u00bbtrue\u00bb size_smallscreen=\u00bb36&#8243; size_tablet=\u00bb32&#8243; size_phone=\u00bb28&#8243; font_weight=\u00bbbold\u00bb txt_transform=\u00bbuppercase\u00bb margin_top=\u00bb10&#8243; margin_bottom=\u00bb10&#8243; font_family=\u00bbnone\u00bb]Manteng\u00e1monos en contacto[\/mk_fancy_title][vc_column_text margin_bottom=\u00bb25&#8243; css=\u00bb.vc_custom_1655893478868{margin-bottom: 0px !important;}\u00bb]<span style=\"color: #ffffff;\">Hablemos. Si desea hacer una pregunta u obtener informaci\u00f3n de uno de nuestros expertos, no dude en ponerse en contacto con nosotros.<\/span><\/p>\n<p><span style=\"color: #ffffff;\">Compru\u00e9belo usted mismo.<\/span><\/p>\n<p><span style=\"color: #ffffff;\"><a style=\"color: #ffffff;\" href=\"mailto:uslugi@megabelzyce.pl\">uslugi@megabelzyce.pl<\/a><\/span><br \/>\n<span style=\"color: #ffffff;\">+48 502 508 224<\/span><br \/>\n<span style=\"color: #ffffff;\">+48 (81) 516 20 03 wew. 19<\/span>[\/vc_column_text][vc_row_inner attached=\u00bbtrue\u00bb][vc_column_inner width=\u00bb5\/12&#8243; css=\u00bb.vc_custom_1695636038401{margin-left: -5px !important;}\u00bb][mk_padding_divider size=\u00bb20&#8243;][vc_column_text margin_bottom=\u00bb25&#8243; css=\u00bb.vc_custom_1695635529988{margin-bottom: 0px !important;}\u00bb]\n<h6><span style=\"color: #ffffff;\">S\u00edguenos en las redes sociales<\/span><\/h6>\n[\/vc_column_text][\/vc_column_inner][vc_column_inner width=\u00bb1\/2&#8243;][mk_social_networks size=\u00bblarge\u00bb style=\u00bbcircle\u00bb icon_color=\u00bb#ffffff\u00bb linkedin=\u00bbhttps:\/\/www.linkedin.com\/company\/megabelzycelaser\u00bb][\/vc_column_inner][\/vc_row_inner][mk_padding_divider size=\u00bb100&#8243;][\/vc_column][\/mk_page_section]\n<\/div>","protected":false},"excerpt":{"rendered":"<p>[vc_row fullwidth=\u00bbtrue\u00bb el_class=\u00bbmega-laser-page-wrapper\u00bb][vc_column][mk_padding_divider size=\u00bb55&#8243;][vc_row_inner is_fullwidth_content=\u00bbfalse\u00bb][vc_column_inner][mk_fancy_title color=\u00bb#000000&#8243; size=\u00bb36&#8243; force_font_size=\u00bbtrue\u00bb size_smallscreen=\u00bb36&#8243; size_tablet=\u00bb32&#8243; size_phone=\u00bb28&#8243; font_weight=\u00bbbold\u00bb margin_top=\u00bb10&#8243; margin_bottom=\u00bb10&#8243; font_family=\u00bbnone\u00bb align=\u00bbcenter\u00bb]MEGA L\u00e1ser[\/mk_fancy_title][vc_column_text align=\u00bbcenter\u00bb margin_bottom=\u00bb25&#8243; css=\u00bb.vc_custom_1695497085426{margin-bottom: 0px !important;}\u00bb] Procesos modernos de procesamiento de tubos y perfiles. Corte l\u00e1ser en tecnolog\u00eda 3D [\/vc_column_text][mk_padding_divider size=\u00bb25&#8243; visibility=\u00bbhidden-sm\u00bb][\/vc_column_inner][\/vc_row_inner][vc_row_inner is_fullwidth_content=\u00bbfalse\u00bb][vc_column_inner width=\u00bb1\/2&#8243;][mk_padding_divider size=\u00bb20&#8243;][mk_custom_list style=\u00bbmk-icon-angle-double-right\u00bb] La empresa MEGA es una empresa innovadora de dise\u00f1o y producci\u00f3n fundada en [&hellip;]<\/p>\n","protected":false},"author":1,"featured_media":7310,"parent":0,"menu_order":0,"comment_status":"closed","ping_status":"closed","template":"","meta":{"_acf_changed":false,"footnotes":""},"class_list":["post-6105","page","type-page","status-publish","has-post-thumbnail","hentry"],"acf":[],"yoast_head":"<!-- This site is optimized with the Yoast SEO plugin v27.5 - https:\/\/yoast.com\/product\/yoast-seo-wordpress\/ -->\n<title>MEGA L\u00c1SER - Mega Be\u0142\u017cyce<\/title>\n<meta name=\"description\" content=\"Procesos modernos de procesamiento de tubos y perfiles. Corte l\u00e1ser en tecnolog\u00eda 3D.\" \/>\n<meta name=\"robots\" content=\"index, follow, max-snippet:-1, max-image-preview:large, max-video-preview:-1\" \/>\n<link rel=\"canonical\" href=\"https:\/\/megabelzyce.pl\/es\/mega-laser\/\" \/>\n<meta property=\"og:locale\" content=\"es_ES\" \/>\n<meta property=\"og:type\" content=\"article\" \/>\n<meta property=\"og:title\" content=\"MEGA L\u00c1SER - Mega Be\u0142\u017cyce\" \/>\n<meta property=\"og:description\" content=\"Procesos modernos de procesamiento de tubos y perfiles. Corte l\u00e1ser en tecnolog\u00eda 3D.\" \/>\n<meta property=\"og:url\" content=\"https:\/\/megabelzyce.pl\/es\/mega-laser\/\" \/>\n<meta property=\"og:site_name\" content=\"Mega Be\u0142\u017cyce\" \/>\n<meta property=\"article:publisher\" content=\"https:\/\/www.facebook.com\/MegaBelzyceMaszyny\/?locale=pl_PL\" \/>\n<meta property=\"article:modified_time\" content=\"2023-10-13T12:56:57+00:00\" \/>\n<meta property=\"og:image\" content=\"https:\/\/megabelzyce.pl\/wp-content\/uploads\/2022\/05\/mega-laser-video.jpg\" \/>\n\t<meta property=\"og:image:width\" content=\"1176\" \/>\n\t<meta property=\"og:image:height\" content=\"661\" \/>\n\t<meta property=\"og:image:type\" content=\"image\/jpeg\" \/>\n<meta name=\"twitter:card\" content=\"summary_large_image\" \/>\n<meta name=\"twitter:label1\" content=\"Tiempo de lectura\" \/>\n\t<meta name=\"twitter:data1\" content=\"3 minutos\" \/>\n<script type=\"application\/ld+json\" class=\"yoast-schema-graph\">{\"@context\":\"https:\\\/\\\/schema.org\",\"@graph\":[{\"@type\":\"WebPage\",\"@id\":\"https:\\\/\\\/megabelzyce.pl\\\/es\\\/mega-laser\\\/\",\"url\":\"https:\\\/\\\/megabelzyce.pl\\\/es\\\/mega-laser\\\/\",\"name\":\"MEGA L\u00c1SER - Mega Be\u0142\u017cyce\",\"isPartOf\":{\"@id\":\"https:\\\/\\\/megabelzyce.pl\\\/#website\"},\"primaryImageOfPage\":{\"@id\":\"https:\\\/\\\/megabelzyce.pl\\\/es\\\/mega-laser\\\/#primaryimage\"},\"image\":{\"@id\":\"https:\\\/\\\/megabelzyce.pl\\\/es\\\/mega-laser\\\/#primaryimage\"},\"thumbnailUrl\":\"https:\\\/\\\/megabelzyce.pl\\\/wp-content\\\/uploads\\\/2022\\\/05\\\/mega-laser-video.jpg\",\"datePublished\":\"2022-05-19T00:16:02+00:00\",\"dateModified\":\"2023-10-13T12:56:57+00:00\",\"description\":\"Procesos modernos de procesamiento de tubos y perfiles. Corte l\u00e1ser en tecnolog\u00eda 3D.\",\"breadcrumb\":{\"@id\":\"https:\\\/\\\/megabelzyce.pl\\\/es\\\/mega-laser\\\/#breadcrumb\"},\"inLanguage\":\"es\",\"potentialAction\":[{\"@type\":\"ReadAction\",\"target\":[\"https:\\\/\\\/megabelzyce.pl\\\/es\\\/mega-laser\\\/\"]}]},{\"@type\":\"ImageObject\",\"inLanguage\":\"es\",\"@id\":\"https:\\\/\\\/megabelzyce.pl\\\/es\\\/mega-laser\\\/#primaryimage\",\"url\":\"https:\\\/\\\/megabelzyce.pl\\\/wp-content\\\/uploads\\\/2022\\\/05\\\/mega-laser-video.jpg\",\"contentUrl\":\"https:\\\/\\\/megabelzyce.pl\\\/wp-content\\\/uploads\\\/2022\\\/05\\\/mega-laser-video.jpg\",\"width\":1176,\"height\":661},{\"@type\":\"BreadcrumbList\",\"@id\":\"https:\\\/\\\/megabelzyce.pl\\\/es\\\/mega-laser\\\/#breadcrumb\",\"itemListElement\":[{\"@type\":\"ListItem\",\"position\":1,\"name\":\"Home\",\"item\":\"https:\\\/\\\/megabelzyce.pl\\\/es\\\/\"},{\"@type\":\"ListItem\",\"position\":2,\"name\":\"MEGA L\u00c1SER\"}]},{\"@type\":\"WebSite\",\"@id\":\"https:\\\/\\\/megabelzyce.pl\\\/#website\",\"url\":\"https:\\\/\\\/megabelzyce.pl\\\/\",\"name\":\"Mega Be\u0142\u017cyce\",\"description\":\"Maszyny dla przemys\u0142u spo\u017cywczego\",\"publisher\":{\"@id\":\"https:\\\/\\\/megabelzyce.pl\\\/#organization\"},\"potentialAction\":[{\"@type\":\"SearchAction\",\"target\":{\"@type\":\"EntryPoint\",\"urlTemplate\":\"https:\\\/\\\/megabelzyce.pl\\\/?s={search_term_string}\"},\"query-input\":{\"@type\":\"PropertyValueSpecification\",\"valueRequired\":true,\"valueName\":\"search_term_string\"}}],\"inLanguage\":\"es\"},{\"@type\":\"Organization\",\"@id\":\"https:\\\/\\\/megabelzyce.pl\\\/#organization\",\"name\":\"Mega Be\u0142\u017cyce\",\"url\":\"https:\\\/\\\/megabelzyce.pl\\\/\",\"logo\":{\"@type\":\"ImageObject\",\"inLanguage\":\"es\",\"@id\":\"https:\\\/\\\/megabelzyce.pl\\\/#\\\/schema\\\/logo\\\/image\\\/\",\"url\":\"https:\\\/\\\/megabelzyce.pl\\\/wp-content\\\/uploads\\\/2023\\\/10\\\/logo-mega-skos-5.png\",\"contentUrl\":\"https:\\\/\\\/megabelzyce.pl\\\/wp-content\\\/uploads\\\/2023\\\/10\\\/logo-mega-skos-5.png\",\"width\":181,\"height\":98,\"caption\":\"Mega Be\u0142\u017cyce\"},\"image\":{\"@id\":\"https:\\\/\\\/megabelzyce.pl\\\/#\\\/schema\\\/logo\\\/image\\\/\"},\"sameAs\":[\"https:\\\/\\\/www.facebook.com\\\/MegaBelzyceMaszyny\\\/?locale=pl_PL\",\"https:\\\/\\\/www.linkedin.com\\\/company\\\/mega-sp-z-o-o\\\/\"]}]}<\/script>\n<!-- \/ Yoast SEO plugin. -->","yoast_head_json":{"title":"MEGA L\u00c1SER - Mega Be\u0142\u017cyce","description":"Procesos modernos de procesamiento de tubos y perfiles. Corte l\u00e1ser en tecnolog\u00eda 3D.","robots":{"index":"index","follow":"follow","max-snippet":"max-snippet:-1","max-image-preview":"max-image-preview:large","max-video-preview":"max-video-preview:-1"},"canonical":"https:\/\/megabelzyce.pl\/es\/mega-laser\/","og_locale":"es_ES","og_type":"article","og_title":"MEGA L\u00c1SER - Mega Be\u0142\u017cyce","og_description":"Procesos modernos de procesamiento de tubos y perfiles. Corte l\u00e1ser en tecnolog\u00eda 3D.","og_url":"https:\/\/megabelzyce.pl\/es\/mega-laser\/","og_site_name":"Mega Be\u0142\u017cyce","article_publisher":"https:\/\/www.facebook.com\/MegaBelzyceMaszyny\/?locale=pl_PL","article_modified_time":"2023-10-13T12:56:57+00:00","og_image":[{"width":1176,"height":661,"url":"https:\/\/megabelzyce.pl\/wp-content\/uploads\/2022\/05\/mega-laser-video.jpg","type":"image\/jpeg"}],"twitter_card":"summary_large_image","twitter_misc":{"Tiempo de lectura":"3 minutos"},"schema":{"@context":"https:\/\/schema.org","@graph":[{"@type":"WebPage","@id":"https:\/\/megabelzyce.pl\/es\/mega-laser\/","url":"https:\/\/megabelzyce.pl\/es\/mega-laser\/","name":"MEGA L\u00c1SER - Mega Be\u0142\u017cyce","isPartOf":{"@id":"https:\/\/megabelzyce.pl\/#website"},"primaryImageOfPage":{"@id":"https:\/\/megabelzyce.pl\/es\/mega-laser\/#primaryimage"},"image":{"@id":"https:\/\/megabelzyce.pl\/es\/mega-laser\/#primaryimage"},"thumbnailUrl":"https:\/\/megabelzyce.pl\/wp-content\/uploads\/2022\/05\/mega-laser-video.jpg","datePublished":"2022-05-19T00:16:02+00:00","dateModified":"2023-10-13T12:56:57+00:00","description":"Procesos modernos de procesamiento de tubos y perfiles. Corte l\u00e1ser en tecnolog\u00eda 3D.","breadcrumb":{"@id":"https:\/\/megabelzyce.pl\/es\/mega-laser\/#breadcrumb"},"inLanguage":"es","potentialAction":[{"@type":"ReadAction","target":["https:\/\/megabelzyce.pl\/es\/mega-laser\/"]}]},{"@type":"ImageObject","inLanguage":"es","@id":"https:\/\/megabelzyce.pl\/es\/mega-laser\/#primaryimage","url":"https:\/\/megabelzyce.pl\/wp-content\/uploads\/2022\/05\/mega-laser-video.jpg","contentUrl":"https:\/\/megabelzyce.pl\/wp-content\/uploads\/2022\/05\/mega-laser-video.jpg","width":1176,"height":661},{"@type":"BreadcrumbList","@id":"https:\/\/megabelzyce.pl\/es\/mega-laser\/#breadcrumb","itemListElement":[{"@type":"ListItem","position":1,"name":"Home","item":"https:\/\/megabelzyce.pl\/es\/"},{"@type":"ListItem","position":2,"name":"MEGA L\u00c1SER"}]},{"@type":"WebSite","@id":"https:\/\/megabelzyce.pl\/#website","url":"https:\/\/megabelzyce.pl\/","name":"Mega Be\u0142\u017cyce","description":"Maszyny dla przemys\u0142u spo\u017cywczego","publisher":{"@id":"https:\/\/megabelzyce.pl\/#organization"},"potentialAction":[{"@type":"SearchAction","target":{"@type":"EntryPoint","urlTemplate":"https:\/\/megabelzyce.pl\/?s={search_term_string}"},"query-input":{"@type":"PropertyValueSpecification","valueRequired":true,"valueName":"search_term_string"}}],"inLanguage":"es"},{"@type":"Organization","@id":"https:\/\/megabelzyce.pl\/#organization","name":"Mega Be\u0142\u017cyce","url":"https:\/\/megabelzyce.pl\/","logo":{"@type":"ImageObject","inLanguage":"es","@id":"https:\/\/megabelzyce.pl\/#\/schema\/logo\/image\/","url":"https:\/\/megabelzyce.pl\/wp-content\/uploads\/2023\/10\/logo-mega-skos-5.png","contentUrl":"https:\/\/megabelzyce.pl\/wp-content\/uploads\/2023\/10\/logo-mega-skos-5.png","width":181,"height":98,"caption":"Mega Be\u0142\u017cyce"},"image":{"@id":"https:\/\/megabelzyce.pl\/#\/schema\/logo\/image\/"},"sameAs":["https:\/\/www.facebook.com\/MegaBelzyceMaszyny\/?locale=pl_PL","https:\/\/www.linkedin.com\/company\/mega-sp-z-o-o\/"]}]}},"_links":{"self":[{"href":"https:\/\/megabelzyce.pl\/es\/wp-json\/wp\/v2\/pages\/6105","targetHints":{"allow":["GET"]}}],"collection":[{"href":"https:\/\/megabelzyce.pl\/es\/wp-json\/wp\/v2\/pages"}],"about":[{"href":"https:\/\/megabelzyce.pl\/es\/wp-json\/wp\/v2\/types\/page"}],"author":[{"embeddable":true,"href":"https:\/\/megabelzyce.pl\/es\/wp-json\/wp\/v2\/users\/1"}],"replies":[{"embeddable":true,"href":"https:\/\/megabelzyce.pl\/es\/wp-json\/wp\/v2\/comments?post=6105"}],"version-history":[{"count":22,"href":"https:\/\/megabelzyce.pl\/es\/wp-json\/wp\/v2\/pages\/6105\/revisions"}],"predecessor-version":[{"id":7142,"href":"https:\/\/megabelzyce.pl\/es\/wp-json\/wp\/v2\/pages\/6105\/revisions\/7142"}],"wp:featuredmedia":[{"embeddable":true,"href":"https:\/\/megabelzyce.pl\/es\/wp-json\/wp\/v2\/media\/7310"}],"wp:attachment":[{"href":"https:\/\/megabelzyce.pl\/es\/wp-json\/wp\/v2\/media?parent=6105"}],"curies":[{"name":"wp","href":"https:\/\/api.w.org\/{rel}","templated":true}]}}