{"id":6111,"date":"2022-05-19T00:38:24","date_gmt":"2022-05-18T22:38:24","guid":{"rendered":"https:\/\/megabelzyce.pl\/nuestros-expertos\/"},"modified":"2023-10-13T14:45:39","modified_gmt":"2023-10-13T12:45:39","slug":"nuestros-expertos","status":"publish","type":"page","link":"https:\/\/megabelzyce.pl\/es\/nuestros-expertos\/","title":{"rendered":"NUESTROS EXPERTOS"},"content":{"rendered":"<div class=\"wpb-content-wrapper\">[vc_row fullwidth=\u00bbtrue\u00bb el_class=\u00bbour-experts-first-section-wrapper\u00bb][vc_column][mk_padding_divider size=\u00bb55&#8243;][vc_row_inner is_fullwidth_content=\u00bbfalse\u00bb][vc_column_inner][mk_fancy_title color=\u00bb#000000&#8243; size=\u00bb36&#8243; force_font_size=\u00bbtrue\u00bb size_smallscreen=\u00bb36&#8243; size_tablet=\u00bb32&#8243; size_phone=\u00bb28&#8243; font_weight=\u00bbbold\u00bb margin_top=\u00bb10&#8243; margin_bottom=\u00bb10&#8243; font_family=\u00bbnone\u00bb align=\u00bbcenter\u00bb]Nuestros Expertos[\/mk_fancy_title][vc_column_text align=\u00bbcenter\u00bb margin_bottom=\u00bb25&#8243; css=\u00bb.vc_custom_1695486898922{margin-bottom: 0px !important;}\u00bb]\n<p style=\"text-align: center;\">Nuestro mayor activo son las personas: profesionales comprometidos, apasionados, con experiencia y energ\u00eda para actuar. Creativos y receptivos a las necesidades de los clientes.<\/p>\n[\/vc_column_text][mk_image src=\u00bbhttps:\/\/megabelzyce.pl\/wp-content\/uploads\/2022\/05\/eksperci-main.jpg\u00bb image_size=\u00bbfull\u00bb align=\u00bbcenter\u00bb margin_bottom=\u00bb56&#8243;][vc_column_text align=\u00bbcenter\u00bb margin_bottom=\u00bb25&#8243; css=\u00bb.vc_custom_1695633350231{margin-bottom: 0px !important;}\u00bb]\n<h3 style=\"text-align: center;\">Conozca a algunos de los expertos de MEGA.<\/h3>\n[\/vc_column_text][mk_padding_divider size=\u00bb25&#8243; visibility=\u00bbhidden-sm\u00bb][mk_employees custom_image_size=\u00bbtrue\u00bb image_size=\u00bbfull\u00bb grayscale_image=\u00bbfalse\u00bb count=\u00bb-1&#8243; order=\u00bbASC\u00bb orderby=\u00bbmenu_order\u00bb el_class=\u00bbemplyees-test-class\u00bb categories=\u00bbkonstruktor, automatyka, dyrektor-produkcji, eksperci\u00bb][\/vc_column_inner][\/vc_row_inner][\/vc_column][\/vc_row][mk_page_section vertical_align=\u00bbtop\u00bb layout_structure=\u00bbhalf_right\u00bb bg_image=\u00bbhttps:\/\/megabelzyce.pl\/wp-content\/uploads\/2023\/09\/about-us-stay-in-touch-image.png\u00bb bg_image_portrait=\u00bbhttps:\/\/megabelzyce.pl\/wp-content\/uploads\/2022\/05\/kontakt-2-mobile.jpg\u00bb bg_color=\u00bb#e4651e\u00bb js_vertical_centered=\u00bbtrue\u00bb padding_top=\u00bb25&#8243; padding_bottom=\u00bb25&#8243; el_class=\u00bbstay-in-touch-wrapper\u00bb][vc_column][mk_padding_divider size=\u00bb115&#8243;][mk_fancy_title color=\u00bb#ffffff\u00bb size=\u00bb36&#8243; force_font_size=\u00bbtrue\u00bb size_smallscreen=\u00bb36&#8243; size_tablet=\u00bb32&#8243; size_phone=\u00bb28&#8243; font_weight=\u00bbbold\u00bb margin_top=\u00bb10&#8243; margin_bottom=\u00bb10&#8243; font_family=\u00bbnone\u00bb]Mantengamos el Contacto[\/mk_fancy_title][vc_column_text margin_bottom=\u00bb25&#8243; css=\u00bb.vc_custom_1695633458599{margin-bottom: 0px !important;}\u00bb]<span style=\"color: #ffffff;\">Hablemos. Si deseas hacer una pregunta o obtener informaci\u00f3n<br \/>\nde uno de nuestros expertos, te invitamos a ponerte en contacto. <\/span><\/p>\n<p><span style=\"color: #ffffff;\">Ajustaremos individualmente los par\u00e1metros t\u00e9cnicos<br \/>\ny la eficiencia del equipo seg\u00fan tus necesidades.<\/span>[\/vc_column_text][mk_padding_divider size=\u00bb25&#8243;][mk_button dimension=\u00bboutline\u00bb corner_style=\u00bbrounded\u00bb size=\u00bbmedium\u00bb url=\u00bbhttps:\/\/megabelzyce.pl\/kontakt\/\u00bb margin_top=\u00bb25&#8243; margin_bottom=\u00bb25&#8243; margin_right=\u00bb0&#8243; outline_skin=\u00bblight\u00bb]CONTACTO[\/mk_button][mk_padding_divider size=\u00bb115&#8243;][\/vc_column][\/mk_page_section]\n<\/div>","protected":false},"excerpt":{"rendered":"<p>[vc_row fullwidth=\u00bbtrue\u00bb el_class=\u00bbour-experts-first-section-wrapper\u00bb][vc_column][mk_padding_divider size=\u00bb55&#8243;][vc_row_inner is_fullwidth_content=\u00bbfalse\u00bb][vc_column_inner][mk_fancy_title color=\u00bb#000000&#8243; size=\u00bb36&#8243; force_font_size=\u00bbtrue\u00bb size_smallscreen=\u00bb36&#8243; size_tablet=\u00bb32&#8243; size_phone=\u00bb28&#8243; font_weight=\u00bbbold\u00bb margin_top=\u00bb10&#8243; margin_bottom=\u00bb10&#8243; font_family=\u00bbnone\u00bb align=\u00bbcenter\u00bb]Nuestros Expertos[\/mk_fancy_title][vc_column_text align=\u00bbcenter\u00bb margin_bottom=\u00bb25&#8243; css=\u00bb.vc_custom_1695486898922{margin-bottom: 0px !important;}\u00bb] Nuestro mayor activo son las personas: profesionales comprometidos, apasionados, con experiencia y energ\u00eda para actuar. Creativos y receptivos a las necesidades de los clientes. [\/vc_column_text][mk_image src=\u00bbhttps:\/\/megabelzyce.pl\/wp-content\/uploads\/2022\/05\/eksperci-main.jpg\u00bb image_size=\u00bbfull\u00bb align=\u00bbcenter\u00bb margin_bottom=\u00bb56&#8243;][vc_column_text align=\u00bbcenter\u00bb margin_bottom=\u00bb25&#8243; css=\u00bb.vc_custom_1695633350231{margin-bottom: 0px [&hellip;]<\/p>\n","protected":false},"author":1,"featured_media":6028,"parent":0,"menu_order":0,"comment_status":"closed","ping_status":"closed","template":"","meta":{"_acf_changed":false,"footnotes":""},"class_list":["post-6111","page","type-page","status-publish","has-post-thumbnail","hentry"],"acf":[],"yoast_head":"<!-- This site is optimized with the Yoast SEO plugin v27.5 - https:\/\/yoast.com\/product\/yoast-seo-wordpress\/ -->\n<title>NUESTROS EXPERTOS - Mega Be\u0142\u017cyce<\/title>\n<meta name=\"description\" content=\"Nuestro mayor activo son las personas: profesionales comprometidos, apasionados, con experiencia y energ\u00eda para actuar.\" \/>\n<meta name=\"robots\" content=\"index, follow, max-snippet:-1, max-image-preview:large, max-video-preview:-1\" \/>\n<link rel=\"canonical\" href=\"https:\/\/megabelzyce.pl\/es\/nuestros-expertos\/\" \/>\n<meta property=\"og:locale\" content=\"es_ES\" \/>\n<meta property=\"og:type\" content=\"article\" \/>\n<meta property=\"og:title\" content=\"NUESTROS EXPERTOS - Mega Be\u0142\u017cyce\" \/>\n<meta property=\"og:description\" content=\"Nuestro mayor activo son las personas: profesionales comprometidos, apasionados, con experiencia y energ\u00eda para actuar.\" \/>\n<meta property=\"og:url\" content=\"https:\/\/megabelzyce.pl\/es\/nuestros-expertos\/\" \/>\n<meta property=\"og:site_name\" content=\"Mega Be\u0142\u017cyce\" \/>\n<meta property=\"article:publisher\" content=\"https:\/\/www.facebook.com\/MegaBelzyceMaszyny\/?locale=pl_PL\" \/>\n<meta property=\"article:modified_time\" content=\"2023-10-13T12:45:39+00:00\" \/>\n<meta property=\"og:image\" content=\"https:\/\/megabelzyce.pl\/wp-content\/uploads\/2023\/09\/our-expert-new-image.png\" \/>\n\t<meta property=\"og:image:width\" content=\"1170\" \/>\n\t<meta property=\"og:image:height\" content=\"483\" \/>\n\t<meta property=\"og:image:type\" content=\"image\/png\" \/>\n<meta name=\"twitter:card\" content=\"summary_large_image\" \/>\n<meta name=\"twitter:label1\" content=\"Tiempo de lectura\" \/>\n\t<meta name=\"twitter:data1\" content=\"1 minuto\" \/>\n<script type=\"application\/ld+json\" class=\"yoast-schema-graph\">{\"@context\":\"https:\\\/\\\/schema.org\",\"@graph\":[{\"@type\":\"WebPage\",\"@id\":\"https:\\\/\\\/megabelzyce.pl\\\/es\\\/nuestros-expertos\\\/\",\"url\":\"https:\\\/\\\/megabelzyce.pl\\\/es\\\/nuestros-expertos\\\/\",\"name\":\"NUESTROS EXPERTOS - Mega Be\u0142\u017cyce\",\"isPartOf\":{\"@id\":\"https:\\\/\\\/megabelzyce.pl\\\/#website\"},\"primaryImageOfPage\":{\"@id\":\"https:\\\/\\\/megabelzyce.pl\\\/es\\\/nuestros-expertos\\\/#primaryimage\"},\"image\":{\"@id\":\"https:\\\/\\\/megabelzyce.pl\\\/es\\\/nuestros-expertos\\\/#primaryimage\"},\"thumbnailUrl\":\"https:\\\/\\\/megabelzyce.pl\\\/wp-content\\\/uploads\\\/2023\\\/09\\\/our-expert-new-image.png\",\"datePublished\":\"2022-05-18T22:38:24+00:00\",\"dateModified\":\"2023-10-13T12:45:39+00:00\",\"description\":\"Nuestro mayor activo son las personas: profesionales comprometidos, apasionados, con experiencia y energ\u00eda para actuar.\",\"breadcrumb\":{\"@id\":\"https:\\\/\\\/megabelzyce.pl\\\/es\\\/nuestros-expertos\\\/#breadcrumb\"},\"inLanguage\":\"es\",\"potentialAction\":[{\"@type\":\"ReadAction\",\"target\":[\"https:\\\/\\\/megabelzyce.pl\\\/es\\\/nuestros-expertos\\\/\"]}]},{\"@type\":\"ImageObject\",\"inLanguage\":\"es\",\"@id\":\"https:\\\/\\\/megabelzyce.pl\\\/es\\\/nuestros-expertos\\\/#primaryimage\",\"url\":\"https:\\\/\\\/megabelzyce.pl\\\/wp-content\\\/uploads\\\/2023\\\/09\\\/our-expert-new-image.png\",\"contentUrl\":\"https:\\\/\\\/megabelzyce.pl\\\/wp-content\\\/uploads\\\/2023\\\/09\\\/our-expert-new-image.png\",\"width\":1170,\"height\":483,\"caption\":\"our-expert-new-image\"},{\"@type\":\"BreadcrumbList\",\"@id\":\"https:\\\/\\\/megabelzyce.pl\\\/es\\\/nuestros-expertos\\\/#breadcrumb\",\"itemListElement\":[{\"@type\":\"ListItem\",\"position\":1,\"name\":\"Home\",\"item\":\"https:\\\/\\\/megabelzyce.pl\\\/es\\\/\"},{\"@type\":\"ListItem\",\"position\":2,\"name\":\"NUESTROS EXPERTOS\"}]},{\"@type\":\"WebSite\",\"@id\":\"https:\\\/\\\/megabelzyce.pl\\\/#website\",\"url\":\"https:\\\/\\\/megabelzyce.pl\\\/\",\"name\":\"Mega Be\u0142\u017cyce\",\"description\":\"Maszyny dla przemys\u0142u spo\u017cywczego\",\"publisher\":{\"@id\":\"https:\\\/\\\/megabelzyce.pl\\\/#organization\"},\"potentialAction\":[{\"@type\":\"SearchAction\",\"target\":{\"@type\":\"EntryPoint\",\"urlTemplate\":\"https:\\\/\\\/megabelzyce.pl\\\/?s={search_term_string}\"},\"query-input\":{\"@type\":\"PropertyValueSpecification\",\"valueRequired\":true,\"valueName\":\"search_term_string\"}}],\"inLanguage\":\"es\"},{\"@type\":\"Organization\",\"@id\":\"https:\\\/\\\/megabelzyce.pl\\\/#organization\",\"name\":\"Mega Be\u0142\u017cyce\",\"url\":\"https:\\\/\\\/megabelzyce.pl\\\/\",\"logo\":{\"@type\":\"ImageObject\",\"inLanguage\":\"es\",\"@id\":\"https:\\\/\\\/megabelzyce.pl\\\/#\\\/schema\\\/logo\\\/image\\\/\",\"url\":\"https:\\\/\\\/megabelzyce.pl\\\/wp-content\\\/uploads\\\/2023\\\/10\\\/logo-mega-skos-5.png\",\"contentUrl\":\"https:\\\/\\\/megabelzyce.pl\\\/wp-content\\\/uploads\\\/2023\\\/10\\\/logo-mega-skos-5.png\",\"width\":181,\"height\":98,\"caption\":\"Mega Be\u0142\u017cyce\"},\"image\":{\"@id\":\"https:\\\/\\\/megabelzyce.pl\\\/#\\\/schema\\\/logo\\\/image\\\/\"},\"sameAs\":[\"https:\\\/\\\/www.facebook.com\\\/MegaBelzyceMaszyny\\\/?locale=pl_PL\",\"https:\\\/\\\/www.linkedin.com\\\/company\\\/mega-sp-z-o-o\\\/\"]}]}<\/script>\n<!-- \/ Yoast SEO plugin. -->","yoast_head_json":{"title":"NUESTROS EXPERTOS - Mega Be\u0142\u017cyce","description":"Nuestro mayor activo son las personas: profesionales comprometidos, apasionados, con experiencia y energ\u00eda para actuar.","robots":{"index":"index","follow":"follow","max-snippet":"max-snippet:-1","max-image-preview":"max-image-preview:large","max-video-preview":"max-video-preview:-1"},"canonical":"https:\/\/megabelzyce.pl\/es\/nuestros-expertos\/","og_locale":"es_ES","og_type":"article","og_title":"NUESTROS EXPERTOS - Mega Be\u0142\u017cyce","og_description":"Nuestro mayor activo son las personas: profesionales comprometidos, apasionados, con experiencia y energ\u00eda para actuar.","og_url":"https:\/\/megabelzyce.pl\/es\/nuestros-expertos\/","og_site_name":"Mega Be\u0142\u017cyce","article_publisher":"https:\/\/www.facebook.com\/MegaBelzyceMaszyny\/?locale=pl_PL","article_modified_time":"2023-10-13T12:45:39+00:00","og_image":[{"width":1170,"height":483,"url":"https:\/\/megabelzyce.pl\/wp-content\/uploads\/2023\/09\/our-expert-new-image.png","type":"image\/png"}],"twitter_card":"summary_large_image","twitter_misc":{"Tiempo de lectura":"1 minuto"},"schema":{"@context":"https:\/\/schema.org","@graph":[{"@type":"WebPage","@id":"https:\/\/megabelzyce.pl\/es\/nuestros-expertos\/","url":"https:\/\/megabelzyce.pl\/es\/nuestros-expertos\/","name":"NUESTROS EXPERTOS - Mega Be\u0142\u017cyce","isPartOf":{"@id":"https:\/\/megabelzyce.pl\/#website"},"primaryImageOfPage":{"@id":"https:\/\/megabelzyce.pl\/es\/nuestros-expertos\/#primaryimage"},"image":{"@id":"https:\/\/megabelzyce.pl\/es\/nuestros-expertos\/#primaryimage"},"thumbnailUrl":"https:\/\/megabelzyce.pl\/wp-content\/uploads\/2023\/09\/our-expert-new-image.png","datePublished":"2022-05-18T22:38:24+00:00","dateModified":"2023-10-13T12:45:39+00:00","description":"Nuestro mayor activo son las personas: profesionales comprometidos, apasionados, con experiencia y energ\u00eda para actuar.","breadcrumb":{"@id":"https:\/\/megabelzyce.pl\/es\/nuestros-expertos\/#breadcrumb"},"inLanguage":"es","potentialAction":[{"@type":"ReadAction","target":["https:\/\/megabelzyce.pl\/es\/nuestros-expertos\/"]}]},{"@type":"ImageObject","inLanguage":"es","@id":"https:\/\/megabelzyce.pl\/es\/nuestros-expertos\/#primaryimage","url":"https:\/\/megabelzyce.pl\/wp-content\/uploads\/2023\/09\/our-expert-new-image.png","contentUrl":"https:\/\/megabelzyce.pl\/wp-content\/uploads\/2023\/09\/our-expert-new-image.png","width":1170,"height":483,"caption":"our-expert-new-image"},{"@type":"BreadcrumbList","@id":"https:\/\/megabelzyce.pl\/es\/nuestros-expertos\/#breadcrumb","itemListElement":[{"@type":"ListItem","position":1,"name":"Home","item":"https:\/\/megabelzyce.pl\/es\/"},{"@type":"ListItem","position":2,"name":"NUESTROS EXPERTOS"}]},{"@type":"WebSite","@id":"https:\/\/megabelzyce.pl\/#website","url":"https:\/\/megabelzyce.pl\/","name":"Mega Be\u0142\u017cyce","description":"Maszyny dla przemys\u0142u spo\u017cywczego","publisher":{"@id":"https:\/\/megabelzyce.pl\/#organization"},"potentialAction":[{"@type":"SearchAction","target":{"@type":"EntryPoint","urlTemplate":"https:\/\/megabelzyce.pl\/?s={search_term_string}"},"query-input":{"@type":"PropertyValueSpecification","valueRequired":true,"valueName":"search_term_string"}}],"inLanguage":"es"},{"@type":"Organization","@id":"https:\/\/megabelzyce.pl\/#organization","name":"Mega Be\u0142\u017cyce","url":"https:\/\/megabelzyce.pl\/","logo":{"@type":"ImageObject","inLanguage":"es","@id":"https:\/\/megabelzyce.pl\/#\/schema\/logo\/image\/","url":"https:\/\/megabelzyce.pl\/wp-content\/uploads\/2023\/10\/logo-mega-skos-5.png","contentUrl":"https:\/\/megabelzyce.pl\/wp-content\/uploads\/2023\/10\/logo-mega-skos-5.png","width":181,"height":98,"caption":"Mega Be\u0142\u017cyce"},"image":{"@id":"https:\/\/megabelzyce.pl\/#\/schema\/logo\/image\/"},"sameAs":["https:\/\/www.facebook.com\/MegaBelzyceMaszyny\/?locale=pl_PL","https:\/\/www.linkedin.com\/company\/mega-sp-z-o-o\/"]}]}},"_links":{"self":[{"href":"https:\/\/megabelzyce.pl\/es\/wp-json\/wp\/v2\/pages\/6111","targetHints":{"allow":["GET"]}}],"collection":[{"href":"https:\/\/megabelzyce.pl\/es\/wp-json\/wp\/v2\/pages"}],"about":[{"href":"https:\/\/megabelzyce.pl\/es\/wp-json\/wp\/v2\/types\/page"}],"author":[{"embeddable":true,"href":"https:\/\/megabelzyce.pl\/es\/wp-json\/wp\/v2\/users\/1"}],"replies":[{"embeddable":true,"href":"https:\/\/megabelzyce.pl\/es\/wp-json\/wp\/v2\/comments?post=6111"}],"version-history":[{"count":21,"href":"https:\/\/megabelzyce.pl\/es\/wp-json\/wp\/v2\/pages\/6111\/revisions"}],"predecessor-version":[{"id":7135,"href":"https:\/\/megabelzyce.pl\/es\/wp-json\/wp\/v2\/pages\/6111\/revisions\/7135"}],"wp:featuredmedia":[{"embeddable":true,"href":"https:\/\/megabelzyce.pl\/es\/wp-json\/wp\/v2\/media\/6028"}],"wp:attachment":[{"href":"https:\/\/megabelzyce.pl\/es\/wp-json\/wp\/v2\/media?parent=6111"}],"curies":[{"name":"wp","href":"https:\/\/api.w.org\/{rel}","templated":true}]}}