{"id":6135,"date":"2022-03-21T12:16:13","date_gmt":"2022-03-21T11:16:13","guid":{"rendered":"https:\/\/megabelzyce.pl\/producto-elaborado\/"},"modified":"2023-10-05T14:13:32","modified_gmt":"2023-10-05T12:13:32","slug":"producto-elaborado","status":"publish","type":"page","link":"https:\/\/megabelzyce.pl\/es\/producto-elaborado\/","title":{"rendered":"PRODUCTO ELABORADO"},"content":{"rendered":"<div class=\"wpb-content-wrapper\">[vc_row][vc_column][mk_padding_divider][vc_row_inner is_fullwidth_content=\u00bbfalse\u00bb][vc_column_inner width=\u00bb1\/2&#8243;][mk_fancy_title color=\u00bb#e4651e\u00bb size=\u00bb24&#8243; force_font_size=\u00bbtrue\u00bb size_smallscreen=\u00bb24&#8243; size_tablet=\u00bb22&#8243; size_phone=\u00bb20&#8243; font_weight=\u00bb500&#8243; margin_top=\u00bb30&#8243; margin_bottom=\u00bb0&#8243; font_family=\u00bbnone\u00bb]Ind\u00edcame El Producto Que Deseas Procesar.[\/mk_fancy_title][\/vc_column_inner][vc_column_inner width=\u00bb1\/2&#8243;][mk_image src=\u00bbhttps:\/\/megabelzyce.pl\/wp-content\/uploads\/2022\/05\/ikona-produkt-main-orange.png\u00bb image_width=\u00bb125&#8243; image_height=\u00bb90&#8243; align=\u00bbright\u00bb margin_bottom=\u00bb0&#8243; el_class=\u00bbikonaprodukt\u00bb][\/vc_column_inner][\/vc_row_inner][mk_padding_divider size=\u00bb15&#8243;][vc_separator color=\u00bbsandy_brown\u00bb][\/vc_column][\/vc_row][vc_row][vc_column][mk_padding_divider size=\u00bb55&#8243;][\/vc_column][\/vc_row][vc_row][vc_column width=\u00bb1\/2&#8243;][vc_row_inner][vc_column_inner width=\u00bb1\/3&#8243;][mk_image src=\u00bbhttps:\/\/megabelzyce.pl\/wp-content\/uploads\/2022\/05\/produkt-warzywa-okopowe-2b.jpg\u00bb image_size=\u00bbfull\u00bb link=\u00bbhttps:\/\/megabelzyce.pl\/warzywa-okopowe\/\u00bb][\/vc_column_inner][vc_column_inner width=\u00bb2\/3&#8243;][mk_custom_list style=\u00bbmk-icon-arrow-circle-o-right\u00bb margin_bottom=\u00bb20&#8243;]\n<h3 class=\"mk-box-icon-2-title\">VEGETALES DE RA\u00cdZ<\/h3>\n<h6>cebolla, remolacha, zanahoria, puerro, apio, patata<\/h6>\n<ul>\n<li><a href=\"https:\/\/megabelzyce.pl\/es\/producto-elaborado\/tuberculos\/\"><span style=\"color: #ff6600;\">ver m\u00e1quinas<\/span><\/a><\/li>\n<\/ul>\n[\/mk_custom_list][\/vc_column_inner][\/vc_row_inner][\/vc_column][vc_column width=\u00bb1\/2&#8243;][vc_row_inner][vc_column_inner width=\u00bb1\/3&#8243;][mk_image src=\u00bbhttps:\/\/megabelzyce.pl\/wp-content\/uploads\/2022\/05\/produkt-owoce-2b.jpg\u00bb image_size=\u00bbfull\u00bb link=\u00bbhttps:\/\/megabelzyce.pl\/owoce\/\u00bb][\/vc_column_inner][vc_column_inner width=\u00bb2\/3&#8243;][mk_custom_list style=\u00bbmk-icon-arrow-circle-o-right\u00bb margin_bottom=\u00bb20&#8243;]\n<h3 class=\"mk-box-icon-2-title\">FRUTAS<\/h3>\n<h6>manzana, ar\u00e1ndano, frambuesa, grosella, ruibarbo, fresa, cereza<\/h6>\n<ul>\n<li><a href=\"https:\/\/megabelzyce.pl\/es\/producto-elaborado\/frutas\/\"><span style=\"color: #ff6600;\">ver m\u00e1quinas<\/span><\/a><\/li>\n<\/ul>\n[\/mk_custom_list][\/vc_column_inner][\/vc_row_inner][\/vc_column][\/vc_row][vc_row][vc_column][mk_padding_divider size=\u00bb25&#8243;][\/vc_column][\/vc_row][vc_row][vc_column width=\u00bb1\/2&#8243;][vc_row_inner][vc_column_inner width=\u00bb1\/3&#8243;][mk_image src=\u00bbhttps:\/\/megabelzyce.pl\/wp-content\/uploads\/2022\/05\/produkt-cukinia-2b.jpg\u00bb image_size=\u00bbfull\u00bb link=\u00bbhttps:\/\/megabelzyce.pl\/cukinia-ogorek-papryka-pomidor\/\u00bb][\/vc_column_inner][vc_column_inner width=\u00bb2\/3&#8243;][mk_custom_list style=\u00bbmk-icon-arrow-circle-o-right\u00bb margin_bottom=\u00bb20&#8243;]\n<h3 class=\"mk-box-icon-2-title\">FRUTALES VEGETALES<\/h3>\n<h6>calabac\u00edn, pepino, pimiento, tomate<\/h6>\n<ul>\n<li><a href=\"https:\/\/megabelzyce.pl\/es\/producto-elaborado\/vegetales-frutales\/\"><span style=\"color: #ff6600;\">ver m\u00e1quinas<\/span><\/a><\/li>\n<\/ul>\n[\/mk_custom_list][\/vc_column_inner][\/vc_row_inner][\/vc_column][vc_column width=\u00bb1\/2&#8243;][vc_row_inner][vc_column_inner width=\u00bb1\/3&#8243;][mk_image src=\u00bbhttps:\/\/megabelzyce.pl\/wp-content\/uploads\/2022\/05\/produkt-groszek-2b.jpg\u00bb image_size=\u00bbfull\u00bb link=\u00bbhttps:\/\/megabelzyce.pl\/warzywa-straczkowe\/\u00bb][\/vc_column_inner][vc_column_inner width=\u00bb2\/3&#8243;][mk_custom_list style=\u00bbmk-icon-arrow-circle-o-right\u00bb margin_bottom=\u00bb20&#8243;]\n<h3 class=\"mk-box-icon-2-title\">VEGETALES DE LEGUMINOSAS<\/h3>\n<h6>guisantes, ma\u00edz, jud\u00edas verdes<\/h6>\n<ul>\n<li><a href=\"https:\/\/megabelzyce.pl\/es\/producto-elaborado\/legumbres\/\"><span style=\"color: #ff6600;\">ver m\u00e1quinas<\/span><\/a><\/li>\n<\/ul>\n[\/mk_custom_list][\/vc_column_inner][\/vc_row_inner][\/vc_column][\/vc_row][vc_row][vc_column][mk_padding_divider size=\u00bb25&#8243;][\/vc_column][\/vc_row][vc_row][vc_column width=\u00bb1\/2&#8243;][vc_row_inner][vc_column_inner width=\u00bb1\/3&#8243;][mk_image src=\u00bbhttps:\/\/megabelzyce.pl\/wp-content\/uploads\/2022\/05\/produkt-brokul-2b.jpg\u00bb image_size=\u00bbfull\u00bb link=\u00bbhttps:\/\/megabelzyce.pl\/brokul-kalafior\/\u00bb][\/vc_column_inner][vc_column_inner width=\u00bb2\/3&#8243;][mk_custom_list style=\u00bbmk-icon-arrow-circle-o-right\u00bb margin_bottom=\u00bb20&#8243;]\n<h3 class=\"mk-box-icon-2-title\">VERDURAS BRASSICA<\/h3>\n<h6>br\u00f3coli, coliflor<\/h6>\n<ul>\n<li><a href=\"https:\/\/megabelzyce.pl\/es\/producto-elaborado\/verduras-brassica\/\"><span style=\"color: #ff6600;\">ver m\u00e1quinas<\/span><\/a><\/li>\n<\/ul>\n[\/mk_custom_list][\/vc_column_inner][\/vc_row_inner][\/vc_column][vc_column width=\u00bb1\/2&#8243;][vc_row_inner][vc_column_inner width=\u00bb1\/3&#8243;][mk_image src=\u00bbhttps:\/\/megabelzyce.pl\/wp-content\/uploads\/2022\/05\/produkt-lisciaste-2b.jpg\u00bb image_size=\u00bbfull\u00bb link=\u00bbhttps:\/\/megabelzyce.pl\/warzywa-lisciaste\/\u00bb][\/vc_column_inner][vc_column_inner width=\u00bb2\/3&#8243;][mk_custom_list style=\u00bbmk-icon-arrow-circle-o-right\u00bb margin_bottom=\u00bb20&#8243;]\n<h3 class=\"mk-box-icon-2-title\">VEGETALES DE HOJA<\/h3>\n<h6>lechuga, espinacas<\/h6>\n<ul>\n<li><a href=\"https:\/\/megabelzyce.pl\/es\/producto-elaborado\/verduras-de-hoja\/\"><span style=\"color: #ff6600;\">ver m\u00e1quinas<\/span><\/a><\/li>\n<\/ul>\n[\/mk_custom_list][\/vc_column_inner][\/vc_row_inner][\/vc_column][\/vc_row][vc_row][vc_column][mk_padding_divider size=\u00bb25&#8243;][\/vc_column][\/vc_row][vc_row][vc_column width=\u00bb1\/2&#8243;][vc_row_inner][vc_column_inner width=\u00bb1\/3&#8243;][mk_image src=\u00bbhttps:\/\/megabelzyce.pl\/wp-content\/uploads\/2022\/05\/produkt-kiszona-kapusta-2b.jpg\u00bb image_size=\u00bbfull\u00bb link=\u00bbhttps:\/\/megabelzyce.pl\/kapusta-kiszona\/\u00bb][\/vc_column_inner][vc_column_inner width=\u00bb2\/3&#8243;][mk_custom_list style=\u00bbmk-icon-arrow-circle-o-right\u00bb margin_bottom=\u00bb20&#8243;]\n<h3 class=\"mk-box-icon-2-title\">COL FERMENTADA<\/h3>\n<ul>\n<li><a href=\"https:\/\/megabelzyce.pl\/es\/producto-elaborado\/sauerkraut\/\"><span style=\"color: #ff6600;\">ver m\u00e1quinas<\/span><\/a><\/li>\n<\/ul>\n[\/mk_custom_list][\/vc_column_inner][\/vc_row_inner][\/vc_column][vc_column width=\u00bb1\/2&#8243;][vc_row_inner][vc_column_inner width=\u00bb1\/3&#8243;][mk_image src=\u00bbhttps:\/\/megabelzyce.pl\/wp-content\/uploads\/2022\/05\/produkt-grzyby-2b.jpg\u00bb image_size=\u00bbfull\u00bb link=\u00bbhttps:\/\/megabelzyce.pl\/grzyby\/\u00bb][\/vc_column_inner][vc_column_inner width=\u00bb2\/3&#8243;][mk_custom_list style=\u00bbmk-icon-arrow-circle-o-right\u00bb margin_bottom=\u00bb20&#8243;]\n<h3 class=\"mk-box-icon-2-title\">HONGOS<\/h3>\n<ul>\n<li><a href=\"https:\/\/megabelzyce.pl\/es\/producto-elaborado\/grimes\/\"><span style=\"color: #ff6600;\">ver m\u00e1quinas<\/span><\/a><\/li>\n<\/ul>\n[\/mk_custom_list][\/vc_column_inner][\/vc_row_inner][\/vc_column][\/vc_row][vc_row][vc_column][mk_padding_divider size=\u00bb25&#8243;][\/vc_column][\/vc_row][vc_row][vc_column width=\u00bb1\/2&#8243;][vc_row_inner][vc_column_inner width=\u00bb1\/3&#8243;][mk_image src=\u00bbhttps:\/\/megabelzyce.pl\/wp-content\/uploads\/2022\/05\/produkt-ziola-2b.jpg\u00bb image_size=\u00bbfull\u00bb link=\u00bbhttps:\/\/megabelzyce.pl\/ziola\/\u00bb][\/vc_column_inner][vc_column_inner width=\u00bb2\/3&#8243;][mk_custom_list style=\u00bbmk-icon-arrow-circle-o-right\u00bb margin_bottom=\u00bb20&#8243;]\n<h3 class=\"mk-box-icon-2-title\">HIERBAS<\/h3>\n<ul>\n<li><a href=\"https:\/\/megabelzyce.pl\/es\/producto-elaborado\/hierbas\/\"><span style=\"color: #ff6600;\">ver m\u00e1quinas<\/span><\/a><\/li>\n<\/ul>\n[\/mk_custom_list][\/vc_column_inner][\/vc_row_inner][\/vc_column][vc_column width=\u00bb1\/2&#8243;][vc_row_inner][vc_column_inner width=\u00bb1\/3&#8243;][mk_image src=\u00bbhttps:\/\/megabelzyce.pl\/wp-content\/uploads\/2022\/05\/produkt-opakowania-2b.jpg\u00bb image_size=\u00bbfull\u00bb link=\u00bbhttps:\/\/megabelzyce.pl\/opakowania-skrzynki\/\u00bb][\/vc_column_inner][vc_column_inner width=\u00bb2\/3&#8243;][mk_custom_list style=\u00bbmk-icon-arrow-circle-o-right\u00bb margin_bottom=\u00bb20&#8243;]\n<h3 class=\"mk-box-icon-2-title\">EMPAQUES, CAJAS<\/h3>\n<ul>\n<li><a href=\"https:\/\/megabelzyce.pl\/es\/producto-elaborado\/embalaje-de-la-caja\/\"><span style=\"color: #ff6600;\">ver m\u00e1quinas<\/span><\/a><\/li>\n<\/ul>\n[\/mk_custom_list][\/vc_column_inner][\/vc_row_inner][\/vc_column][\/vc_row][vc_row][vc_column][mk_padding_divider size=\u00bb25&#8243;][\/vc_column][\/vc_row][vc_row][vc_column width=\u00bb1\/2&#8243;][vc_row_inner][vc_column_inner width=\u00bb1\/3&#8243;][mk_image src=\u00bbhttps:\/\/megabelzyce.pl\/wp-content\/uploads\/2022\/05\/produkt-odpady-2b.jpg\u00bb image_size=\u00bbfull\u00bb link=\u00bbhttps:\/\/megabelzyce.pl\/odpady\/\u00bb][\/vc_column_inner][vc_column_inner width=\u00bb2\/3&#8243;][mk_custom_list style=\u00bbmk-icon-arrow-circle-o-right\u00bb margin_bottom=\u00bb20&#8243;]\n<h3 class=\"mk-box-icon-2-title\">RESIDUOS<\/h3>\n<ul>\n<li><a href=\"https:\/\/megabelzyce.pl\/es\/producto-elaborado\/residuos\/\"><span style=\"color: #ff6600;\">ver m\u00e1quinas<\/span><\/a><\/li>\n<\/ul>\n[\/mk_custom_list][\/vc_column_inner][\/vc_row_inner][\/vc_column][vc_column width=\u00bb1\/2&#8243;][\/vc_column][\/vc_row][vc_row][vc_column][mk_padding_divider size=\u00bb55&#8243;][\/vc_column][\/vc_row]\n<\/div>","protected":false},"excerpt":{"rendered":"<p>[vc_row][vc_column][mk_padding_divider][vc_row_inner is_fullwidth_content=\u00bbfalse\u00bb][vc_column_inner width=\u00bb1\/2&#8243;][mk_fancy_title color=\u00bb#e4651e\u00bb size=\u00bb24&#8243; force_font_size=\u00bbtrue\u00bb size_smallscreen=\u00bb24&#8243; size_tablet=\u00bb22&#8243; size_phone=\u00bb20&#8243; font_weight=\u00bb500&#8243; margin_top=\u00bb30&#8243; margin_bottom=\u00bb0&#8243; font_family=\u00bbnone\u00bb]Ind\u00edcame El Producto Que Deseas Procesar.[\/mk_fancy_title][\/vc_column_inner][vc_column_inner width=\u00bb1\/2&#8243;][mk_image src=\u00bbhttps:\/\/megabelzyce.pl\/wp-content\/uploads\/2022\/05\/ikona-produkt-main-orange.png\u00bb image_width=\u00bb125&#8243; image_height=\u00bb90&#8243; align=\u00bbright\u00bb margin_bottom=\u00bb0&#8243; el_class=\u00bbikonaprodukt\u00bb][\/vc_column_inner][\/vc_row_inner][mk_padding_divider size=\u00bb15&#8243;][vc_separator color=\u00bbsandy_brown\u00bb][\/vc_column][\/vc_row][vc_row][vc_column][mk_padding_divider size=\u00bb55&#8243;][\/vc_column][\/vc_row][vc_row][vc_column width=\u00bb1\/2&#8243;][vc_row_inner][vc_column_inner width=\u00bb1\/3&#8243;][mk_image src=\u00bbhttps:\/\/megabelzyce.pl\/wp-content\/uploads\/2022\/05\/produkt-warzywa-okopowe-2b.jpg\u00bb image_size=\u00bbfull\u00bb link=\u00bbhttps:\/\/megabelzyce.pl\/warzywa-okopowe\/\u00bb][\/vc_column_inner][vc_column_inner width=\u00bb2\/3&#8243;][mk_custom_list style=\u00bbmk-icon-arrow-circle-o-right\u00bb margin_bottom=\u00bb20&#8243;] VEGETALES DE RA\u00cdZ cebolla, remolacha, zanahoria, puerro, apio, patata ver m\u00e1quinas [\/mk_custom_list][\/vc_column_inner][\/vc_row_inner][\/vc_column][vc_column width=\u00bb1\/2&#8243;][vc_row_inner][vc_column_inner width=\u00bb1\/3&#8243;][mk_image src=\u00bbhttps:\/\/megabelzyce.pl\/wp-content\/uploads\/2022\/05\/produkt-owoce-2b.jpg\u00bb image_size=\u00bbfull\u00bb link=\u00bbhttps:\/\/megabelzyce.pl\/owoce\/\u00bb][\/vc_column_inner][vc_column_inner width=\u00bb2\/3&#8243;][mk_custom_list style=\u00bbmk-icon-arrow-circle-o-right\u00bb [&hellip;]<\/p>\n","protected":false},"author":1,"featured_media":7177,"parent":0,"menu_order":0,"comment_status":"closed","ping_status":"closed","template":"","meta":{"_acf_changed":false,"footnotes":""},"class_list":["post-6135","page","type-page","status-publish","has-post-thumbnail","hentry"],"acf":[],"yoast_head":"<!-- This site is optimized with the Yoast SEO plugin v27.5 - https:\/\/yoast.com\/product\/yoast-seo-wordpress\/ -->\n<title>PRODUCTO ELABORADO - Mega Be\u0142\u017cyce<\/title>\n<meta name=\"description\" content=\"Aqu\u00ed encontrar\u00e1 las m\u00e1quinas de nuestra oferta agrupadas seg\u00fan el producto que se puede procesar con ellas.\" \/>\n<meta name=\"robots\" content=\"index, follow, max-snippet:-1, max-image-preview:large, max-video-preview:-1\" \/>\n<link rel=\"canonical\" href=\"https:\/\/megabelzyce.pl\/es\/producto-elaborado\/\" \/>\n<meta property=\"og:locale\" content=\"es_ES\" \/>\n<meta property=\"og:type\" content=\"article\" \/>\n<meta property=\"og:title\" content=\"PRODUCTO ELABORADO - Mega Be\u0142\u017cyce\" \/>\n<meta property=\"og:description\" content=\"Aqu\u00ed encontrar\u00e1 las m\u00e1quinas de nuestra oferta agrupadas seg\u00fan el producto que se puede procesar con ellas.\" \/>\n<meta property=\"og:url\" content=\"https:\/\/megabelzyce.pl\/es\/producto-elaborado\/\" \/>\n<meta property=\"og:site_name\" content=\"Mega Be\u0142\u017cyce\" \/>\n<meta property=\"article:publisher\" content=\"https:\/\/www.facebook.com\/MegaBelzyceMaszyny\/?locale=pl_PL\" \/>\n<meta property=\"article:modified_time\" content=\"2023-10-05T12:13:32+00:00\" \/>\n<meta property=\"og:image\" content=\"https:\/\/megabelzyce.pl\/wp-content\/uploads\/2022\/04\/ikona-produkt-imgicon2.jpg\" \/>\n\t<meta property=\"og:image:width\" content=\"400\" \/>\n\t<meta property=\"og:image:height\" content=\"334\" \/>\n\t<meta property=\"og:image:type\" content=\"image\/jpeg\" \/>\n<meta name=\"twitter:card\" content=\"summary_large_image\" \/>\n<meta name=\"twitter:label1\" content=\"Tiempo de lectura\" \/>\n\t<meta name=\"twitter:data1\" content=\"2 minutos\" \/>\n<script type=\"application\/ld+json\" class=\"yoast-schema-graph\">{\"@context\":\"https:\\\/\\\/schema.org\",\"@graph\":[{\"@type\":\"WebPage\",\"@id\":\"https:\\\/\\\/megabelzyce.pl\\\/es\\\/producto-elaborado\\\/\",\"url\":\"https:\\\/\\\/megabelzyce.pl\\\/es\\\/producto-elaborado\\\/\",\"name\":\"PRODUCTO ELABORADO - Mega Be\u0142\u017cyce\",\"isPartOf\":{\"@id\":\"https:\\\/\\\/megabelzyce.pl\\\/#website\"},\"primaryImageOfPage\":{\"@id\":\"https:\\\/\\\/megabelzyce.pl\\\/es\\\/producto-elaborado\\\/#primaryimage\"},\"image\":{\"@id\":\"https:\\\/\\\/megabelzyce.pl\\\/es\\\/producto-elaborado\\\/#primaryimage\"},\"thumbnailUrl\":\"https:\\\/\\\/megabelzyce.pl\\\/wp-content\\\/uploads\\\/2022\\\/04\\\/ikona-produkt-imgicon2.jpg\",\"datePublished\":\"2022-03-21T11:16:13+00:00\",\"dateModified\":\"2023-10-05T12:13:32+00:00\",\"description\":\"Aqu\u00ed encontrar\u00e1 las m\u00e1quinas de nuestra oferta agrupadas seg\u00fan el producto que se puede procesar con ellas.\",\"breadcrumb\":{\"@id\":\"https:\\\/\\\/megabelzyce.pl\\\/es\\\/producto-elaborado\\\/#breadcrumb\"},\"inLanguage\":\"es\",\"potentialAction\":[{\"@type\":\"ReadAction\",\"target\":[\"https:\\\/\\\/megabelzyce.pl\\\/es\\\/producto-elaborado\\\/\"]}]},{\"@type\":\"ImageObject\",\"inLanguage\":\"es\",\"@id\":\"https:\\\/\\\/megabelzyce.pl\\\/es\\\/producto-elaborado\\\/#primaryimage\",\"url\":\"https:\\\/\\\/megabelzyce.pl\\\/wp-content\\\/uploads\\\/2022\\\/04\\\/ikona-produkt-imgicon2.jpg\",\"contentUrl\":\"https:\\\/\\\/megabelzyce.pl\\\/wp-content\\\/uploads\\\/2022\\\/04\\\/ikona-produkt-imgicon2.jpg\",\"width\":400,\"height\":334,\"caption\":\"ikona-produkt-\"},{\"@type\":\"BreadcrumbList\",\"@id\":\"https:\\\/\\\/megabelzyce.pl\\\/es\\\/producto-elaborado\\\/#breadcrumb\",\"itemListElement\":[{\"@type\":\"ListItem\",\"position\":1,\"name\":\"Home\",\"item\":\"https:\\\/\\\/megabelzyce.pl\\\/es\\\/\"},{\"@type\":\"ListItem\",\"position\":2,\"name\":\"PRODUCTO ELABORADO\"}]},{\"@type\":\"WebSite\",\"@id\":\"https:\\\/\\\/megabelzyce.pl\\\/#website\",\"url\":\"https:\\\/\\\/megabelzyce.pl\\\/\",\"name\":\"Mega Be\u0142\u017cyce\",\"description\":\"Maszyny dla przemys\u0142u spo\u017cywczego\",\"publisher\":{\"@id\":\"https:\\\/\\\/megabelzyce.pl\\\/#organization\"},\"potentialAction\":[{\"@type\":\"SearchAction\",\"target\":{\"@type\":\"EntryPoint\",\"urlTemplate\":\"https:\\\/\\\/megabelzyce.pl\\\/?s={search_term_string}\"},\"query-input\":{\"@type\":\"PropertyValueSpecification\",\"valueRequired\":true,\"valueName\":\"search_term_string\"}}],\"inLanguage\":\"es\"},{\"@type\":\"Organization\",\"@id\":\"https:\\\/\\\/megabelzyce.pl\\\/#organization\",\"name\":\"Mega Be\u0142\u017cyce\",\"url\":\"https:\\\/\\\/megabelzyce.pl\\\/\",\"logo\":{\"@type\":\"ImageObject\",\"inLanguage\":\"es\",\"@id\":\"https:\\\/\\\/megabelzyce.pl\\\/#\\\/schema\\\/logo\\\/image\\\/\",\"url\":\"https:\\\/\\\/megabelzyce.pl\\\/wp-content\\\/uploads\\\/2023\\\/10\\\/logo-mega-skos-5.png\",\"contentUrl\":\"https:\\\/\\\/megabelzyce.pl\\\/wp-content\\\/uploads\\\/2023\\\/10\\\/logo-mega-skos-5.png\",\"width\":181,\"height\":98,\"caption\":\"Mega Be\u0142\u017cyce\"},\"image\":{\"@id\":\"https:\\\/\\\/megabelzyce.pl\\\/#\\\/schema\\\/logo\\\/image\\\/\"},\"sameAs\":[\"https:\\\/\\\/www.facebook.com\\\/MegaBelzyceMaszyny\\\/?locale=pl_PL\",\"https:\\\/\\\/www.linkedin.com\\\/company\\\/mega-sp-z-o-o\\\/\"]}]}<\/script>\n<!-- \/ Yoast SEO plugin. -->","yoast_head_json":{"title":"PRODUCTO ELABORADO - Mega Be\u0142\u017cyce","description":"Aqu\u00ed encontrar\u00e1 las m\u00e1quinas de nuestra oferta agrupadas seg\u00fan el producto que se puede procesar con ellas.","robots":{"index":"index","follow":"follow","max-snippet":"max-snippet:-1","max-image-preview":"max-image-preview:large","max-video-preview":"max-video-preview:-1"},"canonical":"https:\/\/megabelzyce.pl\/es\/producto-elaborado\/","og_locale":"es_ES","og_type":"article","og_title":"PRODUCTO ELABORADO - Mega Be\u0142\u017cyce","og_description":"Aqu\u00ed encontrar\u00e1 las m\u00e1quinas de nuestra oferta agrupadas seg\u00fan el producto que se puede procesar con ellas.","og_url":"https:\/\/megabelzyce.pl\/es\/producto-elaborado\/","og_site_name":"Mega Be\u0142\u017cyce","article_publisher":"https:\/\/www.facebook.com\/MegaBelzyceMaszyny\/?locale=pl_PL","article_modified_time":"2023-10-05T12:13:32+00:00","og_image":[{"width":400,"height":334,"url":"https:\/\/megabelzyce.pl\/wp-content\/uploads\/2022\/04\/ikona-produkt-imgicon2.jpg","type":"image\/jpeg"}],"twitter_card":"summary_large_image","twitter_misc":{"Tiempo de lectura":"2 minutos"},"schema":{"@context":"https:\/\/schema.org","@graph":[{"@type":"WebPage","@id":"https:\/\/megabelzyce.pl\/es\/producto-elaborado\/","url":"https:\/\/megabelzyce.pl\/es\/producto-elaborado\/","name":"PRODUCTO ELABORADO - Mega Be\u0142\u017cyce","isPartOf":{"@id":"https:\/\/megabelzyce.pl\/#website"},"primaryImageOfPage":{"@id":"https:\/\/megabelzyce.pl\/es\/producto-elaborado\/#primaryimage"},"image":{"@id":"https:\/\/megabelzyce.pl\/es\/producto-elaborado\/#primaryimage"},"thumbnailUrl":"https:\/\/megabelzyce.pl\/wp-content\/uploads\/2022\/04\/ikona-produkt-imgicon2.jpg","datePublished":"2022-03-21T11:16:13+00:00","dateModified":"2023-10-05T12:13:32+00:00","description":"Aqu\u00ed encontrar\u00e1 las m\u00e1quinas de nuestra oferta agrupadas seg\u00fan el producto que se puede procesar con ellas.","breadcrumb":{"@id":"https:\/\/megabelzyce.pl\/es\/producto-elaborado\/#breadcrumb"},"inLanguage":"es","potentialAction":[{"@type":"ReadAction","target":["https:\/\/megabelzyce.pl\/es\/producto-elaborado\/"]}]},{"@type":"ImageObject","inLanguage":"es","@id":"https:\/\/megabelzyce.pl\/es\/producto-elaborado\/#primaryimage","url":"https:\/\/megabelzyce.pl\/wp-content\/uploads\/2022\/04\/ikona-produkt-imgicon2.jpg","contentUrl":"https:\/\/megabelzyce.pl\/wp-content\/uploads\/2022\/04\/ikona-produkt-imgicon2.jpg","width":400,"height":334,"caption":"ikona-produkt-"},{"@type":"BreadcrumbList","@id":"https:\/\/megabelzyce.pl\/es\/producto-elaborado\/#breadcrumb","itemListElement":[{"@type":"ListItem","position":1,"name":"Home","item":"https:\/\/megabelzyce.pl\/es\/"},{"@type":"ListItem","position":2,"name":"PRODUCTO ELABORADO"}]},{"@type":"WebSite","@id":"https:\/\/megabelzyce.pl\/#website","url":"https:\/\/megabelzyce.pl\/","name":"Mega Be\u0142\u017cyce","description":"Maszyny dla przemys\u0142u spo\u017cywczego","publisher":{"@id":"https:\/\/megabelzyce.pl\/#organization"},"potentialAction":[{"@type":"SearchAction","target":{"@type":"EntryPoint","urlTemplate":"https:\/\/megabelzyce.pl\/?s={search_term_string}"},"query-input":{"@type":"PropertyValueSpecification","valueRequired":true,"valueName":"search_term_string"}}],"inLanguage":"es"},{"@type":"Organization","@id":"https:\/\/megabelzyce.pl\/#organization","name":"Mega Be\u0142\u017cyce","url":"https:\/\/megabelzyce.pl\/","logo":{"@type":"ImageObject","inLanguage":"es","@id":"https:\/\/megabelzyce.pl\/#\/schema\/logo\/image\/","url":"https:\/\/megabelzyce.pl\/wp-content\/uploads\/2023\/10\/logo-mega-skos-5.png","contentUrl":"https:\/\/megabelzyce.pl\/wp-content\/uploads\/2023\/10\/logo-mega-skos-5.png","width":181,"height":98,"caption":"Mega Be\u0142\u017cyce"},"image":{"@id":"https:\/\/megabelzyce.pl\/#\/schema\/logo\/image\/"},"sameAs":["https:\/\/www.facebook.com\/MegaBelzyceMaszyny\/?locale=pl_PL","https:\/\/www.linkedin.com\/company\/mega-sp-z-o-o\/"]}]}},"_links":{"self":[{"href":"https:\/\/megabelzyce.pl\/es\/wp-json\/wp\/v2\/pages\/6135","targetHints":{"allow":["GET"]}}],"collection":[{"href":"https:\/\/megabelzyce.pl\/es\/wp-json\/wp\/v2\/pages"}],"about":[{"href":"https:\/\/megabelzyce.pl\/es\/wp-json\/wp\/v2\/types\/page"}],"author":[{"embeddable":true,"href":"https:\/\/megabelzyce.pl\/es\/wp-json\/wp\/v2\/users\/1"}],"replies":[{"embeddable":true,"href":"https:\/\/megabelzyce.pl\/es\/wp-json\/wp\/v2\/comments?post=6135"}],"version-history":[{"count":13,"href":"https:\/\/megabelzyce.pl\/es\/wp-json\/wp\/v2\/pages\/6135\/revisions"}],"predecessor-version":[{"id":7200,"href":"https:\/\/megabelzyce.pl\/es\/wp-json\/wp\/v2\/pages\/6135\/revisions\/7200"}],"wp:featuredmedia":[{"embeddable":true,"href":"https:\/\/megabelzyce.pl\/es\/wp-json\/wp\/v2\/media\/7177"}],"wp:attachment":[{"href":"https:\/\/megabelzyce.pl\/es\/wp-json\/wp\/v2\/media?parent=6135"}],"curies":[{"name":"wp","href":"https:\/\/api.w.org\/{rel}","templated":true}]}}