{"id":4117,"date":"2022-05-18T23:16:01","date_gmt":"2022-05-18T21:16:01","guid":{"rendered":"https:\/\/megabelzyce.pl\/%d1%80%d0%b5%d0%b0%d0%bb%d0%b8%d0%b7%d0%b0%d1%86%d0%b8%d0%b8\/"},"modified":"2022-09-04T16:43:28","modified_gmt":"2022-09-04T14:43:28","slug":"%d1%80%d0%b5%d0%b0%d0%bb%d0%b8%d0%b7%d0%b0%d1%86%d0%b8%d0%b8","status":"publish","type":"page","link":"https:\/\/megabelzyce.pl\/ru\/%d1%80%d0%b5%d0%b0%d0%bb%d0%b8%d0%b7%d0%b0%d1%86%d0%b8%d0%b8\/","title":{"rendered":"\u0420\u0415\u0410\u041b\u0418\u0417\u0410\u0426\u0418\u0418"},"content":{"rendered":"<div class=\"wpb-content-wrapper\">[vc_row fullwidth=&#187;true&#187;][vc_column][mk_padding_divider size=&#187;55&#8243;][vc_row_inner is_fullwidth_content=&#187;false&#187;][vc_column_inner][mk_fancy_title color=&#187;#000000&#8243; size=&#187;36&#8243; force_font_size=&#187;true&#187; size_smallscreen=&#187;36&#8243; size_tablet=&#187;32&#8243; size_phone=&#187;28&#8243; font_weight=&#187;bold&#187; txt_transform=&#187;uppercase&#187; margin_top=&#187;10&#8243; margin_bottom=&#187;10&#8243; font_family=&#187;none&#187; align=&#187;center&#187;]\u0420\u0415\u0410\u041b\u0418\u0417\u0410\u0426\u0418\u0418[\/mk_fancy_title][vc_separator color=&#187;custom&#187; border_width=&#187;5&#8243; el_width=&#187;10&#8243; accent_color=&#187;#e4651e&#187;][vc_column_text align=&#187;center&#187; margin_bottom=&#187;25&#8243; css=&#187;.vc_custom_1652909471385{margin-bottom: 0px !important;}&#187;]\n<p style=\"text-align: center;\">\u0412\u043d\u0435\u0434\u0440\u044f\u044f \u0438\u043d\u043d\u043e\u0432\u0430\u0446\u0438\u043e\u043d\u043d\u044b\u0435 \u0440\u0435\u0448\u0435\u043d\u0438\u044f \u0432 \u043e\u0431\u043b\u0430\u0441\u0442\u0438 \u043a\u043e\u043d\u0441\u0442\u0440\u0443\u043a\u0446\u0438\u0438 \u0438 \u0443\u043f\u0440\u0430\u0432\u043b\u0435\u043d\u0438\u044f \u043c\u0430\u0448\u0438\u043d, \u043c\u044b \u043e\u0431\u0435\u0441\u043f\u0435\u0447\u0438\u0432\u0430\u0435\u043c \u043d\u0430\u0448\u0438\u043c \u043a\u043b\u0438\u0435\u043d\u0442\u0430\u043c \u043f\u043e\u0432\u044b\u0448\u0435\u043d\u0438\u0435 \u044d\u0444\u0444\u0435\u043a\u0442\u0438\u0432\u043d\u043e\u0441\u0442\u0438 \u043f\u0440\u043e\u0438\u0437\u0432\u043e\u0434\u0441\u0442\u0432\u0435\u043d\u043d\u044b\u0445 \u043b\u0438\u043d\u0438\u0439 \u043f\u0440\u0438 \u043e\u0434\u043d\u043e\u0432\u0440\u0435\u043c\u0435\u043d\u043d\u043e\u043c \u0441\u043d\u0438\u0436\u0435\u043d\u0438\u0438 \u0437\u0430\u0442\u0440\u0430\u0442 \u0437\u0430 \u0441\u0447\u0435\u0442 \u0441\u043d\u0438\u0436\u0435\u043d\u0438\u044f \u044d\u043d\u0435\u0440\u0433\u043e\u043f\u043e\u0442\u0440\u0435\u0431\u043b\u0435\u043d\u0438\u044f. \u041e\u043f\u0442\u0438\u043c\u0438\u0437\u0430\u0446\u0438\u044f \u043f\u0440\u043e\u0446\u0435\u0441\u0441\u0430 \u043e\u0431\u0440\u0430\u0431\u043e\u0442\u043a\u0438 \u0432 \u0441\u043e\u0447\u0435\u0442\u0430\u043d\u0438\u0438 \u0441 \u043c\u043e\u0434\u0435\u0440\u043d\u0438\u0437\u0430\u0446\u0438\u0435\u0439 \u0443\u0441\u0442\u0440\u043e\u0439\u0441\u0442\u0432 \u0434\u0430\u0435\u0442 \u0440\u0435\u0430\u043b\u044c\u043d\u0443\u044e \u0432\u043e\u0437\u043c\u043e\u0436\u043d\u043e\u0441\u0442\u044c \u0434\u043e\u0431\u0438\u0442\u044c\u0441\u044f \u0443\u0441\u043f\u0435\u0445\u0430 \u0432\u043e \u0432\u0441\u0435 \u0431\u043e\u043b\u0435\u0435 \u0442\u0440\u0435\u0431\u043e\u0432\u0430\u0442\u0435\u043b\u044c\u043d\u044b\u0445 \u0440\u044b\u043d\u043e\u0447\u043d\u044b\u0445 \u0443\u0441\u043b\u043e\u0432\u0438\u044f\u0445.<\/p>\n<h3 style=\"text-align: center;\">\u041e\u0417\u041d\u0410\u041a\u041e\u041c\u042c\u0422\u0415\u0421\u042c \u0421 \u041d\u0410\u0428\u0418\u041c\u0418 \u041f\u0420\u041e\u0415\u041a\u0422\u0410\u041c\u0418<\/h3>\n[\/vc_column_text][mk_padding_divider size=&#187;25&#8243; visibility=&#187;hidden-sm&#187;][mk_blog style=&#187;grid&#187; column=&#187;2&#8243; image_size=&#187;full&#187; post_count=&#187;-1&#8243; transparent_border=&#187;true&#187; disable_meta=&#187;false&#187; excerpt_length=&#187;0&#8243; pagination=&#187;false&#187; cat=&#187;11&#8243;][\/vc_column_inner][\/vc_row_inner][mk_padding_divider size=&#187;45&#8243; visibility=&#187;hidden-sm&#187;][\/vc_column][\/vc_row][mk_page_section vertical_align=&#187;top&#187; layout_structure=&#187;half_left&#187; bg_image=&#187;https:\/\/megabelzyce.pl\/wp-content\/uploads\/2022\/05\/kontakt-2.jpg&#187; bg_image_portrait=&#187;https:\/\/megabelzyce.pl\/wp-content\/uploads\/2022\/05\/kontakt-2-mobile.jpg&#187; bg_color=&#187;#e4651e&#187; js_vertical_centered=&#187;true&#187; padding_top=&#187;25&#8243; padding_bottom=&#187;25&#8243;][vc_column][mk_padding_divider size=&#187;115&#8243;][mk_fancy_title color=&#187;#ffffff&#187; size=&#187;36&#8243; force_font_size=&#187;true&#187; size_smallscreen=&#187;36&#8243; size_tablet=&#187;32&#8243; size_phone=&#187;28&#8243; font_weight=&#187;bold&#187; txt_transform=&#187;uppercase&#187; margin_top=&#187;10&#8243; margin_bottom=&#187;10&#8243; font_family=&#187;none&#187;]\u0411\u0443\u0434\u0435\u043c \u043d\u0430 \u0441\u0432\u044f\u0437\u0438[\/mk_fancy_title][vc_column_text margin_bottom=&#187;25&#8243; css=&#187;.vc_custom_1652903238606{margin-bottom: 0px !important;}&#187;]<span style=\"color: #ffffff;\">\u0414\u0430\u0432\u0430\u0439\u0442\u0435 \u043f\u043e\u0433\u043e\u0432\u043e\u0440\u0438\u043c. \u0415\u0441\u043b\u0438 \u0412\u044b \u0445\u043e\u0442\u0438\u0442\u0435 \u0437\u0430\u0434\u0430\u0442\u044c \u0432\u043e\u043f\u0440\u043e\u0441 \u0438\u043b\u0438 \u043f\u043e\u043b\u0443\u0447\u0438\u0442\u044c \u0438\u043d\u0444\u043e\u0440\u043c\u0430\u0446\u0438\u044e \u043e\u0442 \u043e\u0434\u043d\u043e\u0433\u043e \u0438\u0437 \u043d\u0430\u0448\u0438\u0445 \u044d\u043a\u0441\u043f\u0435\u0440\u0442\u043e\u0432, \u0441\u0432\u044f\u0436\u0438\u0442\u0435\u0441\u044c \u0441 \u043d\u0430\u043c\u0438.<\/span><\/p>\n<p><span style=\"color: #ffffff;\">\u041c\u044b \u043f\u043e\u0434\u0431\u0435\u0440\u0435\u043c \u0438\u043d\u0434\u0438\u0432\u0438\u0434\u0443\u0430\u043b\u044c\u043d\u044b\u0435 \u0442\u0435\u0445\u043d\u0438\u0447\u0435\u0441\u043a\u0438\u0435 \u043f\u0430\u0440\u0430\u043c\u0435\u0442\u0440\u044b \u0438 \u043f\u0440\u043e\u0438\u0437\u0432\u043e\u0434\u0438\u0442\u0435\u043b\u044c\u043d\u043e\u0441\u0442\u044c \u0443\u0441\u0442\u0440\u043e\u0439\u0441\u0442\u0432\u0430 \u043f\u043e\u0434 \u0412\u0430\u0448\u0438 \u043f\u043e\u0442\u0440\u0435\u0431\u043d\u043e\u0441\u0442\u0438!<\/span>[\/vc_column_text][mk_padding_divider size=&#187;25&#8243;][mk_button dimension=&#187;outline&#187; corner_style=&#187;rounded&#187; size=&#187;medium&#187; url=&#187;https:\/\/megabelzyce.pl\/ru\/%d0%ba%d0%be%d0%bd%d1%82%d0%b0%d0%ba%d1%82\/&#187; margin_top=&#187;25&#8243; margin_bottom=&#187;25&#8243; margin_right=&#187;0&#8243; outline_skin=&#187;light&#187;]\u041a\u041e\u041d\u0422\u0410\u041a\u0422[\/mk_button][mk_padding_divider size=&#187;115&#8243;][\/vc_column][\/mk_page_section][vc_row fullwidth=&#187;true&#187; fullwidth_content=&#187;false&#187; parallax=&#187;content-moving&#187; parallax_image=&#187;289&#8243; css=&#187;.vc_custom_1649765063839{padding-right: 10px !important;padding-left: 10px !important;background-color: #324d3c !important;}&#187;][vc_column][mk_padding_divider size=&#187;105&#8243;][vc_row_inner][vc_column_inner width=&#187;2\/3&#8243;][mk_fancy_title color=&#187;#ffffff&#187; size=&#187;36&#8243; force_font_size=&#187;true&#187; size_smallscreen=&#187;36&#8243; size_tablet=&#187;32&#8243; size_phone=&#187;28&#8243; line_height=&#187;95&#8243; font_weight=&#187;500&#8243; margin_bottom=&#187;5&#8243; font_family=&#187;none&#187; responsive_align=&#187;left&#187;]\u041f\u043e\u0434\u043f\u0438\u0448\u0438\u0442\u0435\u0441\u044c \u043d\u0430 \u0440\u0430\u0441\u0441\u044b\u043b\u043a\u0443 \u043d\u043e\u0432\u043e\u0441\u0442\u0435\u0439[\/mk_fancy_title][vc_column_text css=&#187;.vc_custom_1647973024503{margin-bottom: 0px !important;}&#187;]<span style=\"color: #ffffff;\">\u0421\u0430\u043c\u0430\u044f \u0441\u0432\u0435\u0436\u0430\u044f \u0438\u043d\u0444\u043e\u0440\u043c\u0430\u0446\u0438\u044f, \u043d\u043e\u0432\u044b\u0435 \u043f\u0440\u043e\u0434\u0443\u043a\u0442\u044b, \u043d\u0430\u0448\u0438 \u0443\u0441\u043f\u0435\u0445\u0438. <\/span><br \/>\n<span style=\"color: #ffffff;\">\u041f\u043e\u0434\u043f\u0438\u0448\u0438\u0442\u0435\u0441\u044c \u043d\u0430 \u043d\u0430\u0448\u0443 \u0440\u0430\u0441\u0441\u044b\u043b\u043a\u0443 \u043d\u043e\u0432\u043e\u0441\u0442\u0435\u0439!<\/span>[\/vc_column_text][\/vc_column_inner][vc_column_inner width=&#187;1\/3&#8243; css=&#187;.vc_custom_1642432871502{margin-right: 0px !important;padding-right: 0px !important;}&#187;][\/vc_column_inner][\/vc_row_inner][vc_row_inner is_fullwidth_content=&#187;false&#187;][vc_column_inner width=&#187;1\/6&#8243;][\/vc_column_inner][vc_column_inner width=&#187;2\/3&#8243;][mk_padding_divider size=&#187;25&#8243;][mk_subscribe placeholder_text=&#187;E-mail&#187; button_text=&#187;\u041e\u0422\u041f\u0420\u0410\u0412\u0418\u0422\u042c&#187; gdpr_consent_text=&#187;\u0414\u0430\u044e \u0441\u043e\u0433\u043b\u0430\u0441\u0438\u0435 \u043d\u0430 \u0441\u0431\u043e\u0440 \u043c\u043e\u0438\u0445 \u0434\u0430\u043d\u043d\u044b\u0445 \u043a\u043e\u043c\u043f\u0430\u043d\u0438\u0435\u0439 \u041c\u0415\u0413\u0410 \u0447\u0435\u0440\u0435\u0437 \u0434\u0430\u043d\u043d\u0443\u044e \u0444\u043e\u0440\u043c\u0443.&#187; corner_radius=&#187;1&#8243; subscribe_size=&#187;medium&#187; btn_bg_color=&#187;#2b7732&#8243; btn_text_color=&#187;#ffffff&#187; btn_border_color=&#187;#2b7732&#8243; input_placeholder_color=&#187;#aaaaaa&#187; btn_hover_bg_color=&#187;#2a593a&#187; btn_hover_text_color=&#187;#ffffff&#187; btn_hover_border_color=&#187;#2a593a&#187;][mk_padding_divider size=&#187;95&#8243;][\/vc_column_inner][vc_column_inner width=&#187;1\/6&#8243;][\/vc_column_inner][\/vc_row_inner][\/vc_column][\/vc_row]\n<\/div>","protected":false},"excerpt":{"rendered":"<p>[vc_row fullwidth=&#187;true&#187;][vc_column][mk_padding_divider size=&#187;55&#8243;][vc_row_inner is_fullwidth_content=&#187;false&#187;][vc_column_inner][mk_fancy_title color=&#187;#000000&#8243; size=&#187;36&#8243; force_font_size=&#187;true&#187; size_smallscreen=&#187;36&#8243; size_tablet=&#187;32&#8243; size_phone=&#187;28&#8243; font_weight=&#187;bold&#187; txt_transform=&#187;uppercase&#187; margin_top=&#187;10&#8243; margin_bottom=&#187;10&#8243; font_family=&#187;none&#187; align=&#187;center&#187;]\u0420\u0415\u0410\u041b\u0418\u0417\u0410\u0426\u0418\u0418[\/mk_fancy_title][vc_separator color=&#187;custom&#187; border_width=&#187;5&#8243; el_width=&#187;10&#8243; accent_color=&#187;#e4651e&#187;][vc_column_text align=&#187;center&#187; margin_bottom=&#187;25&#8243; css=&#187;.vc_custom_1652909471385{margin-bottom: 0px !important;}&#187;] \u0412\u043d\u0435\u0434\u0440\u044f\u044f \u0438\u043d\u043d\u043e\u0432\u0430\u0446\u0438\u043e\u043d\u043d\u044b\u0435 \u0440\u0435\u0448\u0435\u043d\u0438\u044f \u0432 \u043e\u0431\u043b\u0430\u0441\u0442\u0438 \u043a\u043e\u043d\u0441\u0442\u0440\u0443\u043a\u0446\u0438\u0438 \u0438 \u0443\u043f\u0440\u0430\u0432\u043b\u0435\u043d\u0438\u044f \u043c\u0430\u0448\u0438\u043d, \u043c\u044b \u043e\u0431\u0435\u0441\u043f\u0435\u0447\u0438\u0432\u0430\u0435\u043c \u043d\u0430\u0448\u0438\u043c \u043a\u043b\u0438\u0435\u043d\u0442\u0430\u043c \u043f\u043e\u0432\u044b\u0448\u0435\u043d\u0438\u0435 \u044d\u0444\u0444\u0435\u043a\u0442\u0438\u0432\u043d\u043e\u0441\u0442\u0438 \u043f\u0440\u043e\u0438\u0437\u0432\u043e\u0434\u0441\u0442\u0432\u0435\u043d\u043d\u044b\u0445 \u043b\u0438\u043d\u0438\u0439 \u043f\u0440\u0438 \u043e\u0434\u043d\u043e\u0432\u0440\u0435\u043c\u0435\u043d\u043d\u043e\u043c \u0441\u043d\u0438\u0436\u0435\u043d\u0438\u0438 \u0437\u0430\u0442\u0440\u0430\u0442 \u0437\u0430 \u0441\u0447\u0435\u0442 \u0441\u043d\u0438\u0436\u0435\u043d\u0438\u044f \u044d\u043d\u0435\u0440\u0433\u043e\u043f\u043e\u0442\u0440\u0435\u0431\u043b\u0435\u043d\u0438\u044f. \u041e\u043f\u0442\u0438\u043c\u0438\u0437\u0430\u0446\u0438\u044f \u043f\u0440\u043e\u0446\u0435\u0441\u0441\u0430 \u043e\u0431\u0440\u0430\u0431\u043e\u0442\u043a\u0438 \u0432 \u0441\u043e\u0447\u0435\u0442\u0430\u043d\u0438\u0438 [&hellip;]<\/p>\n","protected":false},"author":1,"featured_media":5803,"parent":0,"menu_order":0,"comment_status":"closed","ping_status":"closed","template":"","meta":{"_acf_changed":false,"footnotes":""},"class_list":["post-4117","page","type-page","status-publish","has-post-thumbnail","hentry"],"acf":[],"yoast_head":"<!-- This site is optimized with the Yoast SEO plugin v27.5 - https:\/\/yoast.com\/product\/yoast-seo-wordpress\/ -->\n<title>\u0420\u0415\u0410\u041b\u0418\u0417\u0410\u0426\u0418\u0418 - Mega Be\u0142\u017cyce<\/title>\n<meta name=\"robots\" content=\"index, follow, max-snippet:-1, max-image-preview:large, max-video-preview:-1\" \/>\n<link rel=\"canonical\" href=\"https:\/\/megabelzyce.pl\/realizacje\/\" \/>\n<meta property=\"og:locale\" content=\"ru_RU\" \/>\n<meta property=\"og:type\" content=\"article\" \/>\n<meta property=\"og:title\" content=\"\u0420\u0415\u0410\u041b\u0418\u0417\u0410\u0426\u0418\u0418 - Mega Be\u0142\u017cyce\" \/>\n<meta property=\"og:description\" content=\"[vc_row fullwidth=&#187;true&#187;][vc_column][mk_padding_divider size=&#187;55&#8243;][vc_row_inner is_fullwidth_content=&#187;false&#187;][vc_column_inner][mk_fancy_title color=&#187;#000000&#8243; size=&#187;36&#8243; force_font_size=&#187;true&#187; size_smallscreen=&#187;36&#8243; size_tablet=&#187;32&#8243; size_phone=&#187;28&#8243; font_weight=&#187;bold&#187; txt_transform=&#187;uppercase&#187; margin_top=&#187;10&#8243; margin_bottom=&#187;10&#8243; font_family=&#187;none&#187; align=&#187;center&#187;]\u0420\u0415\u0410\u041b\u0418\u0417\u0410\u0426\u0418\u0418[\/mk_fancy_title][vc_separator color=&#187;custom&#187; border_width=&#187;5&#8243; el_width=&#187;10&#8243; accent_color=&#187;#e4651e&#187;][vc_column_text align=&#187;center&#187; margin_bottom=&#187;25&#8243; css=&#187;.vc_custom_1652909471385{margin-bottom: 0px !important;}&#187;] \u0412\u043d\u0435\u0434\u0440\u044f\u044f \u0438\u043d\u043d\u043e\u0432\u0430\u0446\u0438\u043e\u043d\u043d\u044b\u0435 \u0440\u0435\u0448\u0435\u043d\u0438\u044f \u0432 \u043e\u0431\u043b\u0430\u0441\u0442\u0438 \u043a\u043e\u043d\u0441\u0442\u0440\u0443\u043a\u0446\u0438\u0438 \u0438 \u0443\u043f\u0440\u0430\u0432\u043b\u0435\u043d\u0438\u044f \u043c\u0430\u0448\u0438\u043d, \u043c\u044b \u043e\u0431\u0435\u0441\u043f\u0435\u0447\u0438\u0432\u0430\u0435\u043c \u043d\u0430\u0448\u0438\u043c \u043a\u043b\u0438\u0435\u043d\u0442\u0430\u043c \u043f\u043e\u0432\u044b\u0448\u0435\u043d\u0438\u0435 \u044d\u0444\u0444\u0435\u043a\u0442\u0438\u0432\u043d\u043e\u0441\u0442\u0438 \u043f\u0440\u043e\u0438\u0437\u0432\u043e\u0434\u0441\u0442\u0432\u0435\u043d\u043d\u044b\u0445 \u043b\u0438\u043d\u0438\u0439 \u043f\u0440\u0438 \u043e\u0434\u043d\u043e\u0432\u0440\u0435\u043c\u0435\u043d\u043d\u043e\u043c \u0441\u043d\u0438\u0436\u0435\u043d\u0438\u0438 \u0437\u0430\u0442\u0440\u0430\u0442 \u0437\u0430 \u0441\u0447\u0435\u0442 \u0441\u043d\u0438\u0436\u0435\u043d\u0438\u044f \u044d\u043d\u0435\u0440\u0433\u043e\u043f\u043e\u0442\u0440\u0435\u0431\u043b\u0435\u043d\u0438\u044f. \u041e\u043f\u0442\u0438\u043c\u0438\u0437\u0430\u0446\u0438\u044f \u043f\u0440\u043e\u0446\u0435\u0441\u0441\u0430 \u043e\u0431\u0440\u0430\u0431\u043e\u0442\u043a\u0438 \u0432 \u0441\u043e\u0447\u0435\u0442\u0430\u043d\u0438\u0438 [&hellip;]\" \/>\n<meta property=\"og:url\" content=\"https:\/\/megabelzyce.pl\/realizacje\/\" \/>\n<meta property=\"og:site_name\" content=\"Mega Be\u0142\u017cyce\" \/>\n<meta property=\"article:publisher\" content=\"https:\/\/www.facebook.com\/MegaBelzyceMaszyny\/?locale=pl_PL\" \/>\n<meta property=\"article:modified_time\" content=\"2022-09-04T14:43:28+00:00\" \/>\n<meta name=\"twitter:card\" content=\"summary_large_image\" \/>\n<meta name=\"twitter:label1\" content=\"\u041f\u0440\u0438\u043c\u0435\u0440\u043d\u043e\u0435 \u0432\u0440\u0435\u043c\u044f \u0434\u043b\u044f \u0447\u0442\u0435\u043d\u0438\u044f\" \/>\n\t<meta name=\"twitter:data1\" content=\"2 \u043c\u0438\u043d\u0443\u0442\u044b\" \/>\n<script type=\"application\/ld+json\" class=\"yoast-schema-graph\">{\"@context\":\"https:\\\/\\\/schema.org\",\"@graph\":[{\"@type\":\"WebPage\",\"@id\":\"https:\\\/\\\/megabelzyce.pl\\\/realizacje\\\/\",\"url\":\"https:\\\/\\\/megabelzyce.pl\\\/realizacje\\\/\",\"name\":\"\u0420\u0415\u0410\u041b\u0418\u0417\u0410\u0426\u0418\u0418 - Mega Be\u0142\u017cyce\",\"isPartOf\":{\"@id\":\"https:\\\/\\\/megabelzyce.pl\\\/#website\"},\"primaryImageOfPage\":{\"@id\":\"https:\\\/\\\/megabelzyce.pl\\\/realizacje\\\/#primaryimage\"},\"image\":{\"@id\":\"https:\\\/\\\/megabelzyce.pl\\\/realizacje\\\/#primaryimage\"},\"thumbnailUrl\":\"https:\\\/\\\/megabelzyce.pl\\\/wp-content\\\/uploads\\\/2023\\\/09\\\/how-we-work.png\",\"datePublished\":\"2022-05-18T21:16:01+00:00\",\"dateModified\":\"2022-09-04T14:43:28+00:00\",\"breadcrumb\":{\"@id\":\"https:\\\/\\\/megabelzyce.pl\\\/realizacje\\\/#breadcrumb\"},\"inLanguage\":\"ru-RU\",\"potentialAction\":[{\"@type\":\"ReadAction\",\"target\":[\"https:\\\/\\\/megabelzyce.pl\\\/realizacje\\\/\"]}]},{\"@type\":\"ImageObject\",\"inLanguage\":\"ru-RU\",\"@id\":\"https:\\\/\\\/megabelzyce.pl\\\/realizacje\\\/#primaryimage\",\"url\":\"https:\\\/\\\/megabelzyce.pl\\\/wp-content\\\/uploads\\\/2023\\\/09\\\/how-we-work.png\",\"contentUrl\":\"https:\\\/\\\/megabelzyce.pl\\\/wp-content\\\/uploads\\\/2023\\\/09\\\/how-we-work.png\",\"width\":720,\"height\":577,\"caption\":\"how-we-work\"},{\"@type\":\"BreadcrumbList\",\"@id\":\"https:\\\/\\\/megabelzyce.pl\\\/realizacje\\\/#breadcrumb\",\"itemListElement\":[{\"@type\":\"ListItem\",\"position\":1,\"name\":\"Home\",\"item\":\"https:\\\/\\\/megabelzyce.pl\\\/ru\\\/\"},{\"@type\":\"ListItem\",\"position\":2,\"name\":\"\u0420\u0415\u0410\u041b\u0418\u0417\u0410\u0426\u0418\u0418\"}]},{\"@type\":\"WebSite\",\"@id\":\"https:\\\/\\\/megabelzyce.pl\\\/#website\",\"url\":\"https:\\\/\\\/megabelzyce.pl\\\/\",\"name\":\"Mega Be\u0142\u017cyce\",\"description\":\"Maszyny dla przemys\u0142u spo\u017cywczego\",\"publisher\":{\"@id\":\"https:\\\/\\\/megabelzyce.pl\\\/#organization\"},\"potentialAction\":[{\"@type\":\"SearchAction\",\"target\":{\"@type\":\"EntryPoint\",\"urlTemplate\":\"https:\\\/\\\/megabelzyce.pl\\\/?s={search_term_string}\"},\"query-input\":{\"@type\":\"PropertyValueSpecification\",\"valueRequired\":true,\"valueName\":\"search_term_string\"}}],\"inLanguage\":\"ru-RU\"},{\"@type\":\"Organization\",\"@id\":\"https:\\\/\\\/megabelzyce.pl\\\/#organization\",\"name\":\"Mega Be\u0142\u017cyce\",\"url\":\"https:\\\/\\\/megabelzyce.pl\\\/\",\"logo\":{\"@type\":\"ImageObject\",\"inLanguage\":\"ru-RU\",\"@id\":\"https:\\\/\\\/megabelzyce.pl\\\/#\\\/schema\\\/logo\\\/image\\\/\",\"url\":\"https:\\\/\\\/megabelzyce.pl\\\/wp-content\\\/uploads\\\/2023\\\/10\\\/logo-mega-skos-5.png\",\"contentUrl\":\"https:\\\/\\\/megabelzyce.pl\\\/wp-content\\\/uploads\\\/2023\\\/10\\\/logo-mega-skos-5.png\",\"width\":181,\"height\":98,\"caption\":\"Mega Be\u0142\u017cyce\"},\"image\":{\"@id\":\"https:\\\/\\\/megabelzyce.pl\\\/#\\\/schema\\\/logo\\\/image\\\/\"},\"sameAs\":[\"https:\\\/\\\/www.facebook.com\\\/MegaBelzyceMaszyny\\\/?locale=pl_PL\",\"https:\\\/\\\/www.linkedin.com\\\/company\\\/mega-sp-z-o-o\\\/\"]}]}<\/script>\n<!-- \/ Yoast SEO plugin. -->","yoast_head_json":{"title":"\u0420\u0415\u0410\u041b\u0418\u0417\u0410\u0426\u0418\u0418 - Mega Be\u0142\u017cyce","robots":{"index":"index","follow":"follow","max-snippet":"max-snippet:-1","max-image-preview":"max-image-preview:large","max-video-preview":"max-video-preview:-1"},"canonical":"https:\/\/megabelzyce.pl\/realizacje\/","og_locale":"ru_RU","og_type":"article","og_title":"\u0420\u0415\u0410\u041b\u0418\u0417\u0410\u0426\u0418\u0418 - Mega Be\u0142\u017cyce","og_description":"[vc_row fullwidth=&#187;true&#187;][vc_column][mk_padding_divider size=&#187;55&#8243;][vc_row_inner is_fullwidth_content=&#187;false&#187;][vc_column_inner][mk_fancy_title color=&#187;#000000&#8243; size=&#187;36&#8243; force_font_size=&#187;true&#187; size_smallscreen=&#187;36&#8243; size_tablet=&#187;32&#8243; size_phone=&#187;28&#8243; font_weight=&#187;bold&#187; txt_transform=&#187;uppercase&#187; margin_top=&#187;10&#8243; margin_bottom=&#187;10&#8243; font_family=&#187;none&#187; align=&#187;center&#187;]\u0420\u0415\u0410\u041b\u0418\u0417\u0410\u0426\u0418\u0418[\/mk_fancy_title][vc_separator color=&#187;custom&#187; border_width=&#187;5&#8243; el_width=&#187;10&#8243; accent_color=&#187;#e4651e&#187;][vc_column_text align=&#187;center&#187; margin_bottom=&#187;25&#8243; css=&#187;.vc_custom_1652909471385{margin-bottom: 0px !important;}&#187;] \u0412\u043d\u0435\u0434\u0440\u044f\u044f \u0438\u043d\u043d\u043e\u0432\u0430\u0446\u0438\u043e\u043d\u043d\u044b\u0435 \u0440\u0435\u0448\u0435\u043d\u0438\u044f \u0432 \u043e\u0431\u043b\u0430\u0441\u0442\u0438 \u043a\u043e\u043d\u0441\u0442\u0440\u0443\u043a\u0446\u0438\u0438 \u0438 \u0443\u043f\u0440\u0430\u0432\u043b\u0435\u043d\u0438\u044f \u043c\u0430\u0448\u0438\u043d, \u043c\u044b \u043e\u0431\u0435\u0441\u043f\u0435\u0447\u0438\u0432\u0430\u0435\u043c \u043d\u0430\u0448\u0438\u043c \u043a\u043b\u0438\u0435\u043d\u0442\u0430\u043c \u043f\u043e\u0432\u044b\u0448\u0435\u043d\u0438\u0435 \u044d\u0444\u0444\u0435\u043a\u0442\u0438\u0432\u043d\u043e\u0441\u0442\u0438 \u043f\u0440\u043e\u0438\u0437\u0432\u043e\u0434\u0441\u0442\u0432\u0435\u043d\u043d\u044b\u0445 \u043b\u0438\u043d\u0438\u0439 \u043f\u0440\u0438 \u043e\u0434\u043d\u043e\u0432\u0440\u0435\u043c\u0435\u043d\u043d\u043e\u043c \u0441\u043d\u0438\u0436\u0435\u043d\u0438\u0438 \u0437\u0430\u0442\u0440\u0430\u0442 \u0437\u0430 \u0441\u0447\u0435\u0442 \u0441\u043d\u0438\u0436\u0435\u043d\u0438\u044f \u044d\u043d\u0435\u0440\u0433\u043e\u043f\u043e\u0442\u0440\u0435\u0431\u043b\u0435\u043d\u0438\u044f. \u041e\u043f\u0442\u0438\u043c\u0438\u0437\u0430\u0446\u0438\u044f \u043f\u0440\u043e\u0446\u0435\u0441\u0441\u0430 \u043e\u0431\u0440\u0430\u0431\u043e\u0442\u043a\u0438 \u0432 \u0441\u043e\u0447\u0435\u0442\u0430\u043d\u0438\u0438 [&hellip;]","og_url":"https:\/\/megabelzyce.pl\/realizacje\/","og_site_name":"Mega Be\u0142\u017cyce","article_publisher":"https:\/\/www.facebook.com\/MegaBelzyceMaszyny\/?locale=pl_PL","article_modified_time":"2022-09-04T14:43:28+00:00","twitter_card":"summary_large_image","twitter_misc":{"\u041f\u0440\u0438\u043c\u0435\u0440\u043d\u043e\u0435 \u0432\u0440\u0435\u043c\u044f \u0434\u043b\u044f \u0447\u0442\u0435\u043d\u0438\u044f":"2 \u043c\u0438\u043d\u0443\u0442\u044b"},"schema":{"@context":"https:\/\/schema.org","@graph":[{"@type":"WebPage","@id":"https:\/\/megabelzyce.pl\/realizacje\/","url":"https:\/\/megabelzyce.pl\/realizacje\/","name":"\u0420\u0415\u0410\u041b\u0418\u0417\u0410\u0426\u0418\u0418 - Mega Be\u0142\u017cyce","isPartOf":{"@id":"https:\/\/megabelzyce.pl\/#website"},"primaryImageOfPage":{"@id":"https:\/\/megabelzyce.pl\/realizacje\/#primaryimage"},"image":{"@id":"https:\/\/megabelzyce.pl\/realizacje\/#primaryimage"},"thumbnailUrl":"https:\/\/megabelzyce.pl\/wp-content\/uploads\/2023\/09\/how-we-work.png","datePublished":"2022-05-18T21:16:01+00:00","dateModified":"2022-09-04T14:43:28+00:00","breadcrumb":{"@id":"https:\/\/megabelzyce.pl\/realizacje\/#breadcrumb"},"inLanguage":"ru-RU","potentialAction":[{"@type":"ReadAction","target":["https:\/\/megabelzyce.pl\/realizacje\/"]}]},{"@type":"ImageObject","inLanguage":"ru-RU","@id":"https:\/\/megabelzyce.pl\/realizacje\/#primaryimage","url":"https:\/\/megabelzyce.pl\/wp-content\/uploads\/2023\/09\/how-we-work.png","contentUrl":"https:\/\/megabelzyce.pl\/wp-content\/uploads\/2023\/09\/how-we-work.png","width":720,"height":577,"caption":"how-we-work"},{"@type":"BreadcrumbList","@id":"https:\/\/megabelzyce.pl\/realizacje\/#breadcrumb","itemListElement":[{"@type":"ListItem","position":1,"name":"Home","item":"https:\/\/megabelzyce.pl\/ru\/"},{"@type":"ListItem","position":2,"name":"\u0420\u0415\u0410\u041b\u0418\u0417\u0410\u0426\u0418\u0418"}]},{"@type":"WebSite","@id":"https:\/\/megabelzyce.pl\/#website","url":"https:\/\/megabelzyce.pl\/","name":"Mega Be\u0142\u017cyce","description":"Maszyny dla przemys\u0142u spo\u017cywczego","publisher":{"@id":"https:\/\/megabelzyce.pl\/#organization"},"potentialAction":[{"@type":"SearchAction","target":{"@type":"EntryPoint","urlTemplate":"https:\/\/megabelzyce.pl\/?s={search_term_string}"},"query-input":{"@type":"PropertyValueSpecification","valueRequired":true,"valueName":"search_term_string"}}],"inLanguage":"ru-RU"},{"@type":"Organization","@id":"https:\/\/megabelzyce.pl\/#organization","name":"Mega Be\u0142\u017cyce","url":"https:\/\/megabelzyce.pl\/","logo":{"@type":"ImageObject","inLanguage":"ru-RU","@id":"https:\/\/megabelzyce.pl\/#\/schema\/logo\/image\/","url":"https:\/\/megabelzyce.pl\/wp-content\/uploads\/2023\/10\/logo-mega-skos-5.png","contentUrl":"https:\/\/megabelzyce.pl\/wp-content\/uploads\/2023\/10\/logo-mega-skos-5.png","width":181,"height":98,"caption":"Mega Be\u0142\u017cyce"},"image":{"@id":"https:\/\/megabelzyce.pl\/#\/schema\/logo\/image\/"},"sameAs":["https:\/\/www.facebook.com\/MegaBelzyceMaszyny\/?locale=pl_PL","https:\/\/www.linkedin.com\/company\/mega-sp-z-o-o\/"]}]}},"_links":{"self":[{"href":"https:\/\/megabelzyce.pl\/ru\/wp-json\/wp\/v2\/pages\/4117","targetHints":{"allow":["GET"]}}],"collection":[{"href":"https:\/\/megabelzyce.pl\/ru\/wp-json\/wp\/v2\/pages"}],"about":[{"href":"https:\/\/megabelzyce.pl\/ru\/wp-json\/wp\/v2\/types\/page"}],"author":[{"embeddable":true,"href":"https:\/\/megabelzyce.pl\/ru\/wp-json\/wp\/v2\/users\/1"}],"replies":[{"embeddable":true,"href":"https:\/\/megabelzyce.pl\/ru\/wp-json\/wp\/v2\/comments?post=4117"}],"version-history":[{"count":4,"href":"https:\/\/megabelzyce.pl\/ru\/wp-json\/wp\/v2\/pages\/4117\/revisions"}],"predecessor-version":[{"id":4120,"href":"https:\/\/megabelzyce.pl\/ru\/wp-json\/wp\/v2\/pages\/4117\/revisions\/4120"}],"wp:featuredmedia":[{"embeddable":true,"href":"https:\/\/megabelzyce.pl\/ru\/wp-json\/wp\/v2\/media\/5803"}],"wp:attachment":[{"href":"https:\/\/megabelzyce.pl\/ru\/wp-json\/wp\/v2\/media?parent=4117"}],"curies":[{"name":"wp","href":"https:\/\/api.w.org\/{rel}","templated":true}]}}