{"id":4161,"date":"2022-05-19T00:38:24","date_gmt":"2022-05-18T22:38:24","guid":{"rendered":"https:\/\/megabelzyce.pl\/%d0%bd%d0%b0%d1%88%d0%b8-%d1%8d%d0%ba%d1%81%d0%bf%d0%b5%d1%80%d1%82%d1%8b\/"},"modified":"2022-09-04T17:58:02","modified_gmt":"2022-09-04T15:58:02","slug":"%d0%bd%d0%b0%d1%88%d0%b8-%d1%8d%d0%ba%d1%81%d0%bf%d0%b5%d1%80%d1%82%d1%8b","status":"publish","type":"page","link":"https:\/\/megabelzyce.pl\/ru\/%d0%bd%d0%b0%d1%88%d0%b8-%d1%8d%d0%ba%d1%81%d0%bf%d0%b5%d1%80%d1%82%d1%8b\/","title":{"rendered":"\u041d\u0410\u0428\u0418 \u042d\u041a\u0421\u041f\u0415\u0420\u0422\u042b"},"content":{"rendered":"<div class=\"wpb-content-wrapper\">[vc_row fullwidth=&#187;true&#187;][vc_column][mk_padding_divider size=&#187;55&#8243;][vc_row_inner is_fullwidth_content=&#187;false&#187;][vc_column_inner][mk_fancy_title color=&#187;#000000&#8243; size=&#187;36&#8243; force_font_size=&#187;true&#187; size_smallscreen=&#187;36&#8243; size_tablet=&#187;32&#8243; size_phone=&#187;28&#8243; font_weight=&#187;bold&#187; txt_transform=&#187;uppercase&#187; margin_top=&#187;10&#8243; margin_bottom=&#187;10&#8243; font_family=&#187;none&#187; align=&#187;center&#187;]\u041d\u0410\u0428\u0418 \u042d\u041a\u0421\u041f\u0415\u0420\u0422\u042b[\/mk_fancy_title][vc_separator color=&#187;custom&#187; border_width=&#187;5&#8243; el_width=&#187;10&#8243; accent_color=&#187;#e4651e&#187;][vc_column_text align=&#187;center&#187; margin_bottom=&#187;25&#8243; css=&#187;.vc_custom_1653044680802{margin-bottom: 0px !important;}&#187;]\n<p style=\"text-align: center;\">\u041d\u0430\u0448 \u043a\u0430\u043f\u0438\u0442\u0430\u043b \u2013 \u044d\u0442\u043e \u043f\u0440\u0435\u0436\u0434\u0435 \u0432\u0441\u0435\u0433\u043e \u043b\u044e\u0434\u0438, \u043f\u0440\u043e\u0444\u0435\u0441\u0441\u0438\u043e\u043d\u0430\u043b\u044c\u043d\u044b\u0435, \u043f\u0440\u0435\u0434\u0430\u043d\u043d\u044b\u0435 \u0441\u0432\u043e\u0435\u043c\u0443 \u0434\u0435\u043b\u0443, \u043f\u043e\u043b\u043d\u044b\u0435 \u0441\u0442\u0440\u0430\u0441\u0442\u0438, \u0441 \u043e\u043f\u044b\u0442\u043e\u043c \u0438 \u044d\u043d\u0435\u0440\u0433\u0438\u0435\u0439 \u0434\u043b\u044f \u0434\u0435\u0439\u0441\u0442\u0432\u0438\u0439. \u041a\u0440\u0435\u0430\u0442\u0438\u0432\u043d\u044b\u0435 \u0438 \u043e\u0442\u043a\u0440\u044b\u0442\u044b\u0435 \u043a \u043f\u043e\u0442\u0440\u0435\u0431\u043d\u043e\u0441\u0442\u044f\u043c \u043a\u043b\u0438\u0435\u043d\u0442\u043e\u0432!<\/p>\n[\/vc_column_text][mk_image src=&#187;https:\/\/megabelzyce.pl\/wp-content\/uploads\/2022\/05\/eksperci-main.jpg&#187; image_size=&#187;full&#187; align=&#187;center&#187; margin_bottom=&#187;35&#8243;][vc_column_text align=&#187;center&#187; margin_bottom=&#187;25&#8243; css=&#187;.vc_custom_1653044666603{margin-bottom: 0px !important;}&#187;]\n<h3 style=\"text-align: center;\">\u041f\u043e\u0437\u043d\u0430\u043a\u043e\u043c\u044c\u0442\u0435\u0441\u044c \u0441 \u043d\u0435\u043a\u043e\u0442\u043e\u0440\u044b\u043c\u0438 \u044d\u043a\u0441\u043f\u0435\u0440\u0442\u0430\u043c\u0438 MEGA!<\/h3>\n[\/vc_column_text][mk_padding_divider size=&#187;25&#8243; visibility=&#187;hidden-sm&#187;][mk_employees custom_image_size=&#187;true&#187; image_size=&#187;full&#187; grayscale_image=&#187;false&#187; count=&#187;-1&#8243; order=&#187;ASC&#187; orderby=&#187;menu_order&#187; categories=&#187;konstruktor, automatyka, dyrektor-produkcji, eksperci&#187;][\/vc_column_inner][\/vc_row_inner][\/vc_column][\/vc_row][mk_page_section vertical_align=&#187;top&#187; layout_structure=&#187;half_left&#187; bg_image=&#187;https:\/\/megabelzyce.pl\/wp-content\/uploads\/2022\/05\/kontakt-2.jpg&#187; bg_image_portrait=&#187;https:\/\/megabelzyce.pl\/wp-content\/uploads\/2022\/05\/kontakt-2-mobile.jpg&#187; bg_color=&#187;#e4651e&#187; js_vertical_centered=&#187;true&#187; padding_top=&#187;25&#8243; padding_bottom=&#187;25&#8243;][vc_column][mk_padding_divider size=&#187;115&#8243;][mk_fancy_title color=&#187;#ffffff&#187; size=&#187;36&#8243; force_font_size=&#187;true&#187; size_smallscreen=&#187;36&#8243; size_tablet=&#187;32&#8243; size_phone=&#187;28&#8243; font_weight=&#187;bold&#187; txt_transform=&#187;uppercase&#187; margin_top=&#187;10&#8243; margin_bottom=&#187;10&#8243; font_family=&#187;none&#187;]\u0411\u0443\u0434\u0435\u043c \u043d\u0430 \u0441\u0432\u044f\u0437\u0438[\/mk_fancy_title][vc_column_text margin_bottom=&#187;25&#8243; css=&#187;.vc_custom_1652903238606{margin-bottom: 0px !important;}&#187;]<span style=\"color: #ffffff;\">\u0414\u0430\u0432\u0430\u0439\u0442\u0435 \u043f\u043e\u0433\u043e\u0432\u043e\u0440\u0438\u043c. \u0415\u0441\u043b\u0438 \u0412\u044b \u0445\u043e\u0442\u0438\u0442\u0435 \u0437\u0430\u0434\u0430\u0442\u044c \u0432\u043e\u043f\u0440\u043e\u0441 \u0438\u043b\u0438 \u043f\u043e\u043b\u0443\u0447\u0438\u0442\u044c \u0438\u043d\u0444\u043e\u0440\u043c\u0430\u0446\u0438\u044e \u043e\u0442 \u043e\u0434\u043d\u043e\u0433\u043e \u0438\u0437 \u043d\u0430\u0448\u0438\u0445 \u044d\u043a\u0441\u043f\u0435\u0440\u0442\u043e\u0432, \u0441\u0432\u044f\u0436\u0438\u0442\u0435\u0441\u044c \u0441 \u043d\u0430\u043c\u0438.<\/span><\/p>\n<p><span style=\"color: #ffffff;\">\u041c\u044b \u043f\u043e\u0434\u0431\u0435\u0440\u0435\u043c \u0438\u043d\u0434\u0438\u0432\u0438\u0434\u0443\u0430\u043b\u044c\u043d\u044b\u0435 \u0442\u0435\u0445\u043d\u0438\u0447\u0435\u0441\u043a\u0438\u0435 \u043f\u0430\u0440\u0430\u043c\u0435\u0442\u0440\u044b \u0438 \u043f\u0440\u043e\u0438\u0437\u0432\u043e\u0434\u0438\u0442\u0435\u043b\u044c\u043d\u043e\u0441\u0442\u044c \u0443\u0441\u0442\u0440\u043e\u0439\u0441\u0442\u0432\u0430 \u043f\u043e\u0434 \u0412\u0430\u0448\u0438 \u043f\u043e\u0442\u0440\u0435\u0431\u043d\u043e\u0441\u0442\u0438!<\/span>[\/vc_column_text][mk_padding_divider size=&#187;25&#8243;][mk_button dimension=&#187;outline&#187; corner_style=&#187;rounded&#187; size=&#187;medium&#187; url=&#187;https:\/\/megabelzyce.pl\/ru\/%d0%ba%d0%be%d0%bd%d1%82%d0%b0%d0%ba%d1%82\/&#187; margin_top=&#187;25&#8243; margin_bottom=&#187;25&#8243; margin_right=&#187;0&#8243; outline_skin=&#187;light&#187;]\u041a\u041e\u041d\u0422\u0410\u041a\u0422[\/mk_button][mk_padding_divider size=&#187;115&#8243;][\/vc_column][\/mk_page_section]\n<\/div>","protected":false},"excerpt":{"rendered":"<p>[vc_row fullwidth=&#187;true&#187;][vc_column][mk_padding_divider size=&#187;55&#8243;][vc_row_inner is_fullwidth_content=&#187;false&#187;][vc_column_inner][mk_fancy_title color=&#187;#000000&#8243; size=&#187;36&#8243; force_font_size=&#187;true&#187; size_smallscreen=&#187;36&#8243; size_tablet=&#187;32&#8243; size_phone=&#187;28&#8243; font_weight=&#187;bold&#187; txt_transform=&#187;uppercase&#187; margin_top=&#187;10&#8243; margin_bottom=&#187;10&#8243; font_family=&#187;none&#187; align=&#187;center&#187;]\u041d\u0410\u0428\u0418 \u042d\u041a\u0421\u041f\u0415\u0420\u0422\u042b[\/mk_fancy_title][vc_separator color=&#187;custom&#187; border_width=&#187;5&#8243; el_width=&#187;10&#8243; accent_color=&#187;#e4651e&#187;][vc_column_text align=&#187;center&#187; margin_bottom=&#187;25&#8243; css=&#187;.vc_custom_1653044680802{margin-bottom: 0px !important;}&#187;] \u041d\u0430\u0448 \u043a\u0430\u043f\u0438\u0442\u0430\u043b \u2013 \u044d\u0442\u043e \u043f\u0440\u0435\u0436\u0434\u0435 \u0432\u0441\u0435\u0433\u043e \u043b\u044e\u0434\u0438, \u043f\u0440\u043e\u0444\u0435\u0441\u0441\u0438\u043e\u043d\u0430\u043b\u044c\u043d\u044b\u0435, \u043f\u0440\u0435\u0434\u0430\u043d\u043d\u044b\u0435 \u0441\u0432\u043e\u0435\u043c\u0443 \u0434\u0435\u043b\u0443, \u043f\u043e\u043b\u043d\u044b\u0435 \u0441\u0442\u0440\u0430\u0441\u0442\u0438, \u0441 \u043e\u043f\u044b\u0442\u043e\u043c \u0438 \u044d\u043d\u0435\u0440\u0433\u0438\u0435\u0439 \u0434\u043b\u044f \u0434\u0435\u0439\u0441\u0442\u0432\u0438\u0439. \u041a\u0440\u0435\u0430\u0442\u0438\u0432\u043d\u044b\u0435 \u0438 \u043e\u0442\u043a\u0440\u044b\u0442\u044b\u0435 \u043a \u043f\u043e\u0442\u0440\u0435\u0431\u043d\u043e\u0441\u0442\u044f\u043c \u043a\u043b\u0438\u0435\u043d\u0442\u043e\u0432! [\/vc_column_text][mk_image src=&#187;https:\/\/megabelzyce.pl\/wp-content\/uploads\/2022\/05\/eksperci-main.jpg&#187; image_size=&#187;full&#187; align=&#187;center&#187; [&hellip;]<\/p>\n","protected":false},"author":1,"featured_media":6027,"parent":0,"menu_order":0,"comment_status":"closed","ping_status":"closed","template":"","meta":{"_acf_changed":false,"footnotes":""},"class_list":["post-4161","page","type-page","status-publish","has-post-thumbnail","hentry"],"acf":[],"yoast_head":"<!-- This site is optimized with the Yoast SEO plugin v27.5 - https:\/\/yoast.com\/product\/yoast-seo-wordpress\/ -->\n<title>\u041d\u0410\u0428\u0418 \u042d\u041a\u0421\u041f\u0415\u0420\u0422\u042b - Mega Be\u0142\u017cyce<\/title>\n<meta name=\"robots\" content=\"index, follow, max-snippet:-1, max-image-preview:large, max-video-preview:-1\" \/>\n<link rel=\"canonical\" href=\"https:\/\/megabelzyce.pl\/nasi-eksperci\/\" \/>\n<meta property=\"og:locale\" content=\"ru_RU\" \/>\n<meta property=\"og:type\" content=\"article\" \/>\n<meta property=\"og:title\" content=\"\u041d\u0410\u0428\u0418 \u042d\u041a\u0421\u041f\u0415\u0420\u0422\u042b - Mega Be\u0142\u017cyce\" \/>\n<meta property=\"og:description\" content=\"[vc_row fullwidth=&#187;true&#187;][vc_column][mk_padding_divider size=&#187;55&#8243;][vc_row_inner is_fullwidth_content=&#187;false&#187;][vc_column_inner][mk_fancy_title color=&#187;#000000&#8243; size=&#187;36&#8243; force_font_size=&#187;true&#187; size_smallscreen=&#187;36&#8243; size_tablet=&#187;32&#8243; size_phone=&#187;28&#8243; font_weight=&#187;bold&#187; txt_transform=&#187;uppercase&#187; margin_top=&#187;10&#8243; margin_bottom=&#187;10&#8243; font_family=&#187;none&#187; align=&#187;center&#187;]\u041d\u0410\u0428\u0418 \u042d\u041a\u0421\u041f\u0415\u0420\u0422\u042b[\/mk_fancy_title][vc_separator color=&#187;custom&#187; border_width=&#187;5&#8243; el_width=&#187;10&#8243; accent_color=&#187;#e4651e&#187;][vc_column_text align=&#187;center&#187; margin_bottom=&#187;25&#8243; css=&#187;.vc_custom_1653044680802{margin-bottom: 0px !important;}&#187;] \u041d\u0430\u0448 \u043a\u0430\u043f\u0438\u0442\u0430\u043b \u2013 \u044d\u0442\u043e \u043f\u0440\u0435\u0436\u0434\u0435 \u0432\u0441\u0435\u0433\u043e \u043b\u044e\u0434\u0438, \u043f\u0440\u043e\u0444\u0435\u0441\u0441\u0438\u043e\u043d\u0430\u043b\u044c\u043d\u044b\u0435, \u043f\u0440\u0435\u0434\u0430\u043d\u043d\u044b\u0435 \u0441\u0432\u043e\u0435\u043c\u0443 \u0434\u0435\u043b\u0443, \u043f\u043e\u043b\u043d\u044b\u0435 \u0441\u0442\u0440\u0430\u0441\u0442\u0438, \u0441 \u043e\u043f\u044b\u0442\u043e\u043c \u0438 \u044d\u043d\u0435\u0440\u0433\u0438\u0435\u0439 \u0434\u043b\u044f \u0434\u0435\u0439\u0441\u0442\u0432\u0438\u0439. \u041a\u0440\u0435\u0430\u0442\u0438\u0432\u043d\u044b\u0435 \u0438 \u043e\u0442\u043a\u0440\u044b\u0442\u044b\u0435 \u043a \u043f\u043e\u0442\u0440\u0435\u0431\u043d\u043e\u0441\u0442\u044f\u043c \u043a\u043b\u0438\u0435\u043d\u0442\u043e\u0432! [\/vc_column_text][mk_image src=&#187;https:\/\/megabelzyce.pl\/wp-content\/uploads\/2022\/05\/eksperci-main.jpg&#187; image_size=&#187;full&#187; align=&#187;center&#187; [&hellip;]\" \/>\n<meta property=\"og:url\" content=\"https:\/\/megabelzyce.pl\/nasi-eksperci\/\" \/>\n<meta property=\"og:site_name\" content=\"Mega Be\u0142\u017cyce\" \/>\n<meta property=\"article:publisher\" content=\"https:\/\/www.facebook.com\/MegaBelzyceMaszyny\/?locale=pl_PL\" \/>\n<meta property=\"article:modified_time\" content=\"2022-09-04T15:58:02+00:00\" \/>\n<meta name=\"twitter:card\" content=\"summary_large_image\" \/>\n<meta name=\"twitter:label1\" content=\"\u041f\u0440\u0438\u043c\u0435\u0440\u043d\u043e\u0435 \u0432\u0440\u0435\u043c\u044f \u0434\u043b\u044f \u0447\u0442\u0435\u043d\u0438\u044f\" \/>\n\t<meta name=\"twitter:data1\" content=\"1 \u043c\u0438\u043d\u0443\u0442\u0430\" \/>\n<script type=\"application\/ld+json\" class=\"yoast-schema-graph\">{\"@context\":\"https:\\\/\\\/schema.org\",\"@graph\":[{\"@type\":\"WebPage\",\"@id\":\"https:\\\/\\\/megabelzyce.pl\\\/nasi-eksperci\\\/\",\"url\":\"https:\\\/\\\/megabelzyce.pl\\\/nasi-eksperci\\\/\",\"name\":\"\u041d\u0410\u0428\u0418 \u042d\u041a\u0421\u041f\u0415\u0420\u0422\u042b - Mega Be\u0142\u017cyce\",\"isPartOf\":{\"@id\":\"https:\\\/\\\/megabelzyce.pl\\\/#website\"},\"primaryImageOfPage\":{\"@id\":\"https:\\\/\\\/megabelzyce.pl\\\/nasi-eksperci\\\/#primaryimage\"},\"image\":{\"@id\":\"https:\\\/\\\/megabelzyce.pl\\\/nasi-eksperci\\\/#primaryimage\"},\"thumbnailUrl\":\"https:\\\/\\\/megabelzyce.pl\\\/wp-content\\\/uploads\\\/2023\\\/09\\\/our-expert-new-image.png\",\"datePublished\":\"2022-05-18T22:38:24+00:00\",\"dateModified\":\"2022-09-04T15:58:02+00:00\",\"breadcrumb\":{\"@id\":\"https:\\\/\\\/megabelzyce.pl\\\/nasi-eksperci\\\/#breadcrumb\"},\"inLanguage\":\"ru-RU\",\"potentialAction\":[{\"@type\":\"ReadAction\",\"target\":[\"https:\\\/\\\/megabelzyce.pl\\\/nasi-eksperci\\\/\"]}]},{\"@type\":\"ImageObject\",\"inLanguage\":\"ru-RU\",\"@id\":\"https:\\\/\\\/megabelzyce.pl\\\/nasi-eksperci\\\/#primaryimage\",\"url\":\"https:\\\/\\\/megabelzyce.pl\\\/wp-content\\\/uploads\\\/2023\\\/09\\\/our-expert-new-image.png\",\"contentUrl\":\"https:\\\/\\\/megabelzyce.pl\\\/wp-content\\\/uploads\\\/2023\\\/09\\\/our-expert-new-image.png\",\"width\":1170,\"height\":483,\"caption\":\"our-expert-new-image\"},{\"@type\":\"BreadcrumbList\",\"@id\":\"https:\\\/\\\/megabelzyce.pl\\\/nasi-eksperci\\\/#breadcrumb\",\"itemListElement\":[{\"@type\":\"ListItem\",\"position\":1,\"name\":\"Home\",\"item\":\"https:\\\/\\\/megabelzyce.pl\\\/ru\\\/\"},{\"@type\":\"ListItem\",\"position\":2,\"name\":\"\u041d\u0410\u0428\u0418 \u042d\u041a\u0421\u041f\u0415\u0420\u0422\u042b\"}]},{\"@type\":\"WebSite\",\"@id\":\"https:\\\/\\\/megabelzyce.pl\\\/#website\",\"url\":\"https:\\\/\\\/megabelzyce.pl\\\/\",\"name\":\"Mega Be\u0142\u017cyce\",\"description\":\"Maszyny dla przemys\u0142u spo\u017cywczego\",\"publisher\":{\"@id\":\"https:\\\/\\\/megabelzyce.pl\\\/#organization\"},\"potentialAction\":[{\"@type\":\"SearchAction\",\"target\":{\"@type\":\"EntryPoint\",\"urlTemplate\":\"https:\\\/\\\/megabelzyce.pl\\\/?s={search_term_string}\"},\"query-input\":{\"@type\":\"PropertyValueSpecification\",\"valueRequired\":true,\"valueName\":\"search_term_string\"}}],\"inLanguage\":\"ru-RU\"},{\"@type\":\"Organization\",\"@id\":\"https:\\\/\\\/megabelzyce.pl\\\/#organization\",\"name\":\"Mega Be\u0142\u017cyce\",\"url\":\"https:\\\/\\\/megabelzyce.pl\\\/\",\"logo\":{\"@type\":\"ImageObject\",\"inLanguage\":\"ru-RU\",\"@id\":\"https:\\\/\\\/megabelzyce.pl\\\/#\\\/schema\\\/logo\\\/image\\\/\",\"url\":\"https:\\\/\\\/megabelzyce.pl\\\/wp-content\\\/uploads\\\/2023\\\/10\\\/logo-mega-skos-5.png\",\"contentUrl\":\"https:\\\/\\\/megabelzyce.pl\\\/wp-content\\\/uploads\\\/2023\\\/10\\\/logo-mega-skos-5.png\",\"width\":181,\"height\":98,\"caption\":\"Mega Be\u0142\u017cyce\"},\"image\":{\"@id\":\"https:\\\/\\\/megabelzyce.pl\\\/#\\\/schema\\\/logo\\\/image\\\/\"},\"sameAs\":[\"https:\\\/\\\/www.facebook.com\\\/MegaBelzyceMaszyny\\\/?locale=pl_PL\",\"https:\\\/\\\/www.linkedin.com\\\/company\\\/mega-sp-z-o-o\\\/\"]}]}<\/script>\n<!-- \/ Yoast SEO plugin. -->","yoast_head_json":{"title":"\u041d\u0410\u0428\u0418 \u042d\u041a\u0421\u041f\u0415\u0420\u0422\u042b - Mega Be\u0142\u017cyce","robots":{"index":"index","follow":"follow","max-snippet":"max-snippet:-1","max-image-preview":"max-image-preview:large","max-video-preview":"max-video-preview:-1"},"canonical":"https:\/\/megabelzyce.pl\/nasi-eksperci\/","og_locale":"ru_RU","og_type":"article","og_title":"\u041d\u0410\u0428\u0418 \u042d\u041a\u0421\u041f\u0415\u0420\u0422\u042b - Mega Be\u0142\u017cyce","og_description":"[vc_row fullwidth=&#187;true&#187;][vc_column][mk_padding_divider size=&#187;55&#8243;][vc_row_inner is_fullwidth_content=&#187;false&#187;][vc_column_inner][mk_fancy_title color=&#187;#000000&#8243; size=&#187;36&#8243; force_font_size=&#187;true&#187; size_smallscreen=&#187;36&#8243; size_tablet=&#187;32&#8243; size_phone=&#187;28&#8243; font_weight=&#187;bold&#187; txt_transform=&#187;uppercase&#187; margin_top=&#187;10&#8243; margin_bottom=&#187;10&#8243; font_family=&#187;none&#187; align=&#187;center&#187;]\u041d\u0410\u0428\u0418 \u042d\u041a\u0421\u041f\u0415\u0420\u0422\u042b[\/mk_fancy_title][vc_separator color=&#187;custom&#187; border_width=&#187;5&#8243; el_width=&#187;10&#8243; accent_color=&#187;#e4651e&#187;][vc_column_text align=&#187;center&#187; margin_bottom=&#187;25&#8243; css=&#187;.vc_custom_1653044680802{margin-bottom: 0px !important;}&#187;] \u041d\u0430\u0448 \u043a\u0430\u043f\u0438\u0442\u0430\u043b \u2013 \u044d\u0442\u043e \u043f\u0440\u0435\u0436\u0434\u0435 \u0432\u0441\u0435\u0433\u043e \u043b\u044e\u0434\u0438, \u043f\u0440\u043e\u0444\u0435\u0441\u0441\u0438\u043e\u043d\u0430\u043b\u044c\u043d\u044b\u0435, \u043f\u0440\u0435\u0434\u0430\u043d\u043d\u044b\u0435 \u0441\u0432\u043e\u0435\u043c\u0443 \u0434\u0435\u043b\u0443, \u043f\u043e\u043b\u043d\u044b\u0435 \u0441\u0442\u0440\u0430\u0441\u0442\u0438, \u0441 \u043e\u043f\u044b\u0442\u043e\u043c \u0438 \u044d\u043d\u0435\u0440\u0433\u0438\u0435\u0439 \u0434\u043b\u044f \u0434\u0435\u0439\u0441\u0442\u0432\u0438\u0439. \u041a\u0440\u0435\u0430\u0442\u0438\u0432\u043d\u044b\u0435 \u0438 \u043e\u0442\u043a\u0440\u044b\u0442\u044b\u0435 \u043a \u043f\u043e\u0442\u0440\u0435\u0431\u043d\u043e\u0441\u0442\u044f\u043c \u043a\u043b\u0438\u0435\u043d\u0442\u043e\u0432! [\/vc_column_text][mk_image src=&#187;https:\/\/megabelzyce.pl\/wp-content\/uploads\/2022\/05\/eksperci-main.jpg&#187; image_size=&#187;full&#187; align=&#187;center&#187; [&hellip;]","og_url":"https:\/\/megabelzyce.pl\/nasi-eksperci\/","og_site_name":"Mega Be\u0142\u017cyce","article_publisher":"https:\/\/www.facebook.com\/MegaBelzyceMaszyny\/?locale=pl_PL","article_modified_time":"2022-09-04T15:58:02+00:00","twitter_card":"summary_large_image","twitter_misc":{"\u041f\u0440\u0438\u043c\u0435\u0440\u043d\u043e\u0435 \u0432\u0440\u0435\u043c\u044f \u0434\u043b\u044f \u0447\u0442\u0435\u043d\u0438\u044f":"1 \u043c\u0438\u043d\u0443\u0442\u0430"},"schema":{"@context":"https:\/\/schema.org","@graph":[{"@type":"WebPage","@id":"https:\/\/megabelzyce.pl\/nasi-eksperci\/","url":"https:\/\/megabelzyce.pl\/nasi-eksperci\/","name":"\u041d\u0410\u0428\u0418 \u042d\u041a\u0421\u041f\u0415\u0420\u0422\u042b - Mega Be\u0142\u017cyce","isPartOf":{"@id":"https:\/\/megabelzyce.pl\/#website"},"primaryImageOfPage":{"@id":"https:\/\/megabelzyce.pl\/nasi-eksperci\/#primaryimage"},"image":{"@id":"https:\/\/megabelzyce.pl\/nasi-eksperci\/#primaryimage"},"thumbnailUrl":"https:\/\/megabelzyce.pl\/wp-content\/uploads\/2023\/09\/our-expert-new-image.png","datePublished":"2022-05-18T22:38:24+00:00","dateModified":"2022-09-04T15:58:02+00:00","breadcrumb":{"@id":"https:\/\/megabelzyce.pl\/nasi-eksperci\/#breadcrumb"},"inLanguage":"ru-RU","potentialAction":[{"@type":"ReadAction","target":["https:\/\/megabelzyce.pl\/nasi-eksperci\/"]}]},{"@type":"ImageObject","inLanguage":"ru-RU","@id":"https:\/\/megabelzyce.pl\/nasi-eksperci\/#primaryimage","url":"https:\/\/megabelzyce.pl\/wp-content\/uploads\/2023\/09\/our-expert-new-image.png","contentUrl":"https:\/\/megabelzyce.pl\/wp-content\/uploads\/2023\/09\/our-expert-new-image.png","width":1170,"height":483,"caption":"our-expert-new-image"},{"@type":"BreadcrumbList","@id":"https:\/\/megabelzyce.pl\/nasi-eksperci\/#breadcrumb","itemListElement":[{"@type":"ListItem","position":1,"name":"Home","item":"https:\/\/megabelzyce.pl\/ru\/"},{"@type":"ListItem","position":2,"name":"\u041d\u0410\u0428\u0418 \u042d\u041a\u0421\u041f\u0415\u0420\u0422\u042b"}]},{"@type":"WebSite","@id":"https:\/\/megabelzyce.pl\/#website","url":"https:\/\/megabelzyce.pl\/","name":"Mega Be\u0142\u017cyce","description":"Maszyny dla przemys\u0142u spo\u017cywczego","publisher":{"@id":"https:\/\/megabelzyce.pl\/#organization"},"potentialAction":[{"@type":"SearchAction","target":{"@type":"EntryPoint","urlTemplate":"https:\/\/megabelzyce.pl\/?s={search_term_string}"},"query-input":{"@type":"PropertyValueSpecification","valueRequired":true,"valueName":"search_term_string"}}],"inLanguage":"ru-RU"},{"@type":"Organization","@id":"https:\/\/megabelzyce.pl\/#organization","name":"Mega Be\u0142\u017cyce","url":"https:\/\/megabelzyce.pl\/","logo":{"@type":"ImageObject","inLanguage":"ru-RU","@id":"https:\/\/megabelzyce.pl\/#\/schema\/logo\/image\/","url":"https:\/\/megabelzyce.pl\/wp-content\/uploads\/2023\/10\/logo-mega-skos-5.png","contentUrl":"https:\/\/megabelzyce.pl\/wp-content\/uploads\/2023\/10\/logo-mega-skos-5.png","width":181,"height":98,"caption":"Mega Be\u0142\u017cyce"},"image":{"@id":"https:\/\/megabelzyce.pl\/#\/schema\/logo\/image\/"},"sameAs":["https:\/\/www.facebook.com\/MegaBelzyceMaszyny\/?locale=pl_PL","https:\/\/www.linkedin.com\/company\/mega-sp-z-o-o\/"]}]}},"_links":{"self":[{"href":"https:\/\/megabelzyce.pl\/ru\/wp-json\/wp\/v2\/pages\/4161","targetHints":{"allow":["GET"]}}],"collection":[{"href":"https:\/\/megabelzyce.pl\/ru\/wp-json\/wp\/v2\/pages"}],"about":[{"href":"https:\/\/megabelzyce.pl\/ru\/wp-json\/wp\/v2\/types\/page"}],"author":[{"embeddable":true,"href":"https:\/\/megabelzyce.pl\/ru\/wp-json\/wp\/v2\/users\/1"}],"replies":[{"embeddable":true,"href":"https:\/\/megabelzyce.pl\/ru\/wp-json\/wp\/v2\/comments?post=4161"}],"version-history":[{"count":3,"href":"https:\/\/megabelzyce.pl\/ru\/wp-json\/wp\/v2\/pages\/4161\/revisions"}],"predecessor-version":[{"id":4169,"href":"https:\/\/megabelzyce.pl\/ru\/wp-json\/wp\/v2\/pages\/4161\/revisions\/4169"}],"wp:featuredmedia":[{"embeddable":true,"href":"https:\/\/megabelzyce.pl\/ru\/wp-json\/wp\/v2\/media\/6027"}],"wp:attachment":[{"href":"https:\/\/megabelzyce.pl\/ru\/wp-json\/wp\/v2\/media?parent=4161"}],"curies":[{"name":"wp","href":"https:\/\/api.w.org\/{rel}","templated":true}]}}